{"id":121356,"date":"2024-12-07T00:00:00","date_gmt":"2024-12-07T05:00:00","guid":{"rendered":"https:\/\/gpl-love.com\/es\/producto\/themify-responz-wordpress-theme\/"},"modified":"2026-04-10T11:28:17","modified_gmt":"2026-04-10T16:28:17","slug":"themify-responz-wordpress-theme","status":"publish","type":"product","link":"https:\/\/gpl-love.com\/es\/producto\/themify-responz-wordpress-theme\/","title":{"rendered":"Themify Responz Theme 7.5.7"},"content":{"rendered":"<h3>Themify Responz Theme Caracteristicas<\/h3>\n<p>El tema Themify Responz, un tema de WordPress altamente receptivo, presenta a los usuarios la oportunidad de fabricar sin esfuerzo un sitio web con un aura profesional. Equipado con un constructor de p\u00e1ginas de arrastre y suelto intuitivos, personalizaci\u00f3n y reorganizaci\u00f3n de p\u00e1ginas para adaptarse a las preferencias individuales se convierte en una tarea ventosa. Este tema cuenta con una gran cantidad de dise\u00f1os predise\u00f1ados y esquemas de color para seleccionar, complementado por una variedad de widgets y m\u00f3dulos modificables. Su compatibilidad completa con WooCommerce lo convierte en una opci\u00f3n primaria para aquellos que necesitan una plataforma de comercio electr\u00f3nico. Adem\u00e1s, el tema ofrece optimizaci\u00f3n de motores de b\u00fasqueda y duraciones de carga r\u00e1pida, garantizando un rendimiento \u00f3ptimo en los resultados de los motores de b\u00fasqueda y una experiencia de usuario ininterrumpida. En resumen, el tema de la respuesta Themify ofrece una elecci\u00f3n excepcional para las personas que se esfuerzan por construir un sitio web sofisticado y contempor\u00e1neo.<\/p>\n<ul>\n<li>Un tema de WordPress totalmente receptivo dise\u00f1ado para sitios web modernos<\/li>\n<li>Construido con las \u00faltimas tecnolog\u00edas web, incluidas HTML5, CSS3 y JQuery<\/li>\n<li>Dise\u00f1os personalizables de encabezado y pie de p\u00e1gina para crear un aspecto \u00fanico para su sitio web<\/li>\n<li>M\u00faltiples dise\u00f1os de p\u00e1gina de inicio para elegir, incluido un dise\u00f1o de estilo de revista y un dise\u00f1o de una p\u00e1gina<\/li>\n<li>Integrado con Themify Builder, un constructor de p\u00e1ginas de arrastrar y soltar con m\u00e1s de 60 m\u00f3dulos preconstruidos<\/li>\n<li>Incluye varios formatos de publicaci\u00f3n, como galer\u00eda, video y audio, para mostrar su contenido de diferentes maneras<\/li>\n<li>SEO optimizado para ayudar a su sitio web a clasificar m\u00e1s alto en las p\u00e1ginas de resultados de los motores de b\u00fasqueda<\/li>\n<li>Widgets personalizados, incluidos los \u00edconos de las redes sociales y un widget de la galer\u00eda de Flickr, para mejorar la funcionalidad de su sitio web<\/li>\n<li>Compatible con complementos populares de WordPress, como WooCommerce para comercio electr\u00f3nico y Formulario de contacto 7 para formularios de contacto<\/li>\n<li>Opciones de color ilimitadas y opciones de fuentes para que coincidan con la marca y el estilo de su sitio web.<\/li>\n<\/ul>\n","protected":false},"excerpt":{"rendered":"<p>El tema Themify Responz es un tema de WordPress excepcionalmente innovador y de vanguardia, elaborado con expertos con el prop\u00f3sito de atender las necesidades de los bloggers y editores en l\u00ednea. Con sus opciones de personalizaci\u00f3n f\u00e1cil de usar y su dise\u00f1o elegante y contempor\u00e1neo, Responz facilita sin esfuerzo la creaci\u00f3n de un blog o sitio web de noticias visualmente impresionante y altamente funcional. Adem\u00e1s, este tema es totalmente receptivo y cuenta con una apariencia impecable en todos los dispositivos, lo que garantiza a los lectores una experiencia de navegaci\u00f3n perfecta y completamente agradable. En particular, Responz est\u00e1 equipado con el revolucionario constructor de p\u00e1ginas de arrastrar y soltar de Themify, lo que permite a los usuarios dise\u00f1ar dise\u00f1os a medida e incorporar caracter\u00edsticas \u00fanicas, todas sin ning\u00fan conocimiento de codificaci\u00f3n previa. En esencia, ya sea que uno busque exhibir su destreza de escritura, su experiencia fotogr\u00e1fica o su cautivador contenido de video, el tema de la respuesta de Themify prevalece como la elecci\u00f3n por excelencia para aquellos que aspiran a comenzar un blog del m\u00e1ximo calibre profesional.<\/p>\n","protected":false},"featured_media":167789,"comment_status":"open","ping_status":"open","template":"","meta":[],"product_brand":[2578],"product_cat":[1267,1237,1238],"product_tag":[1400],"class_list":{"0":"post-121356","1":"product","2":"type-product","3":"status-publish","4":"has-post-thumbnail","6":"product_brand-themify","7":"product_cat-creativo","8":"product_cat-temas","9":"product_cat-wordpress-temas","10":"product_tag-themify","11":"member-discount","12":"discount-restricted","14":"first","15":"instock","16":"sale","17":"downloadable","18":"virtual","19":"sold-individually","20":"purchasable","21":"product-type-simple"},"_links":{"self":[{"href":"https:\/\/gpl-love.com\/es\/wp-json\/wp\/v2\/product\/121356","targetHints":{"allow":["GET"]}}],"collection":[{"href":"https:\/\/gpl-love.com\/es\/wp-json\/wp\/v2\/product"}],"about":[{"href":"https:\/\/gpl-love.com\/es\/wp-json\/wp\/v2\/types\/product"}],"replies":[{"embeddable":true,"href":"https:\/\/gpl-love.com\/es\/wp-json\/wp\/v2\/comments?post=121356"}],"wp:featuredmedia":[{"embeddable":true,"href":"https:\/\/gpl-love.com\/es\/wp-json\/wp\/v2\/media\/167789"}],"wp:attachment":[{"href":"https:\/\/gpl-love.com\/es\/wp-json\/wp\/v2\/media?parent=121356"}],"wp:term":[{"taxonomy":"product_brand","embeddable":true,"href":"https:\/\/gpl-love.com\/es\/wp-json\/wp\/v2\/product_brand?post=121356"},{"taxonomy":"product_cat","embeddable":true,"href":"https:\/\/gpl-love.com\/es\/wp-json\/wp\/v2\/product_cat?post=121356"},{"taxonomy":"product_tag","embeddable":true,"href":"https:\/\/gpl-love.com\/es\/wp-json\/wp\/v2\/product_tag?post=121356"}],"curies":[{"name":"wp","href":"https:\/\/api.w.org\/{rel}","templated":true}]}}