{"id":121354,"date":"2024-12-07T00:00:00","date_gmt":"2024-12-07T05:00:00","guid":{"rendered":"https:\/\/gpl-love.com\/es\/producto\/themify-postline-wordpress-theme\/"},"modified":"2026-04-10T11:28:16","modified_gmt":"2026-04-10T16:28:16","slug":"themify-postline-wordpress-theme","status":"publish","type":"product","link":"https:\/\/gpl-love.com\/es\/producto\/themify-postline-wordpress-theme\/","title":{"rendered":"Themify Postline Theme 7.5.5"},"content":{"rendered":"<h3>Themify Postline Theme Caracteristicas<\/h3>\n<p>El tema de Themify Postline es un tema de WordPress excepcionalmente robusto y potente que tiene como objetivo ayudar y apoyar a los bloggers y creadores de contenido para exhibir y presentar sus publicaciones de una manera incre\u00edblemente imaginativa y est\u00e9ticamente agradable. En virtud de su innovador y revolucionario despu\u00e9s del dise\u00f1o, Postline permite a los usuarios exhibir sus publicaciones en una l\u00ednea de tiempo organizada cronol\u00f3gicamente o una estructura de cuadr\u00edcula organizada din\u00e1micamente, facilitando y simplificando el proceso de navegaci\u00f3n para los visitantes del sitio, ya que examinan y exploran la m\u00e1s actualizada. -Conta contenido y de vanguardia. Adem\u00e1s, este tema est\u00e1 dise\u00f1ado para ser completamente receptivo, asegurando que todas las publicaciones y sus im\u00e1genes acompa\u00f1antes y elementos multimedia puedan exudar e irradiar un aire de magnificencia y esplendor, independientemente del dispositivo espec\u00edfico que se utilice para verlos. Adem\u00e1s, el tema Themify Postline tambi\u00e9n cuenta con una variedad extensa y expansiva de opciones de personalizaci\u00f3n, lo que permite a los usuarios ejercer sus facultades y habilidades creativas y crear una apariencia y ambiente distintivo e incomparable para sus sitios web. Ya sea que un individuo sea un blogger entusiasta y ferviente, un periodista astuto y exigente, o un vendedor de contenido inteligente y astuto, el tema postline de forma inequ\u00edvoca y indudablemente surge como una opci\u00f3n \u00f3ptima y excelente para cualquier persona y todos los que buscan fabricar y construir una huella visual. y cautivador sitio de WordPress.<\/p>\n<ul>\n<li>Dise\u00f1o elegante y moderno: el tema postline cuenta con un dise\u00f1o elegante y contempor\u00e1neo que le dar\u00e1 a su sitio web un aspecto profesional y moderno.<\/li>\n<li>Opciones de dise\u00f1o m\u00faltiples: puede elegir entre una variedad de opciones de dise\u00f1o \u00fanicas y cautivadoras que le permitir\u00e1n mostrar su contenido de una manera atractiva.<\/li>\n<li>El tema m\u00f3vil: el tema es totalmente receptivo, lo que significa que est\u00e1 optimizado para adaptarse a cualquier tama\u00f1o de pantalla, lo que lo hace amigable con el m\u00f3vil.<\/li>\n<li>Personalizaci\u00f3n f\u00e1cil: no necesita tener ninguna habilidad de codificaci\u00f3n para personalizar su sitio web utilizando este tema, ya que viene con una interfaz intuitiva de arrastrar y soltar.<\/li>\n<li>Incluye una variedad de opciones de personalizaci\u00f3n: puede personalizar el dise\u00f1o y la funcionalidad de su sitio web para que coincida con sus necesidades de marca y negocio, incluidas las opciones de fuentes y color, widgets personalizados y m\u00e1s.<\/li>\n<li>SEO-Friendly: el tema est\u00e1 optimizado para los motores de b\u00fasqueda, lo que mejorar\u00e1 la visibilidad de su sitio web en los motores de b\u00fasqueda, como Google.<\/li>\n<li>Formatos de publicaci\u00f3n m\u00faltiples: el tema posterior a la l\u00ednea admite una gama de formatos de publicaci\u00f3n, que incluyen galer\u00eda, video, audio y m\u00e1s, lo que le brinda la flexibilidad de compartir su contenido en varios formatos.<\/li>\n<li>Soporte oportuno: Itmify ofrece soporte oportuno para sus productos, asegurando que tenga acceso a la asistencia cuando la necesite.<\/li>\n<\/ul>\n","protected":false},"excerpt":{"rendered":"<p>El tema de Themify Postline cuenta con una gran cantidad de caracter\u00edsticas que satisfacen las necesidades de blogueros, escritores y creadores de contenido por igual. Su dise\u00f1o de vanguardia y est\u00e9tica contempor\u00e1nea lo convierten en una opci\u00f3n primaria para aquellos que buscan un tema de WordPress visualmente llamativo. Uno de sus atributos destacados es su dise\u00f1o innovador, que presenta sus publicaciones en un formato sofisticado y cautivador de la l\u00ednea de tiempo. Adem\u00e1s, este tema ofrece una variedad de opciones de personalizaci\u00f3n f\u00e1ciles de usar que lo capacitan para adaptarla a su marca o estilo personal espec\u00edfico, asegurando una presencia en l\u00ednea cohesiva y armoniosa. Adem\u00e1s, los desarrolladores han tenido mucho cuidado para garantizar que el tema se adhiera a los \u00faltimos est\u00e1ndares web y est\u00e9 optimizado para la optimizaci\u00f3n de motores de b\u00fasqueda (SEO), garantizando que su contenido no solo se vea impecable, sino que tambi\u00e9n atrae la atenci\u00f3n que merece en el vasto paisaje en l\u00ednea . Ya sea que posee una vasta experiencia en el \u00e1mbito de los blogs o se est\u00e9 embarcando en este viaje por primera vez, el tema Themify Postline es una opci\u00f3n ideal para elaborar un blog impresionante y atractivo que exuda profesionalismo.<\/p>\n","protected":false},"featured_media":167788,"comment_status":"open","ping_status":"open","template":"","meta":[],"product_brand":[2578],"product_cat":[1245,1237,1238],"product_tag":[1400],"class_list":{"0":"post-121354","1":"product","2":"type-product","3":"status-publish","4":"has-post-thumbnail","6":"product_brand-themify","7":"product_cat-blog-revista","8":"product_cat-temas","9":"product_cat-wordpress-temas","10":"product_tag-themify","11":"member-discount","12":"discount-restricted","14":"first","15":"instock","16":"sale","17":"downloadable","18":"virtual","19":"sold-individually","20":"purchasable","21":"product-type-simple"},"_links":{"self":[{"href":"https:\/\/gpl-love.com\/es\/wp-json\/wp\/v2\/product\/121354","targetHints":{"allow":["GET"]}}],"collection":[{"href":"https:\/\/gpl-love.com\/es\/wp-json\/wp\/v2\/product"}],"about":[{"href":"https:\/\/gpl-love.com\/es\/wp-json\/wp\/v2\/types\/product"}],"replies":[{"embeddable":true,"href":"https:\/\/gpl-love.com\/es\/wp-json\/wp\/v2\/comments?post=121354"}],"wp:featuredmedia":[{"embeddable":true,"href":"https:\/\/gpl-love.com\/es\/wp-json\/wp\/v2\/media\/167788"}],"wp:attachment":[{"href":"https:\/\/gpl-love.com\/es\/wp-json\/wp\/v2\/media?parent=121354"}],"wp:term":[{"taxonomy":"product_brand","embeddable":true,"href":"https:\/\/gpl-love.com\/es\/wp-json\/wp\/v2\/product_brand?post=121354"},{"taxonomy":"product_cat","embeddable":true,"href":"https:\/\/gpl-love.com\/es\/wp-json\/wp\/v2\/product_cat?post=121354"},{"taxonomy":"product_tag","embeddable":true,"href":"https:\/\/gpl-love.com\/es\/wp-json\/wp\/v2\/product_tag?post=121354"}],"curies":[{"name":"wp","href":"https:\/\/api.w.org\/{rel}","templated":true}]}}