{"id":121352,"date":"2024-12-07T00:00:00","date_gmt":"2024-12-07T05:00:00","guid":{"rendered":"https:\/\/gpl-love.com\/es\/?post_type=product&#038;p=121352"},"modified":"2026-04-10T11:28:11","modified_gmt":"2026-04-10T16:28:11","slug":"themify-pinshop-woocommerce-theme","status":"publish","type":"product","link":"https:\/\/gpl-love.com\/es\/producto\/themify-pinshop-woocommerce-theme\/","title":{"rendered":"Themify Pinshop Theme 7.5.5"},"content":{"rendered":"<h3>Themify Pinshop Theme Caracteristicas<\/h3>\n<p>El tema Themify PinShop, una creaci\u00f3n excepcional, ha sido meticulosamente dise\u00f1ado con el \u00fanico prop\u00f3sito de elaborar una tienda en l\u00ednea visualmente atractiva y f\u00e1cil de usar. Este incre\u00edble tema cuenta con un constructor intuitivo de arrastre y ca\u00edda, que permite la personalizaci\u00f3n perfecta de las secciones de la p\u00e1gina de inicio, que atiende las preferencias \u00fanicas de cada individuo que buscan establecer su presencia en l\u00ednea. Adem\u00e1s, el tema de PinShop se encuentra la cabeza y los hombros por encima de la competencia debido a su amplia gama de opciones de dise\u00f1o del producto, asegurando la m\u00e1xima flexibilidad y adaptabilidad para adaptarse a las empresas de todas las escalas. Su dise\u00f1o altamente receptivo se adapta impecablemente a cualquier dispositivo, garantizando una experiencia de usuario perfecta en todos los \u00e1mbitos. Adem\u00e1s, el tema de Pinshop ofrece generosamente una gran cantidad de opciones de estilo, transformando efectivamente cualquier tienda en l\u00ednea en una obra maestra deslumbrante. Como si estas caracter\u00edsticas notables no fueran suficientes, este tema tambi\u00e9n facilita gentilmente la personalizaci\u00f3n de los carros de compras, lo que permite una experiencia de compra a medida. Adem\u00e1s, la inclusi\u00f3n de un mecanismo de filtrado de productos asegura que los clientes puedan navegar sin esfuerzo a trav\u00e9s de la amplia gama de ofertas, lo que finalmente conduce a una mayor satisfacci\u00f3n y una mayor ventas. Por \u00faltimo, pero no menos importante, el tema de Pinshop se integra sin esfuerzo con varias plataformas de redes sociales, proporcionando una v\u00eda perfecta para conectarse con los clientes y finalmente impulsar el crecimiento del negocio. En resumen, est\u00e1 inequ\u00edvocamente claro que el tema Themify PinShop representa el ep\u00edtome de la excelencia para las personas que buscan construir una tienda en l\u00ednea contempor\u00e1nea y completamente funcional.<\/p>\n<ul>\n<li>Un tema de comercio electr\u00f3nico receptivo dise\u00f1ado espec\u00edficamente para crear tiendas en l\u00ednea<\/li>\n<li>Construido con el poderoso complemento de WooCommerce, lo que facilita la administraci\u00f3n de su inventario y pedidos<\/li>\n<li>Viene con m\u00faltiples opciones de dise\u00f1o para su p\u00e1gina de inicio y p\u00e1ginas de productos, lo que le permite personalizar el aspecto de su tienda<\/li>\n<li>Incluye una variedad de widgets y c\u00f3digos cortos, lo que facilita agregar funcionalidad y caracter\u00edsticas a su sitio.<\/li>\n<li>Los filtros de productos incorporados permiten a los usuarios encontrar r\u00e1pidamente lo que est\u00e1n buscando<\/li>\n<li>Incluye una funci\u00f3n de lista de deseos opcional, que permite a los clientes guardar productos para m\u00e1s tarde o compartirlos con amigos<\/li>\n<li>Los botones integrados de intercambio de redes sociales facilitan a los clientes promocionar sus productos en sus propios canales sociales<\/li>\n<li>El tema es totalmente personalizable con una potente interfaz de dise\u00f1o de arrastre y saliva, lo que facilita a los usuarios no t\u00e9cnicos crear una tienda en l\u00ednea que refleje su marca y visi\u00f3n.<\/li>\n<li>El tema se actualiza regularmente para garantizar la compatibilidad con las \u00faltimas versiones de WordPress y WooCommerce, brindando tranquilidad y garantizar que su tienda se mantenga actualizada con la \u00faltima seguridad y caracter\u00edsticas<\/li>\n<\/ul>\n","protected":false},"excerpt":{"rendered":"<p>El tema Themify Pinshop es un tema de WordPress de comercio electr\u00f3nico notablemente elegante y altamente receptivo que ha sido dise\u00f1ado espec\u00edficamente para ayudarlo a establecer una tienda en l\u00ednea sofisticada y pulida. En virtud de su p\u00e1gina de inicio adaptable y su dise\u00f1o de producto distintivo, este tema le permite exhibir sin esfuerzo su mercanc\u00eda de manera est\u00e9ticamente cautivadora, aumentando as\u00ed la interacci\u00f3n del usuario y aumentando las ventas. Adem\u00e1s, este tema incorpora perfectamente la integraci\u00f3n de WooCommerce, lo que le brinda la conveniencia de administrar f\u00e1cilmente su tienda en l\u00ednea, al tiempo que garantiza que el proceso de pago se pueda adaptar para cumplir con sus especificaciones \u00fanicas, garantizando as\u00ed una experiencia de compra impecablemente suave y sin problemas para su experiencia para su Clientela estimada. Adem\u00e1s, este tema no solo responde completamente, sino que tambi\u00e9n posee la notable capacidad de adaptarse sin problemas a las pantallas de alta resoluci\u00f3n, prometiendo as\u00ed una experiencia de usuario incomparable en todos los dispositivos.<\/p>\n","protected":false},"featured_media":167782,"comment_status":"open","ping_status":"open","template":"","meta":[],"product_brand":[2578],"product_cat":[1263,1264,1237],"product_tag":[1400],"class_list":{"0":"post-121352","1":"product","2":"type-product","3":"status-publish","4":"has-post-thumbnail","6":"product_brand-themify","7":"product_cat-comercio-electronico-temas","8":"product_cat-negocio","9":"product_cat-temas","10":"product_tag-themify","11":"member-discount","12":"discount-restricted","14":"first","15":"instock","16":"sale","17":"downloadable","18":"virtual","19":"sold-individually","20":"purchasable","21":"product-type-simple"},"_links":{"self":[{"href":"https:\/\/gpl-love.com\/es\/wp-json\/wp\/v2\/product\/121352","targetHints":{"allow":["GET"]}}],"collection":[{"href":"https:\/\/gpl-love.com\/es\/wp-json\/wp\/v2\/product"}],"about":[{"href":"https:\/\/gpl-love.com\/es\/wp-json\/wp\/v2\/types\/product"}],"replies":[{"embeddable":true,"href":"https:\/\/gpl-love.com\/es\/wp-json\/wp\/v2\/comments?post=121352"}],"wp:featuredmedia":[{"embeddable":true,"href":"https:\/\/gpl-love.com\/es\/wp-json\/wp\/v2\/media\/167782"}],"wp:attachment":[{"href":"https:\/\/gpl-love.com\/es\/wp-json\/wp\/v2\/media?parent=121352"}],"wp:term":[{"taxonomy":"product_brand","embeddable":true,"href":"https:\/\/gpl-love.com\/es\/wp-json\/wp\/v2\/product_brand?post=121352"},{"taxonomy":"product_cat","embeddable":true,"href":"https:\/\/gpl-love.com\/es\/wp-json\/wp\/v2\/product_cat?post=121352"},{"taxonomy":"product_tag","embeddable":true,"href":"https:\/\/gpl-love.com\/es\/wp-json\/wp\/v2\/product_tag?post=121352"}],"curies":[{"name":"wp","href":"https:\/\/api.w.org\/{rel}","templated":true}]}}