{"id":121350,"date":"2024-12-07T00:00:00","date_gmt":"2024-12-07T05:00:00","guid":{"rendered":"https:\/\/gpl-love.com\/es\/producto\/themify-pinboard-wordpress-theme\/"},"modified":"2026-04-10T11:28:10","modified_gmt":"2026-04-10T16:28:10","slug":"themify-pinboard-wordpress-theme","status":"publish","type":"product","link":"https:\/\/gpl-love.com\/es\/producto\/themify-pinboard-wordpress-theme\/","title":{"rendered":"Themify Pinboard Theme 7.5.7"},"content":{"rendered":"<h3>Themify Pinboard Theme Caracteristicas<\/h3>\n<p>El tema del Pinboard Themify es un tema de WordPress est\u00e9ticamente cautivador espec\u00edficamente para blogueros y creadores de contenido que anhelan exhibir su trabajo de una manera incomparable y sofisticada. Con un dise\u00f1o distinto que recuerda a Pinterest, Pinboard le otorga la capacidad de presentar sus publicaciones, im\u00e1genes y videos en un formato basado en la red visualmente atractivo y sin esfuerzo. Adem\u00e1s, este tema proporciona una gran cantidad de opciones de personalizaci\u00f3n, lo que le permite adaptar la apariencia y el ambiente de su sitio web para alinearse perfectamente con su estilo individual. Independientemente de si se identifica como fot\u00f3grafo, artista o simplemente como un blogger que busca trascender lo ordinario, el tema del crono sus estimados visitantes.<\/p>\n<ul>\n<li>Dise\u00f1o limpio y moderno con un dise\u00f1o de estilo Pinterest<\/li>\n<li>Compatible con WordPress y Themify Builder<\/li>\n<li>Personalizaci\u00f3n f\u00e1cil con m\u00f3dulos de arrastrar y soltar y varias opciones de dise\u00f1o<\/li>\n<li>Dise\u00f1o receptivo para una visualizaci\u00f3n \u00f3ptima en todos los dispositivos<\/li>\n<li>Botones de redes sociales integrados para compartir f\u00e1cilmente<\/li>\n<li>M\u00faltiples opciones de dise\u00f1o posterior, que incluyen formatos de galer\u00eda, audio y video.<\/li>\n<li>Funcionalidad de b\u00fasqueda avanzada para un descubrimiento de contenido r\u00e1pido y f\u00e1cil<\/li>\n<li>Formulario de contacto incorporado para una comunicaci\u00f3n perfecta con los usuarios<\/li>\n<li>Lista de traducci\u00f3n para una audiencia global<\/li>\n<li>Documentaci\u00f3n integral y apoyo del equipo de Themify.<\/li>\n<\/ul>\n","protected":false},"excerpt":{"rendered":"<p>El tema del pi\u00f1era Themify es un tema de WordPress notablemente bien elaborado que sirve como una herramienta para construir un sitio web visual de pan de placa visual impresionante y cautivador. Al utilizar su funcionalidad inherentemente f\u00e1cil de arrastrar y soltar, puede organizar sin esfuerzo sus publicaciones y exhibirlas de manera visualmente atractiva. Adem\u00e1s, Pinboard cuenta con una variedad de esquemas de color personalizables, varios formatos de publicaci\u00f3n, integraci\u00f3n perfecta con plataformas de redes sociales, as\u00ed como un dise\u00f1o receptivo que se adapta perfectamente a todos los dispositivos. Independientemente de si se identifica como blogger, fot\u00f3grafo o curador, el tema del pi\u00f1al es realmente un activo notable que le permite mostrar su contenido de una manera est\u00e9ticamente agradable que sin duda cautivar\u00e1 y mantendr\u00e1 la atenci\u00f3n de su estimada audiencia.<\/p>\n","protected":false},"featured_media":167781,"comment_status":"open","ping_status":"open","template":"","meta":[],"product_brand":[2578],"product_cat":[1267,1237,1238],"product_tag":[1400],"class_list":{"0":"post-121350","1":"product","2":"type-product","3":"status-publish","4":"has-post-thumbnail","6":"product_brand-themify","7":"product_cat-creativo","8":"product_cat-temas","9":"product_cat-wordpress-temas","10":"product_tag-themify","11":"member-discount","12":"discount-restricted","14":"first","15":"instock","16":"sale","17":"downloadable","18":"virtual","19":"sold-individually","20":"purchasable","21":"product-type-simple"},"_links":{"self":[{"href":"https:\/\/gpl-love.com\/es\/wp-json\/wp\/v2\/product\/121350","targetHints":{"allow":["GET"]}}],"collection":[{"href":"https:\/\/gpl-love.com\/es\/wp-json\/wp\/v2\/product"}],"about":[{"href":"https:\/\/gpl-love.com\/es\/wp-json\/wp\/v2\/types\/product"}],"replies":[{"embeddable":true,"href":"https:\/\/gpl-love.com\/es\/wp-json\/wp\/v2\/comments?post=121350"}],"wp:featuredmedia":[{"embeddable":true,"href":"https:\/\/gpl-love.com\/es\/wp-json\/wp\/v2\/media\/167781"}],"wp:attachment":[{"href":"https:\/\/gpl-love.com\/es\/wp-json\/wp\/v2\/media?parent=121350"}],"wp:term":[{"taxonomy":"product_brand","embeddable":true,"href":"https:\/\/gpl-love.com\/es\/wp-json\/wp\/v2\/product_brand?post=121350"},{"taxonomy":"product_cat","embeddable":true,"href":"https:\/\/gpl-love.com\/es\/wp-json\/wp\/v2\/product_cat?post=121350"},{"taxonomy":"product_tag","embeddable":true,"href":"https:\/\/gpl-love.com\/es\/wp-json\/wp\/v2\/product_tag?post=121350"}],"curies":[{"name":"wp","href":"https:\/\/api.w.org\/{rel}","templated":true}]}}