{"id":121348,"date":"2024-12-07T00:00:00","date_gmt":"2024-12-07T05:00:00","guid":{"rendered":"https:\/\/gpl-love.com\/es\/producto\/themify-phototouch-wordpress-theme\/"},"modified":"2026-04-10T11:28:09","modified_gmt":"2026-04-10T16:28:09","slug":"themify-phototouch-wordpress-theme","status":"publish","type":"product","link":"https:\/\/gpl-love.com\/es\/producto\/themify-phototouch-wordpress-theme\/","title":{"rendered":"Themify Phototouch Theme 7.5.5"},"content":{"rendered":"<h3>Themify Phototouch Theme Caracteristicas<\/h3>\n<p>Themify PhotoTouch Theme, un tema premium de WordPress, ha sido meticulosamente elaborado para fot\u00f3grafos, directores de arte y bloggers que anhelan exhibir sus obras cautivadoras de una manera visualmente fascinante y din\u00e1micamente atractiva. Este tema est\u00e1 equipado con una variedad de caracter\u00edsticas notables, lo que permite la creaci\u00f3n perfecta de un sitio web de grado profesional. Estas caracter\u00edsticas abarcan un dise\u00f1o receptivo que se adapta perfectamente a todos los dispositivos, una amplia selecci\u00f3n de opciones de dise\u00f1o personalizables y soporte innato para formatos de publicaci\u00f3n diversificados. Con la utilizaci\u00f3n de PhotoTouch, los usuarios pueden construir sin esfuerzo galer\u00edas, controles deslizantes y carteras, todos los cuales pueden adaptarse a sus preferencias con filtros e im\u00e1genes personalizables. Adem\u00e1s, este tema abarca un s\u00f3lido constructor de p\u00e1ginas de arrastrar y soltar que faculta a los usuarios dise\u00f1ar dise\u00f1os a medida sin la necesidad de cualquier experiencia de codificaci\u00f3n. Ya sea que sea un fot\u00f3grafo profesional consumado o un aspirante a blogger anhelante de compartir sus obras maestras imaginativas, el tema de PhotOtouch le proporcionar\u00e1 sin duda una soluci\u00f3n intuitiva y potente, facilitando as\u00ed la creaci\u00f3n de una presencia en l\u00ednea resplandeciente que seguramente dejar\u00e1 una marca indeleble.<\/p>\n<ul>\n<li>Dise\u00f1o elegante y moderno adecuado para sitios web de fotograf\u00eda<\/li>\n<li>Totalmente receptivo para ver los dispositivos m\u00f3viles<\/li>\n<li>12 widgets personalizados, incluidos Instagram, Twitter e integraci\u00f3n de Flickr<\/li>\n<li>7 Diferentes dise\u00f1os posteriores para exhibir fotograf\u00eda en varios estilos<\/li>\n<li>Opciones de personalizaci\u00f3n f\u00e1ciles con funcionalidad de arrastrar y soltar<\/li>\n<li>Optimizaci\u00f3n de SEO incorporada para una mejor visibilidad del motor de b\u00fasqueda<\/li>\n<li>Integraci\u00f3n de WooCommerce para facilitar la venta de impresiones o servicios de fotograf\u00eda<\/li>\n<li>Importar de demostraci\u00f3n de un solo clic para una f\u00e1cil configuraci\u00f3n y personalizaci\u00f3n<\/li>\n<li>Actualizaciones de por vida y soporte del equipo Themify.<\/li>\n<\/ul>\n","protected":false},"excerpt":{"rendered":"<p>El tema Themify PhotoTouch es un tema de WordPress exquisitamente dise\u00f1ado, adaptado espec\u00edficamente para satisfacer las necesidades de los fot\u00f3grafos y creativos por igual. Su est\u00e9tica elegante y moderna seguramente cautivar\u00e1 e impresionar\u00e1 a los espectadores. Adem\u00e1s, el tema cuenta con una galer\u00eda de im\u00e1genes de anchura completa visualmente impresionante, lo que le permite exhibir sus creaciones art\u00edsticas de una manera que es hermosa e inequ\u00edvocamente profesional. Adem\u00e1s, el tema ofrece una amplia gama de opciones de personalizaci\u00f3n, lo que le permite crear un sitio web que refleje impecablemente su estilo distintivo y su identidad de marca. Independientemente de si usted es un fot\u00f3grafo independiente, una agencia profesional o un artista creativo, el tema Themify PhotOtouch es una elecci\u00f3n excepcional que sin duda elevar\u00e1 la presentaci\u00f3n de su cartera y le dar\u00e1 vida a su trabajo.<\/p>\n","protected":false},"featured_media":167780,"comment_status":"open","ping_status":"open","template":"","meta":[],"product_brand":[2578],"product_cat":[1267,1237,1238],"product_tag":[1400],"class_list":{"0":"post-121348","1":"product","2":"type-product","3":"status-publish","4":"has-post-thumbnail","6":"product_brand-themify","7":"product_cat-creativo","8":"product_cat-temas","9":"product_cat-wordpress-temas","10":"product_tag-themify","11":"member-discount","12":"discount-restricted","14":"first","15":"instock","16":"sale","17":"downloadable","18":"virtual","19":"sold-individually","20":"purchasable","21":"product-type-simple"},"_links":{"self":[{"href":"https:\/\/gpl-love.com\/es\/wp-json\/wp\/v2\/product\/121348","targetHints":{"allow":["GET"]}}],"collection":[{"href":"https:\/\/gpl-love.com\/es\/wp-json\/wp\/v2\/product"}],"about":[{"href":"https:\/\/gpl-love.com\/es\/wp-json\/wp\/v2\/types\/product"}],"replies":[{"embeddable":true,"href":"https:\/\/gpl-love.com\/es\/wp-json\/wp\/v2\/comments?post=121348"}],"wp:featuredmedia":[{"embeddable":true,"href":"https:\/\/gpl-love.com\/es\/wp-json\/wp\/v2\/media\/167780"}],"wp:attachment":[{"href":"https:\/\/gpl-love.com\/es\/wp-json\/wp\/v2\/media?parent=121348"}],"wp:term":[{"taxonomy":"product_brand","embeddable":true,"href":"https:\/\/gpl-love.com\/es\/wp-json\/wp\/v2\/product_brand?post=121348"},{"taxonomy":"product_cat","embeddable":true,"href":"https:\/\/gpl-love.com\/es\/wp-json\/wp\/v2\/product_cat?post=121348"},{"taxonomy":"product_tag","embeddable":true,"href":"https:\/\/gpl-love.com\/es\/wp-json\/wp\/v2\/product_tag?post=121348"}],"curies":[{"name":"wp","href":"https:\/\/api.w.org\/{rel}","templated":true}]}}