{"id":121346,"date":"2025-11-02T00:00:00","date_gmt":"2025-11-02T05:00:00","guid":{"rendered":"https:\/\/gpl-love.com\/es\/producto\/themify-peak-wordpress-theme\/"},"modified":"2026-04-10T11:28:08","modified_gmt":"2026-04-10T16:28:08","slug":"themify-peak-wordpress-theme","status":"publish","type":"product","link":"https:\/\/gpl-love.com\/es\/producto\/themify-peak-wordpress-theme\/","title":{"rendered":"Themify Peak Theme 7.6.1"},"content":{"rendered":"<h3>Themify Peak Theme Caracteristicas<\/h3>\n<p>El tema de WordPress conocido como Themify Peak posee un dise\u00f1o moderno y limpio, lo que lo hace muy adecuado para personas dedicadas a blogs, fotograf\u00eda y actividades creativas. Proporciona un dise\u00f1o personalizable, que permite a los usuarios crear un sitio web que se alinee perfectamente con sus preferencias de marca y estilo. Adem\u00e1s, el tema ofrece una extensa variedad de caracter\u00edsticas, como un constructor de p\u00e1ginas de arrastrar y soltar, dise\u00f1os de encabezado m\u00faltiples y un pie de p\u00e1gina que se puede personalizar. Adem\u00e1s, Themify Peak se ha optimizado debidamente para la optimizaci\u00f3n de motores de b\u00fasqueda (SEO) y la velocidad, lo que garantiza que el sitio web se pueda descubrir y cargar f\u00e1cilmente r\u00e1pidamente. Para resumir, este tema de Themify es notablemente vers\u00e1til y f\u00e1cil de usar, capaz de mejorar la presencia en l\u00ednea en un grado significativo.<\/p>\n<ul>\n<li>Un tema de WordPress receptivo y moderno dise\u00f1ado para bloggers, empresas y creatividades<\/li>\n<li>Viene con 10 estilos de encabezado diferentes y 9 dise\u00f1os postales diferentes para opciones de dise\u00f1o personalizables<\/li>\n<li>Las caracter\u00edsticas incluyen un men\u00fa pegajoso, \u00edconos de intercambio social, dise\u00f1os de cartera y un constructor de arrastre y drop<\/li>\n<li>Tipograf\u00eda personalizable y opciones de color para marca personalizada<\/li>\n<li>Compatible con complementos populares como WooCommerce, Contact Form 7 y WPML para una funcionalidad adicional<\/li>\n<li>Actualizado regularmente con nuevas funciones y mejoras<\/li>\n<li>Incluye contenido de demostraci\u00f3n para ayudar a los usuarios a comenzar de manera r\u00e1pida y f\u00e1cil.<\/li>\n<li>Construido con SEO en mente, ayudando a mejorar la visibilidad y las clasificaciones del sitio web<\/li>\n<li>Ofrece un excelente soporte y documentaci\u00f3n para los usuarios<\/li>\n<li>Opciones de precios asequibles para uso personal y comercial.<\/li>\n<\/ul>\n","protected":false},"excerpt":{"rendered":"<p>\u00a1Eleve el atractivo est\u00e9tico de su sitio web empleando el asombroso tema de Themify Peak! Estimado por su dise\u00f1o elegante y contempor\u00e1neo, este tema tiene el poder de distinguir su sitio web de la multitud. En particular, su notable atributo radica en su profunda personalizaci\u00f3n, facilitando as\u00ed la creaci\u00f3n de una presencia en l\u00ednea que no tiene paralelo y resuena exclusivamente con la identidad de su marca. Adem\u00e1s, es pertinente mencionar que este tema est\u00e1 meticulosamente dise\u00f1ado con la optimizaci\u00f3n de SEO en su n\u00facleo, allanando el camino para una mejor visibilidad y un rango m\u00e1s alto en varias plataformas de motores de b\u00fasqueda. \u00a1No pierda el tiempo y aproveche esta oportunidad para adquirir el tema Peak Themify y desbloquear el potencial sin explotar de su sitio web!<\/p>\n","protected":false},"featured_media":167779,"comment_status":"open","ping_status":"open","template":"","meta":[],"product_brand":[2578],"product_cat":[1245,1237,1238],"product_tag":[1400],"class_list":{"0":"post-121346","1":"product","2":"type-product","3":"status-publish","4":"has-post-thumbnail","6":"product_brand-themify","7":"product_cat-blog-revista","8":"product_cat-temas","9":"product_cat-wordpress-temas","10":"product_tag-themify","11":"member-discount","12":"discount-restricted","14":"first","15":"instock","16":"sale","17":"downloadable","18":"virtual","19":"sold-individually","20":"purchasable","21":"product-type-simple"},"_links":{"self":[{"href":"https:\/\/gpl-love.com\/es\/wp-json\/wp\/v2\/product\/121346","targetHints":{"allow":["GET"]}}],"collection":[{"href":"https:\/\/gpl-love.com\/es\/wp-json\/wp\/v2\/product"}],"about":[{"href":"https:\/\/gpl-love.com\/es\/wp-json\/wp\/v2\/types\/product"}],"replies":[{"embeddable":true,"href":"https:\/\/gpl-love.com\/es\/wp-json\/wp\/v2\/comments?post=121346"}],"wp:featuredmedia":[{"embeddable":true,"href":"https:\/\/gpl-love.com\/es\/wp-json\/wp\/v2\/media\/167779"}],"wp:attachment":[{"href":"https:\/\/gpl-love.com\/es\/wp-json\/wp\/v2\/media?parent=121346"}],"wp:term":[{"taxonomy":"product_brand","embeddable":true,"href":"https:\/\/gpl-love.com\/es\/wp-json\/wp\/v2\/product_brand?post=121346"},{"taxonomy":"product_cat","embeddable":true,"href":"https:\/\/gpl-love.com\/es\/wp-json\/wp\/v2\/product_cat?post=121346"},{"taxonomy":"product_tag","embeddable":true,"href":"https:\/\/gpl-love.com\/es\/wp-json\/wp\/v2\/product_tag?post=121346"}],"curies":[{"name":"wp","href":"https:\/\/api.w.org\/{rel}","templated":true}]}}