{"id":121344,"date":"2026-03-18T00:00:00","date_gmt":"2026-03-18T05:00:00","guid":{"rendered":"https:\/\/gpl-love.com\/es\/producto\/themify-parallax-wordpress-theme\/"},"modified":"2026-04-10T11:28:08","modified_gmt":"2026-04-10T16:28:08","slug":"themify-parallax-wordpress-theme","status":"publish","type":"product","link":"https:\/\/gpl-love.com\/es\/producto\/themify-parallax-wordpress-theme\/","title":{"rendered":"Themify Parallax Theme 8.0.1"},"content":{"rendered":"<h3>Themify Parallax Theme Caracteristicas<\/h3>\n<p>El tema Themify Parallax es un tema de WordPress muy cautivador y muy receptivo que es extremadamente adecuado para la creaci\u00f3n de sitios web contempor\u00e1neos y cautivadores. En virtud de su efecto de desplazamiento de paralaje pulido, otorga a sus visitantes una experiencia de navegaci\u00f3n sin igual y din\u00e1mica. Ofrece una amplia gama de opciones de personalizaci\u00f3n que le permiten personalizar sin esfuerzo su sitio web de acuerdo con la est\u00e9tica de su marca. Adem\u00e1s, el tema es tremendamente f\u00e1cil de usar, lo que lo convierte en una opci\u00f3n ejemplar tanto para desarrolladores web experimentados como para novatos. Al emplear el tema de paralaje Themify, tiene la capacidad de dise\u00f1ar un sitio web elegante y competente que se garantice que dejar\u00e1 una impresi\u00f3n duradera en su audiencia.<\/p>\n<ul>\n<li>Dise\u00f1o moderno y visualmente impresionante<\/li>\n<li>Caracter\u00edstica de desplazamiento de paralaje personalizable para mayor profundidad y dimensi\u00f3n<\/li>\n<li>Compatibilidad con la plataforma de WordPress<\/li>\n<li>Dise\u00f1o de respuesta m\u00f3vil para una visualizaci\u00f3n \u00f3ptima en todos los dispositivos<\/li>\n<li>Builder de arrastre y ca\u00edda f\u00e1cil de usar para una personalizaci\u00f3n sin esfuerzo<\/li>\n<li>Opciones de dise\u00f1o m\u00faltiples para la m\u00e1xima flexibilidad en el dise\u00f1o<\/li>\n<li>Animaciones y transiciones incorporadas para mayor inter\u00e9s visual<\/li>\n<li>Caracter\u00edsticas integradas de intercambio de redes sociales y comentarios<\/li>\n<li>SEO optimizado para mejorar la clasificaci\u00f3n del motor de b\u00fasqueda<\/li>\n<li>Actualizaciones regulares y atenci\u00f3n al cliente para un rendimiento \u00f3ptimo y experiencia del usuario.<\/li>\n<\/ul>\n","protected":false},"excerpt":{"rendered":"<p>El tema Themify Parallax es un tema de WordPress absolutamente impresionante y verdaderamente innovador que ha sido meticulosamente dise\u00f1ado para crear sin esfuerzo las p\u00e1ginas de paralaje m\u00e1s impresionantes. Este tema extraordinario cuenta con una interfaz de arrastrar y soltar de manera incre\u00edblemente f\u00e1cil de usar e intuitiva, as\u00ed como una gran cantidad de opciones de personalizaci\u00f3n avanzada que le otorga la capacidad de dise\u00f1ar dise\u00f1os excepcionales sin esfuerzo que realmente cautiven a sus estimados visitantes y les impongan tiempo devolver el tiempo. y tiempo de nuevo. Adem\u00e1s, este tema excepcional viene incluido con una amplia gama de plantillas y dise\u00f1os predise\u00f1ados, que son completamente personalizables a sus preferencias y especificaciones precisas. La inclusi\u00f3n de la impresionante funci\u00f3n de desplazamiento de paralaje sirve para imbuir su sitio web con un efecto din\u00e1mico y visualmente cautivador, lo que lo hace a\u00fan m\u00e1s atractivo para los usuarios que visitan su sitio. Adem\u00e1s, es importante tener en cuenta que el tema del paralaje Themify es totalmente receptivo, lo que garantiza que la navegaci\u00f3n perfecta se experimente en todo tipo de dispositivos. Independientemente de si est\u00e1 tratando de crear un blog notable, una cartera impresionante o un sitio web comercial excepcionalmente funcional, este tema est\u00e1 sin duda equipado con una variedad de caracter\u00edsticas vers\u00e1tiles y funcionalidades impresionantes que se garantiza para cumplir y superar su cada expectativa y requisito.<\/p>\n","protected":false},"featured_media":167778,"comment_status":"open","ping_status":"open","template":"","meta":[],"product_brand":[2578],"product_cat":[1245,1237,1238],"product_tag":[1400],"class_list":{"0":"post-121344","1":"product","2":"type-product","3":"status-publish","4":"has-post-thumbnail","6":"product_brand-themify","7":"product_cat-blog-revista","8":"product_cat-temas","9":"product_cat-wordpress-temas","10":"product_tag-themify","11":"member-discount","12":"discount-restricted","14":"first","15":"instock","16":"sale","17":"downloadable","18":"virtual","19":"sold-individually","20":"purchasable","21":"product-type-simple"},"_links":{"self":[{"href":"https:\/\/gpl-love.com\/es\/wp-json\/wp\/v2\/product\/121344","targetHints":{"allow":["GET"]}}],"collection":[{"href":"https:\/\/gpl-love.com\/es\/wp-json\/wp\/v2\/product"}],"about":[{"href":"https:\/\/gpl-love.com\/es\/wp-json\/wp\/v2\/types\/product"}],"replies":[{"embeddable":true,"href":"https:\/\/gpl-love.com\/es\/wp-json\/wp\/v2\/comments?post=121344"}],"wp:featuredmedia":[{"embeddable":true,"href":"https:\/\/gpl-love.com\/es\/wp-json\/wp\/v2\/media\/167778"}],"wp:attachment":[{"href":"https:\/\/gpl-love.com\/es\/wp-json\/wp\/v2\/media?parent=121344"}],"wp:term":[{"taxonomy":"product_brand","embeddable":true,"href":"https:\/\/gpl-love.com\/es\/wp-json\/wp\/v2\/product_brand?post=121344"},{"taxonomy":"product_cat","embeddable":true,"href":"https:\/\/gpl-love.com\/es\/wp-json\/wp\/v2\/product_cat?post=121344"},{"taxonomy":"product_tag","embeddable":true,"href":"https:\/\/gpl-love.com\/es\/wp-json\/wp\/v2\/product_tag?post=121344"}],"curies":[{"name":"wp","href":"https:\/\/api.w.org\/{rel}","templated":true}]}}