{"id":121342,"date":"2024-12-07T00:00:00","date_gmt":"2024-12-07T05:00:00","guid":{"rendered":"https:\/\/gpl-love.com\/es\/producto\/themify-notes-wordpress-theme\/"},"modified":"2026-04-10T11:28:07","modified_gmt":"2026-04-10T16:28:07","slug":"themify-notes-wordpress-theme","status":"publish","type":"product","link":"https:\/\/gpl-love.com\/es\/producto\/themify-notes-wordpress-theme\/","title":{"rendered":"Themify Notes Theme 7.5.5"},"content":{"rendered":"<h3>Themify Notes Theme Caracteristicas<\/h3>\n<p>El tema Themify Notes se erige como un ejemplo de un tema de WordPress que es elegante y vers\u00e1til, atiende espec\u00edficamente a las necesidades de los bloggers, escritores y creadores de contenido. Su dise\u00f1o limpio y minimalista sirve como un tel\u00f3n de fondo cautivador, lo que permite a los usuarios exhibir su contenido de manera visualmente agradable y cautivadora. Adem\u00e1s, este tema ofrece una amplia gama de opciones personalizables, que abarca una gran cantidad de dise\u00f1os predise\u00f1ados, widgets personalizados e integraci\u00f3n perfecta con complementos estimados como WooCommerce y el Formulario de contacto 7. Independientemente de si uno tiene como objetivo establecer un blog personal o un Portafolio profesional, el tema Themify Notes ofrece inal\u00e1mbrico todos los elementos necesarios para garantizar la creaci\u00f3n de un sitio web verdaderamente excepcional.<\/p>\n<ul>\n<li>Dise\u00f1o receptivo para una visualizaci\u00f3n \u00f3ptima en todos los dispositivos<\/li>\n<li>Variedad de formatos de publicaci\u00f3n que incluyen opciones de audio, video y galer\u00eda<\/li>\n<li>Plantillas de publicaci\u00f3n personalizadas para diferentes tipos de contenido<\/li>\n<li>Integraci\u00f3n de las redes sociales para un f\u00e1cil intercambio en todas las plataformas<\/li>\n<li>Optimizaci\u00f3n de motores de b\u00fasqueda incorporado para mejorar las clasificaciones de b\u00fasqueda<\/li>\n<li>Opciones de personalizaci\u00f3n del tema que incluyen esquemas de color y opciones de dise\u00f1o<\/li>\n<li>M\u00faltiples \u00e1reas de widgets para la personalizaci\u00f3n de su barra lateral y pie de p\u00e1gina<\/li>\n<li>Opci\u00f3n para men\u00fas personalizados para una f\u00e1cil navegaci\u00f3n<\/li>\n<li>Traducci\u00f3n lista para usuarios internacionales<\/li>\n<li>Actualizaciones y soporte regulares para la vida del tema<\/li>\n<\/ul>\n","protected":false},"excerpt":{"rendered":"<p>Prep\u00e1rese para la oportunidad de mejorar la calidad de su sitio web con el notable tema Themify Notes. Este tema de WordPress sofisticado y refinado proporciona una variedad de opciones personalizables que le permiten seleccionar un sitio web que represente de manera aut\u00e9ntica y precisa su estimada marca. Utilizando su constructor de arrastre y ca\u00edda f\u00e1cil de usar, posee la capacidad de fabricar p\u00e1ginas y publicaciones visualmente llamativas que cautivan a su p\u00fablico objetivo, lo que los lleva a sumergirse en su plataforma en l\u00ednea. Adem\u00e1s, el dise\u00f1o receptivo garantiza que su sitio web exude la excelencia independientemente del dispositivo en el que se acceda, facilitando as\u00ed la exploraci\u00f3n sin esfuerzo y conveniente de su valioso contenido desde cualquier ubicaci\u00f3n. Independientemente de si usted es un blogger apasionado, un emprendedor ambicioso o un profesional creativo visionario, el tema de Themify Notes se erige como una selecci\u00f3n perfecta para cualquier individuo que busque elevar su presencia digital a alturas sin precedentes.<\/p>\n","protected":false},"featured_media":167777,"comment_status":"open","ping_status":"open","template":"","meta":[],"product_brand":[2578],"product_cat":[1245,1237,1238],"product_tag":[1400],"class_list":{"0":"post-121342","1":"product","2":"type-product","3":"status-publish","4":"has-post-thumbnail","6":"product_brand-themify","7":"product_cat-blog-revista","8":"product_cat-temas","9":"product_cat-wordpress-temas","10":"product_tag-themify","11":"member-discount","12":"discount-restricted","14":"first","15":"instock","16":"sale","17":"downloadable","18":"virtual","19":"sold-individually","20":"purchasable","21":"product-type-simple"},"_links":{"self":[{"href":"https:\/\/gpl-love.com\/es\/wp-json\/wp\/v2\/product\/121342","targetHints":{"allow":["GET"]}}],"collection":[{"href":"https:\/\/gpl-love.com\/es\/wp-json\/wp\/v2\/product"}],"about":[{"href":"https:\/\/gpl-love.com\/es\/wp-json\/wp\/v2\/types\/product"}],"replies":[{"embeddable":true,"href":"https:\/\/gpl-love.com\/es\/wp-json\/wp\/v2\/comments?post=121342"}],"wp:featuredmedia":[{"embeddable":true,"href":"https:\/\/gpl-love.com\/es\/wp-json\/wp\/v2\/media\/167777"}],"wp:attachment":[{"href":"https:\/\/gpl-love.com\/es\/wp-json\/wp\/v2\/media?parent=121342"}],"wp:term":[{"taxonomy":"product_brand","embeddable":true,"href":"https:\/\/gpl-love.com\/es\/wp-json\/wp\/v2\/product_brand?post=121342"},{"taxonomy":"product_cat","embeddable":true,"href":"https:\/\/gpl-love.com\/es\/wp-json\/wp\/v2\/product_cat?post=121342"},{"taxonomy":"product_tag","embeddable":true,"href":"https:\/\/gpl-love.com\/es\/wp-json\/wp\/v2\/product_tag?post=121342"}],"curies":[{"name":"wp","href":"https:\/\/api.w.org\/{rel}","templated":true}]}}