{"id":121340,"date":"2026-03-18T00:00:00","date_gmt":"2026-03-18T05:00:00","guid":{"rendered":"https:\/\/gpl-love.com\/es\/producto\/themify-music-wordpress-theme\/"},"modified":"2026-04-10T11:28:06","modified_gmt":"2026-04-10T16:28:06","slug":"themify-music-wordpress-theme","status":"publish","type":"product","link":"https:\/\/gpl-love.com\/es\/producto\/themify-music-wordpress-theme\/","title":{"rendered":"Themify Music Theme 7.9.9"},"content":{"rendered":"<h3>Themify Music Theme Caracteristicas<\/h3>\n<p>Themify Music Them es un tema de WordPress absolutamente excepcional y excepcional que ha sido dise\u00f1ado de manera experta con un enfoque espec\u00edfico en satisfacer las necesidades de m\u00fasicos, bandas, DJ y todas las personas dentro de la vasta industria de la m\u00fasica. Este notable tema cuenta con una gran cantidad de caracter\u00edsticas muy impresionantes que facilitan sin esfuerzo la creaci\u00f3n de un sitio web incre\u00edblemente cautivador y atractivo, mostrando sin problemas sus extraordinarios talentos musicales y su identidad de marca \u00fanica. Sin lugar a dudas, uno de los aspectos m\u00e1s notables de este tema es su creador de p\u00e1ginas notablemente poderoso y su interfaz de arrastrar y soltar de manera inmensamente f\u00e1cil de usar, que contribuye colectivamente a hacer que el proceso de dise\u00f1o de p\u00e1ginas sea una brisa absoluta, desprovista de complicaciones innecesarias o complicaciones innecesarias obst\u00e1culos que requieren mucho tiempo. Adem\u00e1s, es importante resaltar el hecho de que el tema es completamente personalizable, otorg\u00e1ndole la libertad y la flexibilidad para modificar y adaptar sin esfuerzo sus diversos elementos, como su esquema de color, tipograf\u00eda y dise\u00f1o, asegurando que se alinee sin problemas con sus requisitos espec\u00edficos. y preferencias. Adem\u00e1s, es absolutamente imperativo enfatizar el hecho de que este tema extraordinario se ha optimizado meticulosamente tanto para dispositivos m\u00f3viles como para motores de b\u00fasqueda, lo que garantiza que su sitio web excepcional irradia con una brillantez incomparable y funciona extraordinariamente bien, exudando un nivel de excelencia inigualable en todos los dispositivos y todos los dispositivos y plataformas de motor de b\u00fasqueda. Independientemente de si es un talentoso artista en solitario o una banda notable, es innegable que el tema de la m\u00fasica que sea el ep\u00edtome de la perfecci\u00f3n, lo que lo convierte en la opci\u00f3n ideal e inequ\u00edvoca para cualquiera que anhele establecer un altamente profesional, elegante y est\u00e9ticamente Splente presencia en l\u00ednea que exhibe con orgullo su notable destreza musical y su visi\u00f3n creativa \u00fanica.<\/p>\n<ul>\n<li>Dise\u00f1o receptivo para una visualizaci\u00f3n \u00f3ptima en todos los dispositivos<\/li>\n<li>Dise\u00f1os personalizables de encabezado y pie de p\u00e1gina<\/li>\n<li>Integraci\u00f3n de reproductor de audio con SoundCloud, MixCloud y podcasts<\/li>\n<li>Capacidad para exhibir y vender m\u00fasica y mercanc\u00edas<\/li>\n<li>Dise\u00f1o elegante y moderno con m\u00faltiples opciones de color<\/li>\n<li>Widgets personalizados para mostrar fechas de gira, redes sociales y discograf\u00eda<\/li>\n<li>Soporte para la incrustaci\u00f3n de video de YouTube y Vimeo<\/li>\n<li>Constructor de p\u00e1gina de arrastrar y soltar f\u00e1ciles de usar<\/li>\n<li>Integraci\u00f3n de WooCommerce para f\u00e1ciles de ventas en l\u00ednea<\/li>\n<li>SEO optimizado para mejorar la clasificaci\u00f3n del motor de b\u00fasqueda<\/li>\n<li>Traducci\u00f3n lista para alcance global<\/li>\n<li>Documentaci\u00f3n y apoyo extenso del equipo de Themify.<\/li>\n<\/ul>\n","protected":false},"excerpt":{"rendered":"<p>El tema de la m\u00fasica Themify, un tema de WordPress meticulosamente elaborado y visualmente atractivo, se ha adaptado espec\u00edficamente para satisfacer las necesidades de m\u00fasicos, bandas de m\u00fasica y sellos discogr\u00e1ficos. Su dise\u00f1o impecablemente receptivo y sus opciones de personalizaci\u00f3n altamente adaptables le permiten exhibir y personificar sin esfuerzo su m\u00fasica y marca de una manera innegablemente profesional. Este notable tema cuenta con un constructor de p\u00e1ginas de arrastrar y soltar intuitivo y f\u00e1cil de usar, junto con tipos de publicaciones personalizados para discograf\u00eda, eventos y galer\u00edas de fotos, ofreciendo as\u00ed un nivel de versatilidad incomparable. Adem\u00e1s, est\u00e1 equipado con un panel de opciones de temas formidables, mejorando a\u00fan m\u00e1s su capacidad para personalizar y adaptar sin esfuerzo su presencia en l\u00ednea. Ya sea que aspire a vender su mercanc\u00eda, promocione sus eventos en vivo electrizantes o simplemente muestre su \u00faltima obra, el tema de la m\u00fasica Themify abarca una amplia gama de herramientas y caracter\u00edsticas que sin duda le permitir\u00e1 establecer una huella en l\u00ednea indeleble y hipnatos. carrera musical.<\/p>\n","protected":false},"featured_media":167776,"comment_status":"open","ping_status":"open","template":"","meta":[],"product_brand":[2578],"product_cat":[1267,1237,1238],"product_tag":[1400],"class_list":{"0":"post-121340","1":"product","2":"type-product","3":"status-publish","4":"has-post-thumbnail","6":"product_brand-themify","7":"product_cat-creativo","8":"product_cat-temas","9":"product_cat-wordpress-temas","10":"product_tag-themify","11":"member-discount","12":"discount-restricted","14":"first","15":"instock","16":"sale","17":"downloadable","18":"virtual","19":"sold-individually","20":"purchasable","21":"product-type-simple"},"_links":{"self":[{"href":"https:\/\/gpl-love.com\/es\/wp-json\/wp\/v2\/product\/121340","targetHints":{"allow":["GET"]}}],"collection":[{"href":"https:\/\/gpl-love.com\/es\/wp-json\/wp\/v2\/product"}],"about":[{"href":"https:\/\/gpl-love.com\/es\/wp-json\/wp\/v2\/types\/product"}],"replies":[{"embeddable":true,"href":"https:\/\/gpl-love.com\/es\/wp-json\/wp\/v2\/comments?post=121340"}],"wp:featuredmedia":[{"embeddable":true,"href":"https:\/\/gpl-love.com\/es\/wp-json\/wp\/v2\/media\/167776"}],"wp:attachment":[{"href":"https:\/\/gpl-love.com\/es\/wp-json\/wp\/v2\/media?parent=121340"}],"wp:term":[{"taxonomy":"product_brand","embeddable":true,"href":"https:\/\/gpl-love.com\/es\/wp-json\/wp\/v2\/product_brand?post=121340"},{"taxonomy":"product_cat","embeddable":true,"href":"https:\/\/gpl-love.com\/es\/wp-json\/wp\/v2\/product_cat?post=121340"},{"taxonomy":"product_tag","embeddable":true,"href":"https:\/\/gpl-love.com\/es\/wp-json\/wp\/v2\/product_tag?post=121340"}],"curies":[{"name":"wp","href":"https:\/\/api.w.org\/{rel}","templated":true}]}}