{"id":121338,"date":"2024-12-07T00:00:00","date_gmt":"2024-12-07T05:00:00","guid":{"rendered":"https:\/\/gpl-love.com\/es\/?post_type=product&#038;p=121338"},"modified":"2026-04-10T11:28:05","modified_gmt":"2026-04-10T16:28:05","slug":"themify-minshop-woocommerce-theme","status":"publish","type":"product","link":"https:\/\/gpl-love.com\/es\/producto\/themify-minshop-woocommerce-theme\/","title":{"rendered":"Themify Minshop Theme 7.5.7"},"content":{"rendered":"<h3>Themify Minshop Theme Caracteristicas<\/h3>\n<p>Themify Minshop es un tema de comercio electr\u00f3nico excepcionalmente elegante y de vanguardia que ha sido meticulosamente dise\u00f1ado para satisfacer las necesidades de las tiendas en l\u00ednea. Con su dise\u00f1o sin problemas y notablemente minimalista, facilita sin esfuerzo una navegaci\u00f3n f\u00e1cil y brinda a los usuarios una experiencia de compra incre\u00edblemente f\u00e1cil de usar. La flexibilidad incomparable del tema le permite personalizarlo al contenido de su coraz\u00f3n, otorg\u00e1ndole la libertad de seleccionar entre un amplio gama de esquemas de color cautivadores y opciones de dise\u00f1o, lo que le permite forjar un sitio web verdaderamente distintivo y excepcionalmente pulido. Adem\u00e1s, este tema extraordinario cuenta con una gran cantidad de caracter\u00edsticas, incluido un dise\u00f1o altamente receptivo que se adapta sin esfuerzo a cualquier tama\u00f1o o dispositivo de pantalla, una impresionante multitud de opciones de dise\u00f1o del producto que se puede adaptar sin esfuerzo para cumplir con sus preferencias, un deslizamiento incorporado que agrega sin esfuerzo. Un toque de dinamismo a su sitio web y una integraci\u00f3n perfecta con los complementos de comercio electr\u00f3nico m\u00e1s populares, como WooCommerce, asegurando que su tienda en l\u00ednea est\u00e9 equipada con la m\u00e1xima funcionalidad y eficiencia. En resumen, no hace falta decir que Themify Minshop es una opci\u00f3n absolutamente excepcional para las personas que buscan establecer una tienda en l\u00ednea altamente profesional y sorprendentemente elegante.<\/p>\n<ul>\n<li>Tema de WordPress de comercio electr\u00f3nico elegante y moderno<\/li>\n<li>Filtros incorporados de carrito de Ajax y producto para una f\u00e1cil navegaci\u00f3n<\/li>\n<li>Totalmente personalizable con edici\u00f3n de arrastre y ca\u00edda y dise\u00f1os predise\u00f1ados<\/li>\n<li>Dise\u00f1o receptivo para una visualizaci\u00f3n \u00f3ptima en todos los dispositivos<\/li>\n<li>Incluye compartir las redes sociales integradas y caracter\u00edsticas de zoom de productos<\/li>\n<li>Capacidad para mostrar productos y rese\u00f1as relacionados para una experiencia de compra mejorada<\/li>\n<li>Compatible con complementos de comercio electr\u00f3nico populares como WooCommerce y descargas digitales f\u00e1ciles<\/li>\n<li>SEO optimizado para la m\u00e1xima visibilidad en los motores de b\u00fasqueda<\/li>\n<li>Documentaci\u00f3n y apoyo integrales proporcionados por Themify Team.<\/li>\n<\/ul>\n","protected":false},"excerpt":{"rendered":"<p>El tema Minshop Themify, que ha sido meticulosamente elaborado con el prop\u00f3sito de atender a los escaparates en l\u00ednea, es un tema ejemplar de WordPress que exuda limpieza y modernidad. Acent\u00faa sin esfuerzo sus productos a trav\u00e9s de su dise\u00f1o minimalista y facilita la navegaci\u00f3n perfecta, lo que lo convierte en una opci\u00f3n incre\u00edblemente adecuada para las empresas de todas las dimensiones. Este tema cuenta con una extensa variedad de atributos que abarcan dise\u00f1os de p\u00e1gina de inicio personalizables, funcionalidad de vista r\u00e1pida del producto y un constructor de arrastrar y soltar f\u00e1cil de usar que permite la personalizaci\u00f3n sin esfuerzo. Ya sea que aspira a inaugurar una nueva tienda en l\u00ednea o dar una nueva oportunidad de vida a una existente, el tema de Minshop de Themify surge inequ\u00edvocamente como una selecci\u00f3n absolutamente impecable.<\/p>\n","protected":false},"featured_media":167775,"comment_status":"open","ping_status":"open","template":"","meta":[],"product_brand":[2578],"product_cat":[1263,1264,1237],"product_tag":[1400],"class_list":{"0":"post-121338","1":"product","2":"type-product","3":"status-publish","4":"has-post-thumbnail","6":"product_brand-themify","7":"product_cat-comercio-electronico-temas","8":"product_cat-negocio","9":"product_cat-temas","10":"product_tag-themify","11":"member-discount","12":"discount-restricted","14":"first","15":"instock","16":"sale","17":"downloadable","18":"virtual","19":"sold-individually","20":"purchasable","21":"product-type-simple"},"_links":{"self":[{"href":"https:\/\/gpl-love.com\/es\/wp-json\/wp\/v2\/product\/121338","targetHints":{"allow":["GET"]}}],"collection":[{"href":"https:\/\/gpl-love.com\/es\/wp-json\/wp\/v2\/product"}],"about":[{"href":"https:\/\/gpl-love.com\/es\/wp-json\/wp\/v2\/types\/product"}],"replies":[{"embeddable":true,"href":"https:\/\/gpl-love.com\/es\/wp-json\/wp\/v2\/comments?post=121338"}],"wp:featuredmedia":[{"embeddable":true,"href":"https:\/\/gpl-love.com\/es\/wp-json\/wp\/v2\/media\/167775"}],"wp:attachment":[{"href":"https:\/\/gpl-love.com\/es\/wp-json\/wp\/v2\/media?parent=121338"}],"wp:term":[{"taxonomy":"product_brand","embeddable":true,"href":"https:\/\/gpl-love.com\/es\/wp-json\/wp\/v2\/product_brand?post=121338"},{"taxonomy":"product_cat","embeddable":true,"href":"https:\/\/gpl-love.com\/es\/wp-json\/wp\/v2\/product_cat?post=121338"},{"taxonomy":"product_tag","embeddable":true,"href":"https:\/\/gpl-love.com\/es\/wp-json\/wp\/v2\/product_tag?post=121338"}],"curies":[{"name":"wp","href":"https:\/\/api.w.org\/{rel}","templated":true}]}}