{"id":121336,"date":"2024-12-07T00:00:00","date_gmt":"2024-12-07T05:00:00","guid":{"rendered":"https:\/\/gpl-love.com\/es\/producto\/themify-minblr-wordpress-theme\/"},"modified":"2026-04-10T11:28:04","modified_gmt":"2026-04-10T16:28:04","slug":"themify-minblr-wordpress-theme","status":"publish","type":"product","link":"https:\/\/gpl-love.com\/es\/producto\/themify-minblr-wordpress-theme\/","title":{"rendered":"Themify Minblr Theme 7.5.5"},"content":{"rendered":"<h3>Themify Minblr Theme Caracteristicas<\/h3>\n<p>El tema Themify MinBlr cuenta con una est\u00e9tica exquisitamente agradable y contempor\u00e1nea que est\u00e1 hecha a medida para bloggers y creadores de contenido por igual. Con su dise\u00f1o minimalista, este tema sirve como el ep\u00edtome de la elegancia y la sofisticaci\u00f3n, lo que le permite presentar su contenido de manera pr\u00edstina y organizada sistem\u00e1ticamente. Adem\u00e1s, este tema es totalmente receptivo, garantizando una presentaci\u00f3n impecable en cualquier dispositivo, ya sea un tel\u00e9fono m\u00f3vil o tableta. Adoptar una amplia gama de formatos de publicaci\u00f3n, opciones de intercambio social y widgets personalizables, el tema MinBlr le permite dise\u00f1ar un ambiente distintivo y personalizado para su blog. Adem\u00e1s, su optimizaci\u00f3n de SEO asegura que los motores de b\u00fasqueda tengan su blog en alta estima, impulsando una afluencia de tr\u00e1fico hacia \u00e9l. Como una ventaja adicional, Themify ofrece atenci\u00f3n al cliente ejemplar y actualizaciones regulares, asegurando que su sitio web permanezca perpetuamente actualizado y opera con su m\u00e1ximo potencial.<\/p>\n<ul>\n<li>El tema de Themify MinBlr es un tema de WordPress altamente personalizable y receptivo.<\/li>\n<li>El tema es perfecto para bloggers o creadores de contenido que buscan un dise\u00f1o minimalista \u00fanico.<\/li>\n<li>El tema presenta dise\u00f1os basados \u200b\u200ben la cuadr\u00edcula con un estilo din\u00e1mico de mamposter\u00eda, lo que permite diferentes tama\u00f1os de publicaci\u00f3n y formas.<\/li>\n<li>Themify Minblr incluye una amplia variedad de opciones de personalizaci\u00f3n, que incluyen esquemas de color ilimitados, im\u00e1genes de encabezado personalizadas y opciones de tipograf\u00eda.<\/li>\n<li>Con sus botones de intercambio social incorporados, los lectores pueden compartir f\u00e1cilmente contenido en sus plataformas de redes sociales favoritas.<\/li>\n<li>El tema est\u00e1 optimizado para SEO y velocidad, asegurando que su sitio web se cargue r\u00e1pidamente y se ubique bien en los motores de b\u00fasqueda.<\/li>\n<li>Themify Minblr tambi\u00e9n incluye numerosos widgets personalizados, como publicaciones recientes, enlaces de redes sociales y pancartas de publicidad.<\/li>\n<li>El tema est\u00e1 listo para la traducci\u00f3n, lo que facilita la atenci\u00f3n a una audiencia global.<\/li>\n<li>Themify Minblr viene con una amplia documentaci\u00f3n y soporte, asegurando que los usuarios puedan configurar y personalizar f\u00e1cilmente el tema para satisfacer sus necesidades.<\/li>\n<\/ul>\n","protected":false},"excerpt":{"rendered":"<p>El tema Themify MinBlr sirve como un tema de WordPress minimalista ejemplar, cuidadosamente adaptado para satisfacer las necesidades de los bloggers y creadores de contenido que anhelan un dise\u00f1o de sitio web despejado y est\u00e9ticamente agradable. Con un dise\u00f1o que se adapta perfectamente a varios tama\u00f1os de pantalla, junto con una gran cantidad de opciones de personalizaci\u00f3n sin esfuerzo, este tema faculta a los usuarios elaborar sin esfuerzo un sitio web visualmente cautivador que muestra efectivamente su contenido de manera atractiva. Distinguido por su dise\u00f1o basado en la red meticulosamente elaborado, la tipograf\u00eda cautivadora y los \u00edconos sociales visualmente atractivos, este tema surge como una opci\u00f3n ideal para los bloggers que aspiran a cultivar un aura sofisticada y contempor\u00e1nea para su plataforma en l\u00ednea. Independientemente de si el nicho de uno gira en torno a la moda, la comida o el estilo de vida, el tema de Minblr de Themify es innegablemente una opci\u00f3n superlativa para su pr\u00f3ximo sitio web.<\/p>\n","protected":false},"featured_media":167774,"comment_status":"open","ping_status":"open","template":"","meta":[],"product_brand":[2578],"product_cat":[1245,1237,1238],"product_tag":[1400],"class_list":{"0":"post-121336","1":"product","2":"type-product","3":"status-publish","4":"has-post-thumbnail","6":"product_brand-themify","7":"product_cat-blog-revista","8":"product_cat-temas","9":"product_cat-wordpress-temas","10":"product_tag-themify","11":"member-discount","12":"discount-restricted","14":"first","15":"instock","16":"sale","17":"downloadable","18":"virtual","19":"sold-individually","20":"purchasable","21":"product-type-simple"},"_links":{"self":[{"href":"https:\/\/gpl-love.com\/es\/wp-json\/wp\/v2\/product\/121336","targetHints":{"allow":["GET"]}}],"collection":[{"href":"https:\/\/gpl-love.com\/es\/wp-json\/wp\/v2\/product"}],"about":[{"href":"https:\/\/gpl-love.com\/es\/wp-json\/wp\/v2\/types\/product"}],"replies":[{"embeddable":true,"href":"https:\/\/gpl-love.com\/es\/wp-json\/wp\/v2\/comments?post=121336"}],"wp:featuredmedia":[{"embeddable":true,"href":"https:\/\/gpl-love.com\/es\/wp-json\/wp\/v2\/media\/167774"}],"wp:attachment":[{"href":"https:\/\/gpl-love.com\/es\/wp-json\/wp\/v2\/media?parent=121336"}],"wp:term":[{"taxonomy":"product_brand","embeddable":true,"href":"https:\/\/gpl-love.com\/es\/wp-json\/wp\/v2\/product_brand?post=121336"},{"taxonomy":"product_cat","embeddable":true,"href":"https:\/\/gpl-love.com\/es\/wp-json\/wp\/v2\/product_cat?post=121336"},{"taxonomy":"product_tag","embeddable":true,"href":"https:\/\/gpl-love.com\/es\/wp-json\/wp\/v2\/product_tag?post=121336"}],"curies":[{"name":"wp","href":"https:\/\/api.w.org\/{rel}","templated":true}]}}