{"id":121334,"date":"2024-12-07T00:00:00","date_gmt":"2024-12-07T05:00:00","guid":{"rendered":"https:\/\/gpl-love.com\/es\/producto\/themify-metro-wordpress-theme\/"},"modified":"2026-04-10T11:28:03","modified_gmt":"2026-04-10T16:28:03","slug":"themify-metro-wordpress-theme","status":"publish","type":"product","link":"https:\/\/gpl-love.com\/es\/producto\/themify-metro-wordpress-theme\/","title":{"rendered":"Themify Metro Theme 7.5.8"},"content":{"rendered":"<h3>Themify Metro Theme Caracteristicas<\/h3>\n<p>Con su dise\u00f1o receptivo y moderno, el tema del metro de Themify demuestra ser un tema ejemplar de WordPress adecuado tanto para los sitios web comerciales como para los sitios web personales. Con un estilo plano y minimalista, este tema exuda un aire de sofisticaci\u00f3n con sus l\u00edneas limpias y su sorprendente tipograf\u00eda. Adem\u00e1s, ofrece una gran cantidad de opciones personalizables, lo que le permite adaptar su sitio web al deseo de su coraz\u00f3n. Desde varias posibilidades de dise\u00f1o hasta la opci\u00f3n de seleccionar esquemas de color personalizados y \u00e1reas de widgets flexibles, este tema asegura que tenga un control incomparable sobre la apariencia de su sitio web. Adem\u00e1s de su delicadeza est\u00e9tica, Themify Metro Theme tambi\u00e9n incorpora una gran cantidad de caracter\u00edsticas pr\u00e1cticas. Un control deslizante incorporado, tipos de publicaciones personalizados e integraci\u00f3n de redes sociales perfectas contribuyen a mejorar la funcionalidad de su sitio web. Sin lugar a dudas, con su dise\u00f1o elegante y capacidades potentes, Temify Metro Temo es una opci\u00f3n excepcional para aquellos que buscan establecer una presencia en l\u00ednea profesional y cautivadora.<\/p>\n<ul>\n<li>Dise\u00f1o moderno y elegante con colores audaces y formas geom\u00e9tricas<\/li>\n<li>Dise\u00f1o receptivo para una visualizaci\u00f3n perfecta en todos los dispositivos<\/li>\n<li>Opciones de personalizaci\u00f3n f\u00e1ciles con Builder de arrastrar y soltar<\/li>\n<li>Widgets y c\u00f3digos cortos incorporados para una funcionalidad adicional<\/li>\n<li>Optimizado para motores de b\u00fasqueda con c\u00f3digo limpio y organizado<\/li>\n<li>Compatible con complementos populares de WordPress para caracter\u00edsticas adicionales<\/li>\n<li>Actualizaciones regulares y apoyo dedicado del equipo de Themify<\/li>\n<li>Iconos integrados de redes sociales para f\u00e1cil compartir y promoci\u00f3n<\/li>\n<li>Traducci\u00f3n lista para el alcance de la audiencia global<\/li>\n<li>Importaci\u00f3n de demostraci\u00f3n con un solo clic para replicar f\u00e1cilmente los dise\u00f1os de sitio de demostraci\u00f3n.<\/li>\n<\/ul>\n","protected":false},"excerpt":{"rendered":"<p>El tema del Metro Themify presenta un dise\u00f1o visualmente llamativo y contempor\u00e1neo para sitios web de WordPress, con tipograf\u00eda audaz, l\u00edneas elegantes y un dise\u00f1o din\u00e1mico de baldosas. Su est\u00e9tica impecable lo convierte en una opci\u00f3n ideal para mostrar su contenido con el m\u00e1ximo estilo y sofisticaci\u00f3n. Adem\u00e1s, el tema Metro ofrece opciones de personalizaci\u00f3n sin esfuerzo y un dise\u00f1o receptivo que garantiza que su sitio web parezca impecable en cualquier dispositivo. Eleve la apariencia de su sitio web adoptando el poder transformador del tema del metro Themify.<\/p>\n","protected":false},"featured_media":167773,"comment_status":"open","ping_status":"open","template":"","meta":[],"product_brand":[2578],"product_cat":[1245,1237,1238],"product_tag":[1400],"class_list":{"0":"post-121334","1":"product","2":"type-product","3":"status-publish","4":"has-post-thumbnail","6":"product_brand-themify","7":"product_cat-blog-revista","8":"product_cat-temas","9":"product_cat-wordpress-temas","10":"product_tag-themify","11":"member-discount","12":"discount-restricted","14":"first","15":"instock","16":"sale","17":"downloadable","18":"virtual","19":"sold-individually","20":"purchasable","21":"product-type-simple"},"_links":{"self":[{"href":"https:\/\/gpl-love.com\/es\/wp-json\/wp\/v2\/product\/121334","targetHints":{"allow":["GET"]}}],"collection":[{"href":"https:\/\/gpl-love.com\/es\/wp-json\/wp\/v2\/product"}],"about":[{"href":"https:\/\/gpl-love.com\/es\/wp-json\/wp\/v2\/types\/product"}],"replies":[{"embeddable":true,"href":"https:\/\/gpl-love.com\/es\/wp-json\/wp\/v2\/comments?post=121334"}],"wp:featuredmedia":[{"embeddable":true,"href":"https:\/\/gpl-love.com\/es\/wp-json\/wp\/v2\/media\/167773"}],"wp:attachment":[{"href":"https:\/\/gpl-love.com\/es\/wp-json\/wp\/v2\/media?parent=121334"}],"wp:term":[{"taxonomy":"product_brand","embeddable":true,"href":"https:\/\/gpl-love.com\/es\/wp-json\/wp\/v2\/product_brand?post=121334"},{"taxonomy":"product_cat","embeddable":true,"href":"https:\/\/gpl-love.com\/es\/wp-json\/wp\/v2\/product_cat?post=121334"},{"taxonomy":"product_tag","embeddable":true,"href":"https:\/\/gpl-love.com\/es\/wp-json\/wp\/v2\/product_tag?post=121334"}],"curies":[{"name":"wp","href":"https:\/\/api.w.org\/{rel}","templated":true}]}}