{"id":121332,"date":"2024-12-07T00:00:00","date_gmt":"2024-12-07T05:00:00","guid":{"rendered":"https:\/\/gpl-love.com\/es\/producto\/themify-magazine-wordpress-theme\/"},"modified":"2026-04-10T11:28:02","modified_gmt":"2026-04-10T16:28:02","slug":"themify-magazine-wordpress-theme","status":"publish","type":"product","link":"https:\/\/gpl-love.com\/es\/producto\/themify-magazine-wordpress-theme\/","title":{"rendered":"Themify Magazine Theme 7.5.9"},"content":{"rendered":"<h3>Themify Magazine Theme Caracteristicas<\/h3>\n<p>El tema de la revista Themify se presenta como un tema de WordPress notablemente adaptable que ha sido claramente elaborado con el prop\u00f3sito de atender las necesidades de revistas en l\u00ednea, portales de noticias y sitios web que est\u00e1n llenos de contenido abundante. Este tema no solo cuenta con un dise\u00f1o elegante y contempor\u00e1neo, sino que tambi\u00e9n proporciona una gran cantidad de opciones de dise\u00f1o e integra perfectamente con complementos populares, asegurando as\u00ed una experiencia extremadamente f\u00e1cil de usar tanto para lectores como para editores. Adem\u00e1s, el dise\u00f1o receptivo de este tema sirve para garantizar que el contenido que alberga es accesible sin esfuerzo y legible en cualquier dispositivo dado, mientras que su panel de opciones de tema incorporada facilita la personalizaci\u00f3n de colores, fuentes y otros elementos de dise\u00f1o sin problemas. En virtud del tema de la revista Themify, est\u00e1 dotado de la capacidad de forjar una presencia en l\u00ednea competente y cautivadora para su marca o establecimiento comercial.<\/p>\n<ul>\n<li>Un tema de WordPress moderno y personalizable perfecto para revistas, blogs y sitios web de noticias en l\u00ednea<\/li>\n<li>Dise\u00f1o receptivo y dise\u00f1o amigable para dispositivos m\u00f3viles para una f\u00e1cil visualizaci\u00f3n de todos los dispositivos<\/li>\n<li>M\u00faltiples dise\u00f1os posteriores para elegir, incluidas las opciones de cuadr\u00edcula, lista y l\u00ednea de tiempo<\/li>\n<li>Colores, fuentes y fondos personalizables para reflejar su marca y estilo<\/li>\n<li>Integraci\u00f3n de redes sociales incorporadas y botones para compartir para aumentar el compromiso y el tr\u00e1fico<\/li>\n<li>SEO optimizado con caracter\u00edsticas como metaetiquetas autom\u00e1ticas, integraci\u00f3n de Google Analytics y marcado de esquema<\/li>\n<li>Widgets personalizados como galer\u00edas de im\u00e1genes, formularios de contacto y publicaciones destacadas para una funcionalidad adicional<\/li>\n<li>Importaci\u00f3n de demostraci\u00f3n de un solo clic para que su sitio se ejecute r\u00e1pida y f\u00e1cilmente<\/li>\n<li>Actualizaciones regulares y soporte dedicado del equipo de Themify.<\/li>\n<\/ul>\n","protected":false},"excerpt":{"rendered":"<p>El tema de la revista Themify es un tema de WordPress extremadamente vers\u00e1til y exquisitamente elegante espec\u00edficamente seleccionado para blogs, revistas en l\u00ednea y sitios web de noticias por igual. Con un dise\u00f1o notablemente limpio y incre\u00edblemente moderno, junto con una gran cantidad de opciones de dise\u00f1o personalizables, este tema otorga sin esfuerzo a sus usuarios una experiencia que es inequ\u00edvocamente f\u00e1cil de usar, que atiende simult\u00e1neamente tanto a lectores como a los editores. Entre su mir\u00edada de atributos impresionantes, este tema integra perfectamente m\u00faltiples p\u00e1ginas de inicio y dise\u00f1os de archivo, tipos de publicaciones personalizadas, una herramienta de intercambio social incorporada y una optimizaci\u00f3n impecable para una variedad de dispositivos m\u00f3viles. En consecuencia, ya sea que te encuentres anhelando embarcarse en un emocionante viaje de blogs o se dedica ardientemente a renovar tu publicaci\u00f3n en l\u00ednea existente, el tema de la revista Themify indiscutiblemente ofrece una soluci\u00f3n exquisitamente elegante e inequ\u00edvocamente profesional.<\/p>\n","protected":false},"featured_media":167772,"comment_status":"open","ping_status":"open","template":"","meta":[],"product_brand":[2578],"product_cat":[1245,1237,1238],"product_tag":[1400],"class_list":{"0":"post-121332","1":"product","2":"type-product","3":"status-publish","4":"has-post-thumbnail","6":"product_brand-themify","7":"product_cat-blog-revista","8":"product_cat-temas","9":"product_cat-wordpress-temas","10":"product_tag-themify","11":"member-discount","12":"discount-restricted","14":"first","15":"instock","16":"sale","17":"downloadable","18":"virtual","19":"sold-individually","20":"purchasable","21":"product-type-simple"},"_links":{"self":[{"href":"https:\/\/gpl-love.com\/es\/wp-json\/wp\/v2\/product\/121332","targetHints":{"allow":["GET"]}}],"collection":[{"href":"https:\/\/gpl-love.com\/es\/wp-json\/wp\/v2\/product"}],"about":[{"href":"https:\/\/gpl-love.com\/es\/wp-json\/wp\/v2\/types\/product"}],"replies":[{"embeddable":true,"href":"https:\/\/gpl-love.com\/es\/wp-json\/wp\/v2\/comments?post=121332"}],"wp:featuredmedia":[{"embeddable":true,"href":"https:\/\/gpl-love.com\/es\/wp-json\/wp\/v2\/media\/167772"}],"wp:attachment":[{"href":"https:\/\/gpl-love.com\/es\/wp-json\/wp\/v2\/media?parent=121332"}],"wp:term":[{"taxonomy":"product_brand","embeddable":true,"href":"https:\/\/gpl-love.com\/es\/wp-json\/wp\/v2\/product_brand?post=121332"},{"taxonomy":"product_cat","embeddable":true,"href":"https:\/\/gpl-love.com\/es\/wp-json\/wp\/v2\/product_cat?post=121332"},{"taxonomy":"product_tag","embeddable":true,"href":"https:\/\/gpl-love.com\/es\/wp-json\/wp\/v2\/product_tag?post=121332"}],"curies":[{"name":"wp","href":"https:\/\/api.w.org\/{rel}","templated":true}]}}