{"id":121330,"date":"2025-11-14T00:00:00","date_gmt":"2025-11-14T05:00:00","guid":{"rendered":"https:\/\/gpl-love.com\/es\/producto\/themify-landing-wordpress-theme\/"},"modified":"2026-03-13T17:31:13","modified_gmt":"2026-03-13T22:31:13","slug":"themify-landing-wordpress-theme","status":"publish","type":"product","link":"https:\/\/gpl-love.com\/es\/producto\/themify-landing-wordpress-theme\/","title":{"rendered":"Themify Landing Theme 7.6.5"},"content":{"rendered":"<h3>Themify Landing Theme Caracteristicas<\/h3>\n<p>El tema del aterrizaje Themify, con su excepcional interfaz de potencia y f\u00e1cil de usar, se presenta como una herramienta altamente efectiva para los usuarios de WordPress que buscan moda, p\u00e1ginas de destino visualmente llamativas, p\u00e1ginas de ventas y embudos sin sudar. Este tema cuenta con una variedad de plantillas y m\u00f3dulos predise\u00f1ados, todos los cuales pueden personalizarse sin esfuerzo para alinearse con su identidad de marca y estilo personal. Con su funcionalidad de arrastrar y soltar, puede agregar y reorganizar elementos sin problemas en su p\u00e1gina, ahorr\u00e1ndole cualquier molestia innecesaria. Adem\u00e1s, el tema de Temify Landing se ha optimizado meticulosamente tanto para la velocidad como para el SEO, lo que garantiza el rendimiento \u00f3ptimo del sitio y las altas clasificaciones en varios motores de b\u00fasqueda. Independientemente de si se encuentra en el \u00e1mbito del emprendimiento o el marketing, este tema excepcional es una elecci\u00f3n estelar que sin duda impulsar\u00e1 su sitio web a alturas sin precedentes, lo que le permite expandir su presencia en l\u00ednea, generar una mayor cantidad de clientes potenciales y, en \u00faltima instancia, conducir\u00e1 m\u00e1s ventas.<\/p>\n<ul>\n<li>Dise\u00f1o limpio y moderno perfecto para p\u00e1ginas de destino<\/li>\n<li>Totalmente receptivo y amigable para m\u00f3viles<\/li>\n<li>Viene con opciones de dise\u00f1o predise\u00f1adas para una f\u00e1cil personalizaci\u00f3n<\/li>\n<li>Incluye un constructor de arrastre y ca\u00edda para una f\u00e1cil construcci\u00f3n de p\u00e1ginas<\/li>\n<li>Admite la integraci\u00f3n con complementos populares como el Formulario de contacto 7 y WooCommerce<\/li>\n<li>Herramienta integrada para pruebas A\/B para optimizar el rendimiento de la p\u00e1gina de destino<\/li>\n<li>SEO optimizado para una mejor clasificaci\u00f3n de motores de b\u00fasqueda<\/li>\n<li>Construido sobre los \u00faltimos est\u00e1ndares de codificaci\u00f3n para un mejor rendimiento y seguridad<\/li>\n<li>Actualizado regularmente con nuevas funciones y correcciones de errores<\/li>\n<li>Viene con una amplia documentaci\u00f3n en l\u00ednea y atenci\u00f3n al cliente<\/li>\n<\/ul>\n","protected":false},"excerpt":{"rendered":"<p>El tema de Temify Landing, un tema de WordPress dise\u00f1ado espec\u00edficamente para la creaci\u00f3n de impresionantes p\u00e1ginas de aterrizaje, cuenta con versatilidad y capacidad de respuesta. Su interfaz intuitiva de arrastrar y soltar permite a los usuarios personalizar y dise\u00f1ar sus p\u00e1ginas de destino sin esfuerzo para mostrar efectivamente sus productos o servicios. Adem\u00e1s de esto, el tema ofrece una multitud de plantillas y dise\u00f1os predise\u00f1ados que son totalmente personalizables, lo que brinda a los usuarios la oportunidad de crear p\u00e1ginas de destino que no solo son \u00fanicas sino que tambi\u00e9n exuden profesionalismo. Adem\u00e1s, incorpora varias caracter\u00edsticas, como la optimizaci\u00f3n de SEO, la capacidad de respuesta m\u00f3vil y los tiempos de carga r\u00e1pidas, lo que garantiza que su p\u00e1gina de destino no solo sea visualmente atractiva sino tambi\u00e9n completamente funcional. Ya sea que est\u00e9 en el proceso de construir una p\u00e1gina de destino para su negocio o que busque promover un nuevo producto, el tema Themify Landing sirve como la opci\u00f3n impecable para su sitio web de WordPress.<\/p>\n","protected":false},"featured_media":167771,"comment_status":"open","ping_status":"open","template":"","meta":[],"product_brand":[2578],"product_cat":[1245,1237,1238],"product_tag":[1400],"class_list":{"0":"post-121330","1":"product","2":"type-product","3":"status-publish","4":"has-post-thumbnail","6":"product_brand-themify","7":"product_cat-blog-revista","8":"product_cat-temas","9":"product_cat-wordpress-temas","10":"product_tag-themify","11":"member-discount","12":"discount-restricted","14":"first","15":"instock","16":"sale","17":"downloadable","18":"virtual","19":"sold-individually","20":"purchasable","21":"product-type-simple"},"_links":{"self":[{"href":"https:\/\/gpl-love.com\/es\/wp-json\/wp\/v2\/product\/121330","targetHints":{"allow":["GET"]}}],"collection":[{"href":"https:\/\/gpl-love.com\/es\/wp-json\/wp\/v2\/product"}],"about":[{"href":"https:\/\/gpl-love.com\/es\/wp-json\/wp\/v2\/types\/product"}],"replies":[{"embeddable":true,"href":"https:\/\/gpl-love.com\/es\/wp-json\/wp\/v2\/comments?post=121330"}],"wp:featuredmedia":[{"embeddable":true,"href":"https:\/\/gpl-love.com\/es\/wp-json\/wp\/v2\/media\/167771"}],"wp:attachment":[{"href":"https:\/\/gpl-love.com\/es\/wp-json\/wp\/v2\/media?parent=121330"}],"wp:term":[{"taxonomy":"product_brand","embeddable":true,"href":"https:\/\/gpl-love.com\/es\/wp-json\/wp\/v2\/product_brand?post=121330"},{"taxonomy":"product_cat","embeddable":true,"href":"https:\/\/gpl-love.com\/es\/wp-json\/wp\/v2\/product_cat?post=121330"},{"taxonomy":"product_tag","embeddable":true,"href":"https:\/\/gpl-love.com\/es\/wp-json\/wp\/v2\/product_tag?post=121330"}],"curies":[{"name":"wp","href":"https:\/\/api.w.org\/{rel}","templated":true}]}}