{"id":121328,"date":"2024-12-07T00:00:00","date_gmt":"2024-12-07T05:00:00","guid":{"rendered":"https:\/\/gpl-love.com\/es\/producto\/themify-infinite-wordpress-theme\/"},"modified":"2026-04-10T11:28:01","modified_gmt":"2026-04-10T16:28:01","slug":"themify-infinite-wordpress-theme","status":"publish","type":"product","link":"https:\/\/gpl-love.com\/es\/producto\/themify-infinite-wordpress-theme\/","title":{"rendered":"Themify Infinite Theme 7.5.9"},"content":{"rendered":"<h3>Themify Infinite Theme Caracteristicas<\/h3>\n<p>El tema Infinito Themify se presenta como un tema de WordPress incre\u00edblemente vers\u00e1til y din\u00e1mico que cuenta con una amplia gama de caracter\u00edsticas y opciones de personalizaci\u00f3n. Su dise\u00f1o receptivo garantiza que su sitio web exhiba un atractivo visual ejemplar en cualquier dispositivo, y su creador de p\u00e1ginas de arrastrar y soltar simplifica el proceso de elaboraci\u00f3n de dise\u00f1os y dise\u00f1os distintivos. Adem\u00e1s, Infinite abarca una gran cantidad de plantillas predise\u00f1adas, acompa\u00f1adas de formidables herramientas de personalizaci\u00f3n para permitirle adaptar meticulosamente su sitio web a sus especificaciones y requisitos de marca exactas. Ya sea que se est\u00e9 embarcando en la creaci\u00f3n de un blog, sitio de comercio electr\u00f3nico o sitio web de la compa\u00f1\u00eda, el tema infinito Themify se considera una soluci\u00f3n \u00f3ptima, cortes\u00eda de su excepcional adaptabilidad y su naturaleza f\u00e1cil de usar dise\u00f1ada para abordar todas sus necesidades relacionadas con WordPress.<\/p>\n<ul>\n<li>El dise\u00f1o totalmente receptivo garantiza que su sitio web se vea muy bien en cualquier dispositivo.<\/li>\n<li>Draw and Drop Builder permite una f\u00e1cil personalizaci\u00f3n y creaci\u00f3n de dise\u00f1os de p\u00e1gina \u00fanicos<\/li>\n<li>Numerosos dise\u00f1os y plantillas preconstruidas para elegir para una configuraci\u00f3n r\u00e1pida y f\u00e1cil<\/li>\n<li>Amplia gama de opciones de personalizaci\u00f3n para colores, fuentes, estilos de encabezado y m\u00e1s<\/li>\n<li>Compatibilidad con complementos populares como WooCommerce, Formulario de contacto 7 y Yoast SEO<\/li>\n<li>M\u00faltiples opciones de publicaci\u00f3n y p\u00e1gina que incluyen galer\u00edas, controles deslizantes y carteras<\/li>\n<li>C\u00f3digos cortos de Themify incorporados para una funcionalidad adicional<\/li>\n<li>SEO optimizado para ayudar a su sitio web a clasificarse mejor en los resultados de los motores de b\u00fasqueda<\/li>\n<li>Actualizaciones peri\u00f3dicas y soporte de Themify para garantizar la compatibilidad continua y las mejoras de rendimiento.<\/li>\n<\/ul>\n","protected":false},"excerpt":{"rendered":"<p>El tema Infinite Themify es un tema de WordPress excepcionalmente poderoso y notablemente vers\u00e1til que ha sido dise\u00f1ado por la intenci\u00f3n de producir sitios web visualmente impresionantes y cautivadores sin esfuerzo. Equipado con una funcionalidad de arrastrar y soltar incre\u00edblemente f\u00e1cil de usar y un constructor de p\u00e1ginas ampliamente personalizable, este tema le permite dise\u00f1ar dise\u00f1os \u00fanicos sin esfuerzo y est\u00e9ticamente atractivos que muestran impecablemente la singularidad de su marca. Adem\u00e1s, el dise\u00f1o receptivo del tema garantiza que su sitio web se mostrar\u00e1 sin problemas en todos los dispositivos, mejorando a\u00fan m\u00e1s la experiencia general del usuario. Adem\u00e1s, la extensa biblioteca de plantillas y complementos predise\u00f1ados a su disposici\u00f3n le permite una flexibilidad incomparable, otorg\u00e1ndole la capacidad de adaptar su sitio web a sus especificaciones precisas. Adem\u00e1s, la inclusi\u00f3n de las caracter\u00edsticas de SEO incorporadas en el tema infinito migial contribuye significativamente a la mejora de la visibilidad de su sitio web en la clasificaci\u00f3n de motores de b\u00fasqueda, sirviendo as\u00ed como una herramienta invaluable para que cualquier propietario del sitio web se esfuerza por atraer una mayor cantidad de tr\u00e1fico web y elevar Su presencia en l\u00ednea a nuevas alturas.<\/p>\n","protected":false},"featured_media":167770,"comment_status":"open","ping_status":"open","template":"","meta":[],"product_brand":[2578],"product_cat":[1245,1237,1238],"product_tag":[1400],"class_list":{"0":"post-121328","1":"product","2":"type-product","3":"status-publish","4":"has-post-thumbnail","6":"product_brand-themify","7":"product_cat-blog-revista","8":"product_cat-temas","9":"product_cat-wordpress-temas","10":"product_tag-themify","11":"member-discount","12":"discount-restricted","14":"first","15":"instock","16":"sale","17":"downloadable","18":"virtual","19":"sold-individually","20":"purchasable","21":"product-type-simple"},"_links":{"self":[{"href":"https:\/\/gpl-love.com\/es\/wp-json\/wp\/v2\/product\/121328","targetHints":{"allow":["GET"]}}],"collection":[{"href":"https:\/\/gpl-love.com\/es\/wp-json\/wp\/v2\/product"}],"about":[{"href":"https:\/\/gpl-love.com\/es\/wp-json\/wp\/v2\/types\/product"}],"replies":[{"embeddable":true,"href":"https:\/\/gpl-love.com\/es\/wp-json\/wp\/v2\/comments?post=121328"}],"wp:featuredmedia":[{"embeddable":true,"href":"https:\/\/gpl-love.com\/es\/wp-json\/wp\/v2\/media\/167770"}],"wp:attachment":[{"href":"https:\/\/gpl-love.com\/es\/wp-json\/wp\/v2\/media?parent=121328"}],"wp:term":[{"taxonomy":"product_brand","embeddable":true,"href":"https:\/\/gpl-love.com\/es\/wp-json\/wp\/v2\/product_brand?post=121328"},{"taxonomy":"product_cat","embeddable":true,"href":"https:\/\/gpl-love.com\/es\/wp-json\/wp\/v2\/product_cat?post=121328"},{"taxonomy":"product_tag","embeddable":true,"href":"https:\/\/gpl-love.com\/es\/wp-json\/wp\/v2\/product_tag?post=121328"}],"curies":[{"name":"wp","href":"https:\/\/api.w.org\/{rel}","templated":true}]}}