{"id":121326,"date":"2024-12-10T00:00:00","date_gmt":"2024-12-10T05:00:00","guid":{"rendered":"https:\/\/gpl-love.com\/es\/producto\/themify-grido-wordpress-theme\/"},"modified":"2026-03-13T17:31:11","modified_gmt":"2026-03-13T22:31:11","slug":"themify-grido-wordpress-theme","status":"publish","type":"product","link":"https:\/\/gpl-love.com\/es\/producto\/themify-grido-wordpress-theme\/","title":{"rendered":"Themify Grido Theme 7.5.5"},"content":{"rendered":"<h3>Themify Grido Theme Caracteristicas<\/h3>\n<p>El tema Themify Grido, que es visualmente impresionante y altamente personalizable, ha sido dise\u00f1ado espec\u00edficamente para blogueros, fot\u00f3grafos y otros creadores de contenido en mente. Una de sus caracter\u00edsticas notables es su dise\u00f1o de cuadr\u00edcula receptivo, que se ajusta sin esfuerzo para que se ajuste a cualquier tama\u00f1o de pantalla, asegurando que su valioso contenido pueda verse sin esfuerzo en escritorios, tabletas y dispositivos m\u00f3viles por igual. Adem\u00e1s, el tema ofrece una amplia gama de opciones de personalizaci\u00f3n, incluida una gran cantidad de opciones de color ilimitadas, la capacidad de personalizar la tipograf\u00eda de acuerdo con sus preferencias espec\u00edficas y una variedad de opciones de dise\u00f1o para adaptarse a su visi\u00f3n creativa. Adem\u00e1s de estas caracter\u00edsticas impresionantes, el tema tambi\u00e9n cuenta con una gama de funcionalidades incorporadas, como la integraci\u00f3n de las redes sociales sin problemas, un encabezado totalmente personalizable y un potente constructor de p\u00e1ginas de arrastrar y soltar, todo lo cual le permite artesan\u00eda sin esfuerzo P\u00e1ginas y publicaciones visualmente llamativas en solo minutos. Ya sea que sea un blogger experimentado con a\u00f1os de experiencia en su haber o un novato que se embarca en su viaje de blogs, el tema de Themify Grido es sin duda la opci\u00f3n ideal para las personas que buscan establecer una presencia en l\u00ednea profesional y cautivadora.<\/p>\n<ul>\n<li>Dise\u00f1o elegante y moderno para un aspecto profesional<\/li>\n<li>Dise\u00f1o totalmente receptivo y amigable para m\u00f3viles<\/li>\n<li>Arrastrar y soltar el constructor para una f\u00e1cil personalizaci\u00f3n<\/li>\n<li>Opciones de dise\u00f1o m\u00faltiples para elegir<\/li>\n<li>Integraci\u00f3n con complementos populares como WooCommerce y el Formulario de contacto 7<\/li>\n<li>\u00c1reas personalizables de encabezado y pie de p\u00e1gina<\/li>\n<li>Opciones de color ilimitadas para que coincidan con su marca<\/li>\n<li>SEO optimizado para una mejor visibilidad del motor de b\u00fasqueda<\/li>\n<li>Traducci\u00f3n lista para una audiencia global<\/li>\n<li>Documentaci\u00f3n y apoyo integral del equipo de Themify.<\/li>\n<\/ul>\n","protected":false},"excerpt":{"rendered":"<p>El tema Themify Grido posee un tema de WordPress visualmente cautivador y extremadamente modificable que es ideal para presentar su cartera, blog o sitio web comercial. Con su dise\u00f1o contempor\u00e1neo y basado en la cuadr\u00edcula, as\u00ed como una variedad de opciones de personalizaci\u00f3n f\u00e1cil de usar, puede diferenciar sin esfuerzo su sitio web de otros. El tema Grido demuestra la capacidad de respuesta completa y la amistad m\u00f3vil, acompa\u00f1ada de numerosas plantillas y widgets predise\u00f1ados para facilitar la personalizaci\u00f3n de su sitio. Independientemente de si se identifica como dise\u00f1ador, fot\u00f3grafo o blogger, el tema de Grido Themify constituye inequ\u00edvocamente un instrumento esencial para construir un sitio web que emana profesionalismo y se distingue de sus hom\u00f3logos en el paisaje digital competitivo.<\/p>\n","protected":false},"featured_media":167769,"comment_status":"open","ping_status":"open","template":"","meta":[],"product_brand":[2578],"product_cat":[1245,1237,1238],"product_tag":[1400],"class_list":{"0":"post-121326","1":"product","2":"type-product","3":"status-publish","4":"has-post-thumbnail","6":"product_brand-themify","7":"product_cat-blog-revista","8":"product_cat-temas","9":"product_cat-wordpress-temas","10":"product_tag-themify","11":"member-discount","12":"discount-restricted","14":"first","15":"instock","16":"sale","17":"downloadable","18":"virtual","19":"sold-individually","20":"purchasable","21":"product-type-simple"},"_links":{"self":[{"href":"https:\/\/gpl-love.com\/es\/wp-json\/wp\/v2\/product\/121326","targetHints":{"allow":["GET"]}}],"collection":[{"href":"https:\/\/gpl-love.com\/es\/wp-json\/wp\/v2\/product"}],"about":[{"href":"https:\/\/gpl-love.com\/es\/wp-json\/wp\/v2\/types\/product"}],"replies":[{"embeddable":true,"href":"https:\/\/gpl-love.com\/es\/wp-json\/wp\/v2\/comments?post=121326"}],"wp:featuredmedia":[{"embeddable":true,"href":"https:\/\/gpl-love.com\/es\/wp-json\/wp\/v2\/media\/167769"}],"wp:attachment":[{"href":"https:\/\/gpl-love.com\/es\/wp-json\/wp\/v2\/media?parent=121326"}],"wp:term":[{"taxonomy":"product_brand","embeddable":true,"href":"https:\/\/gpl-love.com\/es\/wp-json\/wp\/v2\/product_brand?post=121326"},{"taxonomy":"product_cat","embeddable":true,"href":"https:\/\/gpl-love.com\/es\/wp-json\/wp\/v2\/product_cat?post=121326"},{"taxonomy":"product_tag","embeddable":true,"href":"https:\/\/gpl-love.com\/es\/wp-json\/wp\/v2\/product_tag?post=121326"}],"curies":[{"name":"wp","href":"https:\/\/api.w.org\/{rel}","templated":true}]}}