{"id":121324,"date":"2024-12-10T00:00:00","date_gmt":"2024-12-10T05:00:00","guid":{"rendered":"https:\/\/gpl-love.com\/es\/producto\/themify-funki-wordpress-theme\/"},"modified":"2026-03-13T17:31:10","modified_gmt":"2026-03-13T22:31:10","slug":"themify-funki-wordpress-theme","status":"publish","type":"product","link":"https:\/\/gpl-love.com\/es\/producto\/themify-funki-wordpress-theme\/","title":{"rendered":"Themify Funki Theme 7.5.5"},"content":{"rendered":"<h3>Themify Funki Theme Caracteristicas<\/h3>\n<p>El tema Funki Themify, un tema de WordPress extremadamente elegante y elegante, posee un encanto innegable, lo que lo hace ideal para aquellos que buscan dise\u00f1ar un sitio web distintivo y contempor\u00e1neo. Con un dise\u00f1o audaz y vivaz, este tema garantiza catapultar su sitio web en el centro de atenci\u00f3n, asegurando que se separe de la multitud. Su repertorio incluye una p\u00e1gina de inicio personalizable repleta de una variedad de posibilidades de dise\u00f1o, as\u00ed como una variedad de m\u00faltiples formatos de publicaci\u00f3n y widgets hechos a medida. Aprovechando el poder del Builder Themify, puede arrastrar y soltar sin esfuerzo varios elementos para construir meticulosamente su sitio, todo el tiempo seguro en el conocimiento de que su dise\u00f1o receptivo garantiza un atractivo visual incomparable en todos los dispositivos concebibles. Ya sea un blog, cartera o sitio web de negocios, tenga la seguridad de que el tema de Funki ser\u00e1 una opci\u00f3n excepcional para cualquier persona con afinidad por los temas vibrantes y din\u00e1micos.<\/p>\n<ul>\n<li>Un tema de WordPress moderno y elegante con un toque divertido y funky<\/li>\n<li>Presenta un esquema de color audaz y vibrante para que su contenido se destaque<\/li>\n<li>Viene con m\u00faltiples dise\u00f1os predise\u00f1ados para una f\u00e1cil personalizaci\u00f3n y flexibilidad<\/li>\n<li>Totalmente receptivo y amigable para los dispositivos m\u00f3viles, asegurando que su sitio web se vea muy bien en todos los dispositivos<\/li>\n<li>Incluye un constructor de arrastre y ca\u00edda de arrastre potente e intuitivo para una f\u00e1cil creaci\u00f3n de p\u00e1ginas<\/li>\n<li>Ofrece una variedad de opciones personalizables, que incluyen fuentes, im\u00e1genes de fondo y m\u00e1s<\/li>\n<li>Dise\u00f1ado para ser amigable con SEO, con c\u00f3digo optimizado y marcado de esquema incorporado<\/li>\n<li>Se integra a la perfecci\u00f3n con complementos populares como WooCommerce y el Formulario de contacto 7<\/li>\n<li>La amplia documentaci\u00f3n y el soporte est\u00e1n disponibles para ayudarlo a aprovechar al m\u00e1ximo su tema<\/li>\n<li>Actualizado regularmente con nuevas caracter\u00edsticas y mejoras para garantizar que se mantenga actualizado y seguro.<\/li>\n<\/ul>\n","protected":false},"excerpt":{"rendered":"<p>El tema Themify Funki, un tema exuberante y audaz de WordPress, ha sido meticulosamente elaborado para individuos imaginativos y agencias digitales con visi\u00f3n de futuro. Su dise\u00f1o cautivador y din\u00e1mico no solo amplifica su genio creativo, sino que tambi\u00e9n proporciona una plataforma ideal para mostrar su impresionante cuerpo de trabajo o cartera. Ofreciendo una gran cantidad de widgets personalizables, soporte de formato post perfecto e integraci\u00f3n perfecta con varias plataformas de redes sociales, este tema facilita sin esfuerzo la promoci\u00f3n y la difusi\u00f3n de su contenido a una audiencia m\u00e1s amplia. Independientemente de si se identifica como un dise\u00f1ador visionario, un fot\u00f3grafo talentoso o un blogger perspicaz, el tema Themify Funki sigue siendo una opci\u00f3n ejemplar para dise\u00f1ar un sitio web atractivo, agradable y visualmente notable.<\/p>\n","protected":false},"featured_media":167768,"comment_status":"open","ping_status":"open","template":"","meta":[],"product_brand":[2578],"product_cat":[1245,1237,1238],"product_tag":[1400],"class_list":{"0":"post-121324","1":"product","2":"type-product","3":"status-publish","4":"has-post-thumbnail","6":"product_brand-themify","7":"product_cat-blog-revista","8":"product_cat-temas","9":"product_cat-wordpress-temas","10":"product_tag-themify","11":"member-discount","12":"discount-restricted","14":"first","15":"instock","16":"sale","17":"downloadable","18":"virtual","19":"sold-individually","20":"purchasable","21":"product-type-simple"},"_links":{"self":[{"href":"https:\/\/gpl-love.com\/es\/wp-json\/wp\/v2\/product\/121324","targetHints":{"allow":["GET"]}}],"collection":[{"href":"https:\/\/gpl-love.com\/es\/wp-json\/wp\/v2\/product"}],"about":[{"href":"https:\/\/gpl-love.com\/es\/wp-json\/wp\/v2\/types\/product"}],"replies":[{"embeddable":true,"href":"https:\/\/gpl-love.com\/es\/wp-json\/wp\/v2\/comments?post=121324"}],"wp:featuredmedia":[{"embeddable":true,"href":"https:\/\/gpl-love.com\/es\/wp-json\/wp\/v2\/media\/167768"}],"wp:attachment":[{"href":"https:\/\/gpl-love.com\/es\/wp-json\/wp\/v2\/media?parent=121324"}],"wp:term":[{"taxonomy":"product_brand","embeddable":true,"href":"https:\/\/gpl-love.com\/es\/wp-json\/wp\/v2\/product_brand?post=121324"},{"taxonomy":"product_cat","embeddable":true,"href":"https:\/\/gpl-love.com\/es\/wp-json\/wp\/v2\/product_cat?post=121324"},{"taxonomy":"product_tag","embeddable":true,"href":"https:\/\/gpl-love.com\/es\/wp-json\/wp\/v2\/product_tag?post=121324"}],"curies":[{"name":"wp","href":"https:\/\/api.w.org\/{rel}","templated":true}]}}