{"id":121322,"date":"2024-12-10T00:00:00","date_gmt":"2024-12-10T05:00:00","guid":{"rendered":"https:\/\/gpl-love.com\/es\/producto\/themify-fullscreen-wordpress-theme\/"},"modified":"2026-03-13T17:31:09","modified_gmt":"2026-03-13T22:31:09","slug":"themify-fullscreen-wordpress-theme","status":"publish","type":"product","link":"https:\/\/gpl-love.com\/es\/producto\/themify-fullscreen-wordpress-theme\/","title":{"rendered":"Themify Fullscreen Theme 7.5.5"},"content":{"rendered":"<h3>Themify Fullscreen Theme Caracteristicas<\/h3>\n<p>El tema de la pantalla completa Themify es un tema de WordPress exquisitamente elaborado y altamente receptivo que proporciona una experiencia inmersiva y cautivadora para las personas que visitan sitios web. Este tema sobresaliente presenta una notable caracter\u00edstica de presentaci\u00f3n de diapositivas de pantalla completa que permite a los usuarios mostrar efectivamente su trabajo y mercanc\u00eda de una manera visualmente llamativa y llamativa. Con su amplia gama de opciones de dise\u00f1o personalizables y adaptables, los usuarios pueden crear un sitio web distintivo y pulido que atiende sus requisitos y preferencias personales espec\u00edficas. Adem\u00e1s, este tema ha sido intrincadamente optimizado para los motores de b\u00fasqueda, asegurando as\u00ed que su sitio web pueda ser descubierto sin esfuerzo por los clientes potenciales. Independientemente de si se identifica como un fot\u00f3grafo experto, artista talentoso, dise\u00f1ador visionario o blogger influyente, el tema de la pantalla completa, indudablemente, representa una opci\u00f3n excepcional para elaborar una presencia en l\u00ednea verdaderamente cautivadora y notablemente memorable.<\/p>\n<ul>\n<li>Dise\u00f1o de pantalla completa atractiva para un aspecto profesional y moderno<\/li>\n<li>Dise\u00f1o receptivo que se adapta a cualquier tama\u00f1o de pantalla para una experiencia de usuario perfecta<\/li>\n<li>\u00c1reas de encabezado y pie de p\u00e1gina personalizables para opciones \u00fanicas de marca y mensajer\u00eda<\/li>\n<li>M\u00faltiples dise\u00f1os de publicaci\u00f3n y cartera para mostrar su contenido con facilidad<\/li>\n<li>Sitios de demostraci\u00f3n previos a la construcci\u00f3n para impulsar su proceso de dise\u00f1o y hacer que su sitio se ejecute r\u00e1pidamente<\/li>\n<li>Opciones de personalizaci\u00f3n para fuentes, colores y fondos para que coincidan con la est\u00e9tica deseada<\/li>\n<li>Botones de intercambio de social incorporados para la m\u00e1xima visibilidad y compromiso de la audiencia<\/li>\n<li>Integraci\u00f3n con complementos populares de comercio electr\u00f3nico y formulario de contacto para una mayor funcionalidad y versatilidad<\/li>\n<li>Caracter\u00edsticas opcionales de desplazamiento de paralaje y fondo de video para un inter\u00e9s visual adicional e interactividad<\/li>\n<li>Soporte y actualizaciones continuas para garantizar que el tema se mantenga actualizado con los est\u00e1ndares de dise\u00f1o web en evoluci\u00f3n.<\/li>\n<\/ul>\n","protected":false},"excerpt":{"rendered":"<p>El tema de la pantalla completa, un tema de WordPress visualmente notable y contempor\u00e1neo, ha sido dise\u00f1ado espec\u00edficamente para exhibir su contenido de manera completa. Su dise\u00f1o es altamente personalizable y su tipograf\u00eda est\u00e1 exquisitamente dise\u00f1ada, por lo que es la opci\u00f3n ideal para fot\u00f3grafos, creativos y cualquier persona que desee establecer una presencia en l\u00ednea sorprendente y cautivadora. Adem\u00e1s, el tema Temify Full Screen ofrece una amplia gama de opciones de color y fuente que se pueden adaptar para adaptarse a las preferencias individuales, y garantiza una experiencia de usuario perfecta en todos los dispositivos debido a su total capacidad de respuesta. Ya sea que uno tenga como objetivo curar una cartera, presentar su trabajo o establecer un blog, el tema de la pantalla completa se considera una selecci\u00f3n potente y sofisticada.<\/p>\n","protected":false},"featured_media":167767,"comment_status":"open","ping_status":"open","template":"","meta":[],"product_brand":[2578],"product_cat":[1267,1237,1238],"product_tag":[1400],"class_list":{"0":"post-121322","1":"product","2":"type-product","3":"status-publish","4":"has-post-thumbnail","6":"product_brand-themify","7":"product_cat-creativo","8":"product_cat-temas","9":"product_cat-wordpress-temas","10":"product_tag-themify","11":"member-discount","12":"discount-restricted","14":"first","15":"instock","16":"sale","17":"downloadable","18":"virtual","19":"sold-individually","20":"purchasable","21":"product-type-simple"},"_links":{"self":[{"href":"https:\/\/gpl-love.com\/es\/wp-json\/wp\/v2\/product\/121322","targetHints":{"allow":["GET"]}}],"collection":[{"href":"https:\/\/gpl-love.com\/es\/wp-json\/wp\/v2\/product"}],"about":[{"href":"https:\/\/gpl-love.com\/es\/wp-json\/wp\/v2\/types\/product"}],"replies":[{"embeddable":true,"href":"https:\/\/gpl-love.com\/es\/wp-json\/wp\/v2\/comments?post=121322"}],"wp:featuredmedia":[{"embeddable":true,"href":"https:\/\/gpl-love.com\/es\/wp-json\/wp\/v2\/media\/167767"}],"wp:attachment":[{"href":"https:\/\/gpl-love.com\/es\/wp-json\/wp\/v2\/media?parent=121322"}],"wp:term":[{"taxonomy":"product_brand","embeddable":true,"href":"https:\/\/gpl-love.com\/es\/wp-json\/wp\/v2\/product_brand?post=121322"},{"taxonomy":"product_cat","embeddable":true,"href":"https:\/\/gpl-love.com\/es\/wp-json\/wp\/v2\/product_cat?post=121322"},{"taxonomy":"product_tag","embeddable":true,"href":"https:\/\/gpl-love.com\/es\/wp-json\/wp\/v2\/product_tag?post=121322"}],"curies":[{"name":"wp","href":"https:\/\/api.w.org\/{rel}","templated":true}]}}