{"id":121320,"date":"2026-04-16T00:00:00","date_gmt":"2026-04-16T05:00:00","guid":{"rendered":"https:\/\/gpl-love.com\/es\/producto\/themify-fullpane-wordpress-theme\/"},"modified":"2026-04-16T17:16:33","modified_gmt":"2026-04-16T22:16:33","slug":"themify-fullpane-wordpress-theme","status":"publish","type":"product","link":"https:\/\/gpl-love.com\/es\/producto\/themify-fullpane-wordpress-theme\/","title":{"rendered":"Themify Fullpane Theme 8.0.1"},"content":{"rendered":"<h3>Themify Fullpane Theme Caracteristicas<\/h3>\n<p>El tema Themify Fullpane es un tema de WordPress extremadamente maleable y visualmente asombroso, que seguramente distinguir\u00e1 su sitio web en medio de las multitudes. Con su control deslizante de ancho completo \u00fanico, desplazamiento de paralaje e im\u00e1genes de fondo personalizables, FullPane otorga una experiencia de usuario que abarca todo lo que sin lugar a dudas cautivar\u00e1 y absorber\u00e1 a sus visitantes. Adem\u00e1s, este tema abarca una gran cantidad de caracter\u00edsticas ventajosas, que incluye un constructor de p\u00e1ginas de arrastrar y soltar, integraci\u00f3n con varias plataformas de redes sociales y widgets personalizables. Independientemente de si aspira a elaborar un sitio web de cartera, un sitio web orientado a las empresas o un blog, FullPane es una elecci\u00f3n excepcional, que garantiza un sitio web visualmente llamativo y funcionalmente eficiente.<\/p>\n<ul>\n<li>Ideal para crear sitios web visualmente impresionantes e inmersivos con su dise\u00f1o de pantalla completa<\/li>\n<li>Incluye m\u00e1s de 60 demostraciones predise\u00f1adas para una configuraci\u00f3n f\u00e1cil y r\u00e1pida.<\/li>\n<li>Viene con varias opciones de personalizaci\u00f3n, como esquemas de color, fuentes y plantillas de p\u00e1gina.<\/li>\n<li>Tiene un constructor de arrastrar y soltar para la creaci\u00f3n de p\u00e1gina y elementos f\u00e1ciles<\/li>\n<li>Cuenta con efectos de desplazamiento de paralaje y opciones de animaci\u00f3n<\/li>\n<li>Ofrece antecedentes de video y opciones de control deslizante para una experiencia din\u00e1mica en el sitio web<\/li>\n<li>Proporciona una amplia documentaci\u00f3n y apoyo de Themify<\/li>\n<\/ul>\n","protected":false},"excerpt":{"rendered":"<p>El tema FullPane Themify, que ha obtenido el aclamado por su versatilidad y atractivo est\u00e9tico, es una plantilla excepcionalmente adaptable y visualmente cautivadora que ha sido dise\u00f1ada espec\u00edficamente para sitios web que priorizan la integraci\u00f3n del contenido multimedia. Con una gran cantidad de dise\u00f1os diversos, estilos distintivos y una impresionante variedad de caracter\u00edsticas que abarca controles deslizantes de ancho completo, fondos de video, la capacidad de implementar sin problemas desplazamiento de paralaje y widgets que son completamente personalizables, este tema proporciona un kit de herramientas con todos los cambios para el control de todo. Dise\u00f1adores web y entusiastas por igual. Un atributo notable de este tema es su dise\u00f1o receptivo, asegurando que su sitio web se vea impecable y funcione sin problemas en varios dispositivos y tama\u00f1os de pantalla. En particular, la interfaz intuitiva de arrastrar y soltar elimina la necesidad de la experiencia en codificaci\u00f3n, otorgando a los usuarios la libertad de curar sin esfuerzo p\u00e1ginas asombrosas y din\u00e1micas con un esfuerzo m\u00ednimo. Este tema atiende a un amplio espectro de industrias y profesiones, que abarca agencias creativas, fot\u00f3grafos, artistas y bloggers por igual, todos los cuales desean exhibir su trabajo de una manera visualmente cautivadora y contempor\u00e1nea que resuena con su p\u00fablico objetivo.<\/p>\n","protected":false},"featured_media":167766,"comment_status":"open","ping_status":"open","template":"","meta":[],"product_brand":[2578],"product_cat":[1307,1237,1238],"product_tag":[1400],"class_list":{"0":"post-121320","1":"product","2":"type-product","3":"status-publish","4":"has-post-thumbnail","6":"product_brand-themify","7":"product_cat-negocio-wordpress-temas","8":"product_cat-temas","9":"product_cat-wordpress-temas","10":"product_tag-themify","11":"member-discount","12":"discount-restricted","14":"first","15":"instock","16":"sale","17":"downloadable","18":"virtual","19":"sold-individually","20":"purchasable","21":"product-type-simple"},"_links":{"self":[{"href":"https:\/\/gpl-love.com\/es\/wp-json\/wp\/v2\/product\/121320","targetHints":{"allow":["GET"]}}],"collection":[{"href":"https:\/\/gpl-love.com\/es\/wp-json\/wp\/v2\/product"}],"about":[{"href":"https:\/\/gpl-love.com\/es\/wp-json\/wp\/v2\/types\/product"}],"replies":[{"embeddable":true,"href":"https:\/\/gpl-love.com\/es\/wp-json\/wp\/v2\/comments?post=121320"}],"wp:featuredmedia":[{"embeddable":true,"href":"https:\/\/gpl-love.com\/es\/wp-json\/wp\/v2\/media\/167766"}],"wp:attachment":[{"href":"https:\/\/gpl-love.com\/es\/wp-json\/wp\/v2\/media?parent=121320"}],"wp:term":[{"taxonomy":"product_brand","embeddable":true,"href":"https:\/\/gpl-love.com\/es\/wp-json\/wp\/v2\/product_brand?post=121320"},{"taxonomy":"product_cat","embeddable":true,"href":"https:\/\/gpl-love.com\/es\/wp-json\/wp\/v2\/product_cat?post=121320"},{"taxonomy":"product_tag","embeddable":true,"href":"https:\/\/gpl-love.com\/es\/wp-json\/wp\/v2\/product_tag?post=121320"}],"curies":[{"name":"wp","href":"https:\/\/api.w.org\/{rel}","templated":true}]}}