{"id":121318,"date":"2025-11-02T00:00:00","date_gmt":"2025-11-02T05:00:00","guid":{"rendered":"https:\/\/gpl-love.com\/es\/producto\/themify-float-wordpress-theme\/"},"modified":"2026-03-13T17:31:07","modified_gmt":"2026-03-13T22:31:07","slug":"themify-float-wordpress-theme","status":"publish","type":"product","link":"https:\/\/gpl-love.com\/es\/producto\/themify-float-wordpress-theme\/","title":{"rendered":"Themify Float Theme 7.6.3"},"content":{"rendered":"<h3>Themify Float Theme Caracteristicas<\/h3>\n<p>El tema Float Themify, un tema premium de WordPress, est\u00e1 dise\u00f1ado por completo para revolucionar completamente la apariencia de cualquier sitio web, lo que lo convierte en una plataforma en l\u00ednea sorprendente y visualmente cautivadora. El tema flotante, con sus componentes de dise\u00f1o elegantes y contempor\u00e1neos, exuda un aire de sofisticaci\u00f3n y es perfectamente adecuado para cualquier sitio web que aspira a mostrar su contenido de manera l\u00facida y concisa. Este tema est\u00e1 equipado con una extensa variedad de caracter\u00edsticas formidables, como dise\u00f1os personalizables, m\u00faltiples esquemas de color y un constructor de p\u00e1ginas de arrastre de vanguardia, que ofrece la m\u00e1xima conveniencia en el proceso de dise\u00f1o y personalizaci\u00f3n de su sitio web. Adem\u00e1s, el tema flotante est\u00e1 meticulosamente optimizado para garantizar una carga r\u00e1pida y eficiente de su sitio web, garantizando as\u00ed una velocidad y rendimiento \u00f3ptimos. Independientemente de si se identifica como un blogger, un minorista en l\u00ednea o un propietario de un negocio, el tema Float de Themify, sin duda, se destaca como una opci\u00f3n ejemplar para aquellos que buscan elevar su presencia en l\u00ednea y dejar una impresi\u00f3n duradera.<\/p>\n<ul>\n<li>Tema de WordPress altamente personalizable dise\u00f1ado para mostrar su contenido en un dise\u00f1o moderno y receptivo<\/li>\n<li>El constructor de p\u00e1ginas de arrastre y suelto incorporado permite una f\u00e1cil personalizaci\u00f3n del dise\u00f1o y dise\u00f1o<\/li>\n<li>Viene con una variedad de plantillas predise\u00f1adas para p\u00e1ginas, publicaciones y carteras<\/li>\n<li>El panel de opciones de tema avanzado permite ajustar la tipograf\u00eda, los esquemas de color y m\u00e1s<\/li>\n<li>Admite una amplia gama de tipos de medios, incluida la integraci\u00f3n de las redes sociales y los antecedentes de video<\/li>\n<li>Incluye varios widgets y c\u00f3digos cortos para la funcionalidad adicional y las opciones de personalizaci\u00f3n.<\/li>\n<li>Totalmente compatible con WooCommerce para una integraci\u00f3n perfecta con su tienda en l\u00ednea<\/li>\n<li>Actualizaciones regulares y equipo de soporte dedicado garantizar la funcionalidad continua y la satisfacci\u00f3n del usuario<\/li>\n<li>Garant\u00eda de devoluci\u00f3n de dinero de 30 d\u00edas ofrece tranquilidad para aquellos dudas de probar algo nuevo.<\/li>\n<\/ul>\n","protected":false},"excerpt":{"rendered":"<p>El tema Float Themify ha sido meticulosamente elaborado para presentar un tema de WordPress contempor\u00e1neo y refinado que otorga a su sitio web un ambiente elegante y sofisticado. Este tema en particular sirve como una opci\u00f3n impecable tanto para empresas como para personas, ya que les permite exhibir sus servicios, productos o carteras en una plataforma en l\u00ednea. Adem\u00e1s, este tema cuenta con un nivel excepcional de personalizaci\u00f3n, ya que abarca una gran cantidad de dise\u00f1os, widgets y esquemas de color, lo que le permite crear un sitio web que captura la esencia de su marca y transmite efectivamente su mensaje deseado. Adem\u00e1s, el tema Float Themify est\u00e1 totalmente equipado con capacidad de respuesta m\u00f3vil, asegurando que su sitio web meticulosamente dise\u00f1ado exude un aura de perfecci\u00f3n en todos los dispositivos, que van desde computadoras de escritorio hasta tel\u00e9fonos inteligentes y tabletas. Independientemente de si usted se etiqueta como blogger, profesional independiente o profesional corporativo, el tema Float Themify sin duda se demostrar\u00e1 como la elecci\u00f3n por excelencia para realizar sus objetivos de construir un sitio de WordPress funcional visualmente llamativo y sin esfuerzo.<\/p>\n","protected":false},"featured_media":167765,"comment_status":"open","ping_status":"open","template":"","meta":[],"product_brand":[2578],"product_cat":[1307,1237,1238],"product_tag":[1400],"class_list":{"0":"post-121318","1":"product","2":"type-product","3":"status-publish","4":"has-post-thumbnail","6":"product_brand-themify","7":"product_cat-negocio-wordpress-temas","8":"product_cat-temas","9":"product_cat-wordpress-temas","10":"product_tag-themify","11":"member-discount","12":"discount-restricted","14":"first","15":"instock","16":"sale","17":"downloadable","18":"virtual","19":"sold-individually","20":"purchasable","21":"product-type-simple"},"_links":{"self":[{"href":"https:\/\/gpl-love.com\/es\/wp-json\/wp\/v2\/product\/121318","targetHints":{"allow":["GET"]}}],"collection":[{"href":"https:\/\/gpl-love.com\/es\/wp-json\/wp\/v2\/product"}],"about":[{"href":"https:\/\/gpl-love.com\/es\/wp-json\/wp\/v2\/types\/product"}],"replies":[{"embeddable":true,"href":"https:\/\/gpl-love.com\/es\/wp-json\/wp\/v2\/comments?post=121318"}],"wp:featuredmedia":[{"embeddable":true,"href":"https:\/\/gpl-love.com\/es\/wp-json\/wp\/v2\/media\/167765"}],"wp:attachment":[{"href":"https:\/\/gpl-love.com\/es\/wp-json\/wp\/v2\/media?parent=121318"}],"wp:term":[{"taxonomy":"product_brand","embeddable":true,"href":"https:\/\/gpl-love.com\/es\/wp-json\/wp\/v2\/product_brand?post=121318"},{"taxonomy":"product_cat","embeddable":true,"href":"https:\/\/gpl-love.com\/es\/wp-json\/wp\/v2\/product_cat?post=121318"},{"taxonomy":"product_tag","embeddable":true,"href":"https:\/\/gpl-love.com\/es\/wp-json\/wp\/v2\/product_tag?post=121318"}],"curies":[{"name":"wp","href":"https:\/\/api.w.org\/{rel}","templated":true}]}}