{"id":121316,"date":"2024-12-07T00:00:00","date_gmt":"2024-12-07T05:00:00","guid":{"rendered":"https:\/\/gpl-love.com\/es\/?post_type=product&#038;p=121316"},"modified":"2026-04-10T11:27:59","modified_gmt":"2026-04-10T16:27:59","slug":"themify-flatshop-woocommerce-theme","status":"publish","type":"product","link":"https:\/\/gpl-love.com\/es\/producto\/themify-flatshop-woocommerce-theme\/","title":{"rendered":"Themify Flatshop Theme 7.5.7"},"content":{"rendered":"<h3>Themify Flatshop Theme Caracteristicas<\/h3>\n<p>El tema Themify Flatshop, un tema de WordPress de comercio electr\u00f3nico exquisito y contempor\u00e1neo, ofrece una mir\u00edada de posibilidades y una interfaz de usuario est\u00e9ticamente agradable para tiendas en l\u00ednea. Empoderando a los usuarios con un dise\u00f1o personalizable y un panel de opciones accesibles, este tema permite sin esfuerzo la creaci\u00f3n de una tienda en l\u00ednea distintiva y personalizada. La notable capacidad de respuesta y la compatibilidad del tema con todos los navegadores l\u00edderes lo convierten en una opci\u00f3n inclusiva y accesible para una amplia gama de usuarios. Adem\u00e1s, el tema Themify FlatShop est\u00e1 meticulosamente dise\u00f1ado para ser optimizado de SEO, asegurando altas clasificaciones en los motores de b\u00fasqueda y mejorar la visibilidad y el tr\u00e1fico en su tienda en l\u00ednea. En conclusi\u00f3n, para los propietarios de tiendas en l\u00ednea que buscan una soluci\u00f3n de comercio electr\u00f3nico visualmente cautivador y centrado en el usuario, el tema Themify FlatShop surge como una opci\u00f3n excepcional y altamente encomiable.<\/p>\n<ul>\n<li>Tema de comercio electr\u00f3nico receptivo y f\u00e1cil de usar para WordPress<\/li>\n<li>Dise\u00f1o moderno y minimalista con muchas opciones de personalizaci\u00f3n<\/li>\n<li>Viene con soporte de WooCommerce incorporado y filtros de productos avanzados<\/li>\n<li>Ofrece varios dise\u00f1os y plantillas de taller predise\u00f1ados para p\u00e1ginas de productos<\/li>\n<li>Se integra con las pasarelas de pago populares y los m\u00e9todos de env\u00edo<\/li>\n<li>Tiene un constructor de p\u00e1ginas y widgets de arrastrar y soltar para crear dise\u00f1os personalizados<\/li>\n<li>Optimizado para la velocidad y el SEO, con c\u00f3digo limpio y v\u00e1lido<\/li>\n<li>Incluye documentaci\u00f3n y soporte, as\u00ed como actualizaciones regulares y correcciones de errores.<\/li>\n<li>Adecuado para cualquier tipo de tienda o mercado en l\u00ednea, desde la moda hasta la electr\u00f3nica<\/li>\n<li>Ofrece una experiencia de compra perfecta para los clientes, con navegaci\u00f3n intuitiva y pago r\u00e1pido<\/li>\n<\/ul>\n","protected":false},"excerpt":{"rendered":"<p>El tema Themify Flatshop, siendo un tema de WordPress de alta calidad, ha sido h\u00e1bilmente dise\u00f1ado para satisfacer las necesidades de las tiendas en l\u00ednea y los sitios web de comercio electr\u00f3nico. Su simplicidad y dise\u00f1o minimalista no solo permiten una exhibici\u00f3n visualmente atractiva de sus productos, sino que tambi\u00e9n permiten una experiencia de compra suave y sin problemas para sus estimados clientes. Lo que distingue a este tema es su impresionante variedad de dise\u00f1os personalizables, una gran cantidad de esquemas de color para elegir y la ventaja adicional de la integraci\u00f3n incorporada de WooCommerce. Todas estas caracter\u00edsticas notables se combinan para proporcionar una soluci\u00f3n sofisticada y de moda para el crecimiento y el \u00e9xito de su negocio en l\u00ednea.<\/p>\n","protected":false},"featured_media":167764,"comment_status":"open","ping_status":"open","template":"","meta":[],"product_brand":[2578],"product_cat":[1263,1264,1237],"product_tag":[1400],"class_list":{"0":"post-121316","1":"product","2":"type-product","3":"status-publish","4":"has-post-thumbnail","6":"product_brand-themify","7":"product_cat-comercio-electronico-temas","8":"product_cat-negocio","9":"product_cat-temas","10":"product_tag-themify","11":"member-discount","12":"discount-restricted","14":"first","15":"instock","16":"sale","17":"downloadable","18":"virtual","19":"sold-individually","20":"purchasable","21":"product-type-simple"},"_links":{"self":[{"href":"https:\/\/gpl-love.com\/es\/wp-json\/wp\/v2\/product\/121316","targetHints":{"allow":["GET"]}}],"collection":[{"href":"https:\/\/gpl-love.com\/es\/wp-json\/wp\/v2\/product"}],"about":[{"href":"https:\/\/gpl-love.com\/es\/wp-json\/wp\/v2\/types\/product"}],"replies":[{"embeddable":true,"href":"https:\/\/gpl-love.com\/es\/wp-json\/wp\/v2\/comments?post=121316"}],"wp:featuredmedia":[{"embeddable":true,"href":"https:\/\/gpl-love.com\/es\/wp-json\/wp\/v2\/media\/167764"}],"wp:attachment":[{"href":"https:\/\/gpl-love.com\/es\/wp-json\/wp\/v2\/media?parent=121316"}],"wp:term":[{"taxonomy":"product_brand","embeddable":true,"href":"https:\/\/gpl-love.com\/es\/wp-json\/wp\/v2\/product_brand?post=121316"},{"taxonomy":"product_cat","embeddable":true,"href":"https:\/\/gpl-love.com\/es\/wp-json\/wp\/v2\/product_cat?post=121316"},{"taxonomy":"product_tag","embeddable":true,"href":"https:\/\/gpl-love.com\/es\/wp-json\/wp\/v2\/product_tag?post=121316"}],"curies":[{"name":"wp","href":"https:\/\/api.w.org\/{rel}","templated":true}]}}