{"id":121314,"date":"2024-12-10T00:00:00","date_gmt":"2024-12-10T05:00:00","guid":{"rendered":"https:\/\/gpl-love.com\/es\/producto\/themify-flat-wordpress-theme\/"},"modified":"2026-03-13T17:31:06","modified_gmt":"2026-03-13T22:31:06","slug":"themify-flat-wordpress-theme","status":"publish","type":"product","link":"https:\/\/gpl-love.com\/es\/producto\/themify-flat-wordpress-theme\/","title":{"rendered":"Themify Flat Theme 7.5.7"},"content":{"rendered":"<h3>Themify Flat Theme Caracteristicas<\/h3>\n<p>El tema plano Themify, un tema de WordPress que es personalizable y totalmente receptivo, es una excelente opci\u00f3n tanto para las personas como para las empresas que buscan establecer una presencia en l\u00ednea contempor\u00e1nea y pulida. Este tema ofrece un constructor intuitivo de arrastrar y soltar, lo que permite a los usuarios crear dise\u00f1os de p\u00e1gina a medida sin esfuerzo sin la necesidad de cualquier experiencia en codificaci\u00f3n o dise\u00f1o. Adem\u00e1s, cuenta con una selecci\u00f3n diversa de dise\u00f1os predise\u00f1ados, esquemas de color y opciones de tipograf\u00eda, lo que brinda a los usuarios la capacidad de personalizar sus sitios web de acuerdo con su identidad de marca o estilo preferido. Adem\u00e1s, el tema plano Themify abarca una amplia gama de caracter\u00edsticas, que abarca la integraci\u00f3n de las redes sociales, los widgets avanzados y las herramientas de optimizaci\u00f3n de motores de b\u00fasqueda, todas preparadas para optimizar el tr\u00e1fico del sitio web y facilitar la participaci\u00f3n del usuario. Al aprovechar el poder del tema plano Themify, las personas y las empresas pueden crear sitios web visualmente llamativos y ejecutados profesionalmente que seguramente dejar\u00e1n una impresi\u00f3n duradera en sus visitantes y clientes.<\/p>\n<ul>\n<li>Un dise\u00f1o elegante y moderno para su sitio web<\/li>\n<li>Dise\u00f1o receptivo que se ve muy bien en todos los dispositivos<\/li>\n<li>Builder de arrastrar y soltar para una f\u00e1cil personalizaci\u00f3n<\/li>\n<li>Widgets personalizados para una funcionalidad adicional<\/li>\n<li>M\u00faltiples esquemas de color para elegir<\/li>\n<li>Optimizaci\u00f3n de SEO incorporada para una mejor clasificaci\u00f3n de b\u00fasqueda<\/li>\n<li>Documentaci\u00f3n y soporte extenso para una f\u00e1cil configuraci\u00f3n y mantenimiento<\/li>\n<li>Integraci\u00f3n con complementos populares como WooCommerce y Formulario de contacto &#8211;<\/li>\n<\/ul>\n","protected":false},"excerpt":{"rendered":"<p>El tema plano Themify, un tema elegante y contempor\u00e1neo de WordPress, presenta un dise\u00f1o adaptable y una interfaz que es f\u00e1cil de usar. Su dise\u00f1o es receptivo y puede acomodar varios tama\u00f1os de pantalla, lo que le hace una selecci\u00f3n excepcional para cualquier tipo de sitio web. Este tema muestra numerosas opciones personalizables, esquemas de color que abarcan, estilos de fuente y dise\u00f1os de dise\u00f1o, lo que permite la creaci\u00f3n de un sitio web distintivo y visualmente cautivador. Adem\u00e1s, est\u00e1 equipado con widgets y c\u00f3digos cortos preinstalados, que mejoran su funcionalidad y facilitan la personalizaci\u00f3n sin esfuerzo. Gracias al tema plano Themify, las personas pueden generar sin esfuerzo un sitio web que exuda profesionalismo, incluso sin poseer ninguna experiencia de codificaci\u00f3n.<\/p>\n","protected":false},"featured_media":167763,"comment_status":"open","ping_status":"open","template":"","meta":[],"product_brand":[2578],"product_cat":[1307,1237,1238],"product_tag":[1400],"class_list":{"0":"post-121314","1":"product","2":"type-product","3":"status-publish","4":"has-post-thumbnail","6":"product_brand-themify","7":"product_cat-negocio-wordpress-temas","8":"product_cat-temas","9":"product_cat-wordpress-temas","10":"product_tag-themify","11":"member-discount","12":"discount-restricted","14":"first","15":"instock","16":"sale","17":"downloadable","18":"virtual","19":"sold-individually","20":"purchasable","21":"product-type-simple"},"_links":{"self":[{"href":"https:\/\/gpl-love.com\/es\/wp-json\/wp\/v2\/product\/121314","targetHints":{"allow":["GET"]}}],"collection":[{"href":"https:\/\/gpl-love.com\/es\/wp-json\/wp\/v2\/product"}],"about":[{"href":"https:\/\/gpl-love.com\/es\/wp-json\/wp\/v2\/types\/product"}],"replies":[{"embeddable":true,"href":"https:\/\/gpl-love.com\/es\/wp-json\/wp\/v2\/comments?post=121314"}],"wp:featuredmedia":[{"embeddable":true,"href":"https:\/\/gpl-love.com\/es\/wp-json\/wp\/v2\/media\/167763"}],"wp:attachment":[{"href":"https:\/\/gpl-love.com\/es\/wp-json\/wp\/v2\/media?parent=121314"}],"wp:term":[{"taxonomy":"product_brand","embeddable":true,"href":"https:\/\/gpl-love.com\/es\/wp-json\/wp\/v2\/product_brand?post=121314"},{"taxonomy":"product_cat","embeddable":true,"href":"https:\/\/gpl-love.com\/es\/wp-json\/wp\/v2\/product_cat?post=121314"},{"taxonomy":"product_tag","embeddable":true,"href":"https:\/\/gpl-love.com\/es\/wp-json\/wp\/v2\/product_tag?post=121314"}],"curies":[{"name":"wp","href":"https:\/\/api.w.org\/{rel}","templated":true}]}}