{"id":121312,"date":"2024-12-10T00:00:00","date_gmt":"2024-12-10T05:00:00","guid":{"rendered":"https:\/\/gpl-love.com\/es\/producto\/themify-event-wordpress-theme\/"},"modified":"2026-03-13T17:31:05","modified_gmt":"2026-03-13T22:31:05","slug":"themify-event-wordpress-theme","status":"publish","type":"product","link":"https:\/\/gpl-love.com\/es\/producto\/themify-event-wordpress-theme\/","title":{"rendered":"Themify Event Theme 7.5.7"},"content":{"rendered":"<h3>Themify Event Theme Caracteristicas<\/h3>\n<p>El tema del evento ofrecido por Themify es una soluci\u00f3n \u00f3ptima para las personas que buscan elaborar un sitio web de eventos que exude la profesionalidad y cautiva al p\u00fablico por igual. Con un dise\u00f1o vers\u00e1til y una variedad de caracter\u00edsticas avanzadas, este tema facilita la creaci\u00f3n y gesti\u00f3n sin esfuerzo del sitio web de su evento. Los usuarios pueden deleitarse con una gran cantidad de opciones personalizables, incluido un calendario de eventos incorporado, p\u00e1ginas de eventos personalizables, tipos de publicaciones personalizadas y una gran cantidad de otras caracter\u00edsticas notables. Adem\u00e1s, este tema ofrece una amplia selecci\u00f3n de plantillas y dise\u00f1os preconstruidos, lo que permite a los usuarios forjar r\u00e1pidamente un sitio web visualmente llamativo. Independientemente de si est\u00e1 organizando una conferencia, festival o cualquier otro tipo de evento, el tema del evento Themify le proporciona todas las herramientas necesarias para establecer un sitio web que rezuma profesionalismo y cautiva a su audiencia.<\/p>\n<ul>\n<li>Un tema de WordPress personalizable y receptivo dise\u00f1ado espec\u00edficamente para crear y promover eventos<\/li>\n<li>Ofrece m\u00faltiples plantillas predise\u00f1adas para diferentes tipos de eventos, incluidas conferencias, conciertos y festivales.<\/li>\n<li>Constructor de p\u00e1gina intuitivo de arrastrar y soltar para una f\u00e1cil personalizaci\u00f3n y creaci\u00f3n de p\u00e1ginas de eventos<\/li>\n<li>Caracter\u00edstica de vista de calendario para mostrar los pr\u00f3ximos eventos y sus detalles<\/li>\n<li>Sistema de boletos incorporado con opciones de integraci\u00f3n de procesamiento de pagos f\u00e1ciles de usar<\/li>\n<li>Integraci\u00f3n de las redes sociales para ayudar a promover eventos y aumentar la asistencia<\/li>\n<li>Rendimiento confiable y r\u00e1pido con c\u00f3digo optimizado y carga m\u00ednima del servidor<\/li>\n<li>Documentaci\u00f3n integral y apoyo \u00fatil del equipo de Themify<\/li>\n<\/ul>\n","protected":false},"excerpt":{"rendered":"<p>El tema del evento Themify, con su dise\u00f1o vers\u00e1til y profesional atento a sitios web que se centran en la planificaci\u00f3n y gesti\u00f3n de eventos, presenta una soluci\u00f3n integral y abarcadora. Este tema posee una gran cantidad de caracter\u00edsticas personalizables, asegurando que se pueda adaptar para adaptarse a las preferencias y requisitos \u00fanicos de cualquier individuo o negocio que busque construir un sitio web de eventos distintivos. Con una amplia gama de plantillas y dise\u00f1os a su disposici\u00f3n, puede estar seguro de que su sitio web exudar\u00e1 un atractivo est\u00e9tico exquisito, mientras que simult\u00e1neamente est\u00e1 optimizado para el prop\u00f3sito de promoci\u00f3n de eventos, venta de boletos y programaci\u00f3n. Ya sea una conferencia, festival o cualquier otra variaci\u00f3n de evento, el tema del evento Themify est\u00e1 listo para ayudarlo a elaborar una presencia digital excepcionalmente cautivadora y duradera.<\/p>\n","protected":false},"featured_media":167762,"comment_status":"open","ping_status":"open","template":"","meta":[],"product_brand":[2578],"product_cat":[1307,1237,1238],"product_tag":[1400],"class_list":{"0":"post-121312","1":"product","2":"type-product","3":"status-publish","4":"has-post-thumbnail","6":"product_brand-themify","7":"product_cat-negocio-wordpress-temas","8":"product_cat-temas","9":"product_cat-wordpress-temas","10":"product_tag-themify","11":"member-discount","12":"discount-restricted","14":"first","15":"instock","16":"sale","17":"downloadable","18":"virtual","19":"sold-individually","20":"purchasable","21":"product-type-simple"},"_links":{"self":[{"href":"https:\/\/gpl-love.com\/es\/wp-json\/wp\/v2\/product\/121312","targetHints":{"allow":["GET"]}}],"collection":[{"href":"https:\/\/gpl-love.com\/es\/wp-json\/wp\/v2\/product"}],"about":[{"href":"https:\/\/gpl-love.com\/es\/wp-json\/wp\/v2\/types\/product"}],"replies":[{"embeddable":true,"href":"https:\/\/gpl-love.com\/es\/wp-json\/wp\/v2\/comments?post=121312"}],"wp:featuredmedia":[{"embeddable":true,"href":"https:\/\/gpl-love.com\/es\/wp-json\/wp\/v2\/media\/167762"}],"wp:attachment":[{"href":"https:\/\/gpl-love.com\/es\/wp-json\/wp\/v2\/media?parent=121312"}],"wp:term":[{"taxonomy":"product_brand","embeddable":true,"href":"https:\/\/gpl-love.com\/es\/wp-json\/wp\/v2\/product_brand?post=121312"},{"taxonomy":"product_cat","embeddable":true,"href":"https:\/\/gpl-love.com\/es\/wp-json\/wp\/v2\/product_cat?post=121312"},{"taxonomy":"product_tag","embeddable":true,"href":"https:\/\/gpl-love.com\/es\/wp-json\/wp\/v2\/product_tag?post=121312"}],"curies":[{"name":"wp","href":"https:\/\/api.w.org\/{rel}","templated":true}]}}