{"id":121310,"date":"2024-12-10T00:00:00","date_gmt":"2024-12-10T05:00:00","guid":{"rendered":"https:\/\/gpl-love.com\/es\/producto\/themify-elemin-wordpress-theme\/"},"modified":"2026-03-13T17:31:04","modified_gmt":"2026-03-13T22:31:04","slug":"themify-elemin-wordpress-theme","status":"publish","type":"product","link":"https:\/\/gpl-love.com\/es\/producto\/themify-elemin-wordpress-theme\/","title":{"rendered":"Themify Elemin Theme 7.5.5"},"content":{"rendered":"<h3>Themify Elemin Theme Caracteristicas<\/h3>\n<p>El tema de Elemin, desarrollado por Themify, es un tema de WordPress exquisito y de alta gama, que posee un dise\u00f1o pr\u00edstino y contempor\u00e1neo que es extremadamente adecuado para cualquier tipo de sitio web. Ofreciendo una amplia gama de opciones personalizables, este tema permite a los usuarios dise\u00f1ar un sitio web incomparable y personalizado que sea un verdadero reflejo de su marca o negocio. En particular, cuenta con un dise\u00f1o altamente receptivo, asegurando as\u00ed que su sitio web parezca sorprendente y visualmente cautivador en cualquier dispositivo de navegaci\u00f3n. Adem\u00e1s, presenta a los usuarios caracter\u00edsticas de optimizaci\u00f3n de motores de b\u00fasqueda (SEO) incorporados, mejorando as\u00ed la visibilidad de su sitio web en los principales motores de b\u00fasqueda. Para facilitar a\u00fan m\u00e1s la creaci\u00f3n y personalizaci\u00f3n de las p\u00e1ginas web, este tema ofrece un constructor de p\u00e1ginas de arrastrar y soltar, obviando as\u00ed la necesidad de cualquier experiencia de codificaci\u00f3n. Con el empleo del tema Themify Elemin, las personas y las empresas pueden esperar dise\u00f1ar un sitio web excepcionalmente pulido y de aspecto profesional que combine perfectamente la funcionalidad y el atractivo est\u00e9tico.<\/p>\n<ul>\n<li>Dise\u00f1o moderno y elegante perfecto para cualquier tipo de sitio web<\/li>\n<li>Arrastrar y soltar el constructor para una f\u00e1cil personalizaci\u00f3n<\/li>\n<li>Dise\u00f1o totalmente receptivo que se adapta a diferentes tama\u00f1os de pantalla<\/li>\n<li>Estilos de cabeza de encabezado y pie de p\u00e1gina para elegir<\/li>\n<li>Opciones de color ilimitadas para que coincidan con la paleta de colores de su marca<\/li>\n<li>F\u00e1cil integraci\u00f3n con complementos populares como WooCommerce y WPML<\/li>\n<li>C\u00f3digo optimizado de SEO para una mejor clasificaci\u00f3n de motores de b\u00fasqueda<\/li>\n<li>Toneladas de dise\u00f1os y plantillas predise\u00f1ados para comenzar<\/li>\n<li>Importar demostraci\u00f3n de un solo clic para configurar r\u00e1pidamente su sitio web<\/li>\n<li>Equipo de soporte dedicado para ayudar con cualquier problema t\u00e9cnico o pregunta.<\/li>\n<\/ul>\n","protected":false},"excerpt":{"rendered":"<p>El tema Themify Elemin, con su elegante y moderno tema de WordPress dise\u00f1ado para exudar una sensaci\u00f3n de limpieza y crujiente, es una creaci\u00f3n notable. Este tema extraordinario posee un nivel incomparable de flexibilidad y personalizaci\u00f3n, otorg\u00e1ndole la capacidad de mostrar su valioso contenido en una variedad de modales cautivadores. En particular, este tema excepcional le permite seleccionar entre una multitud de dise\u00f1os de p\u00e1gina de inicio y una amplia gama de diversos formatos postales. Adem\u00e1s, el tema de Elemin cuenta con un constructor de p\u00e1ginas de arrastrar y soltar sin esfuerzo, lo que le permite construir su sitio web sin esfuerzo, sin la necesidad de cualquier competencia de codificaci\u00f3n. Como si eso no fuera suficiente, el dise\u00f1o receptivo del tema de Elemin y la notable compatibilidad con la estimada plataforma WooCommerce lo convierten en una opci\u00f3n ideal para las personas que buscan establecer una tienda en l\u00ednea notable y f\u00e1cil de usar.<\/p>\n","protected":false},"featured_media":167761,"comment_status":"open","ping_status":"open","template":"","meta":[],"product_brand":[2578],"product_cat":[1307,1237,1238],"product_tag":[1400],"class_list":{"0":"post-121310","1":"product","2":"type-product","3":"status-publish","4":"has-post-thumbnail","6":"product_brand-themify","7":"product_cat-negocio-wordpress-temas","8":"product_cat-temas","9":"product_cat-wordpress-temas","10":"product_tag-themify","11":"member-discount","12":"discount-restricted","14":"first","15":"instock","16":"sale","17":"downloadable","18":"virtual","19":"sold-individually","20":"purchasable","21":"product-type-simple"},"_links":{"self":[{"href":"https:\/\/gpl-love.com\/es\/wp-json\/wp\/v2\/product\/121310","targetHints":{"allow":["GET"]}}],"collection":[{"href":"https:\/\/gpl-love.com\/es\/wp-json\/wp\/v2\/product"}],"about":[{"href":"https:\/\/gpl-love.com\/es\/wp-json\/wp\/v2\/types\/product"}],"replies":[{"embeddable":true,"href":"https:\/\/gpl-love.com\/es\/wp-json\/wp\/v2\/comments?post=121310"}],"wp:featuredmedia":[{"embeddable":true,"href":"https:\/\/gpl-love.com\/es\/wp-json\/wp\/v2\/media\/167761"}],"wp:attachment":[{"href":"https:\/\/gpl-love.com\/es\/wp-json\/wp\/v2\/media?parent=121310"}],"wp:term":[{"taxonomy":"product_brand","embeddable":true,"href":"https:\/\/gpl-love.com\/es\/wp-json\/wp\/v2\/product_brand?post=121310"},{"taxonomy":"product_cat","embeddable":true,"href":"https:\/\/gpl-love.com\/es\/wp-json\/wp\/v2\/product_cat?post=121310"},{"taxonomy":"product_tag","embeddable":true,"href":"https:\/\/gpl-love.com\/es\/wp-json\/wp\/v2\/product_tag?post=121310"}],"curies":[{"name":"wp","href":"https:\/\/api.w.org\/{rel}","templated":true}]}}