{"id":121308,"date":"2024-12-10T00:00:00","date_gmt":"2024-12-10T05:00:00","guid":{"rendered":"https:\/\/gpl-love.com\/es\/?post_type=product&#038;p=121308"},"modified":"2026-03-13T17:31:02","modified_gmt":"2026-03-13T22:31:02","slug":"themify-corporate-wordpress-theme","status":"publish","type":"product","link":"https:\/\/gpl-love.com\/es\/producto\/themify-corporate-wordpress-theme\/","title":{"rendered":"Themify Corporate Theme 7.6.1"},"content":{"rendered":"<h3>Themify Corporate Theme Caracteristicas<\/h3>\n<p>El tema corporativo Themify, dise\u00f1ado espec\u00edficamente con empresas y corporaciones en mente, cuenta con una combinaci\u00f3n impecable de estilo y profesionalismo en el \u00e1mbito de los temas de WordPress. La est\u00e9tica elegante y contempor\u00e1nea de este tema presta un aire de sofisticaci\u00f3n y delicadeza a cualquier sitio web que adorna. Adem\u00e1s, el tema corporativo Themify ofrece una multitud de opciones personalizables, brind\u00e1ndole la oportunidad de adaptar el dise\u00f1o para alinearse perfectamente con la marca y el estilo \u00fanicos de su empresa. Tenga la seguridad de que este tema es totalmente receptivo, garantizado para garantizar que su sitio web mantenga su impresionante apariencia en todos los dispositivos. Adem\u00e1s, el tema corporativo Themify ha sido optimizado por expertos para la optimizaci\u00f3n de la velocidad y el motor de b\u00fasqueda (SEO), lo que garantiza un rendimiento y visibilidad \u00f3ptimos dentro de las clasificaciones de motores de b\u00fasqueda. Por lo tanto, si busca forjar una presencia digital para su floreciente empresa o dar nueva vida a un sitio web existente, el tema corporativo Themify es una elecci\u00f3n excepcional, logrando el equilibrio perfecto entre la est\u00e9tica y la funcionalidad.<\/p>\n<ul>\n<li>Dise\u00f1o receptivo que se ve muy bien en todos los dispositivos<\/li>\n<li>M\u00faltiples dise\u00f1os de encabezado y pie de p\u00e1gina personalizable<\/li>\n<li>Numerosos dise\u00f1os de p\u00e1gina preconstruidos para una f\u00e1cil configuraci\u00f3n<\/li>\n<li>Arrastre y suelte el constructor de p\u00e1ginas para una f\u00e1cil personalizaci\u00f3n<\/li>\n<li>Opciones de color m\u00faltiples para que coincidan con la identidad de la marca<\/li>\n<li>Caracter\u00edsticas de cartera incorporadas y miembros del equipo<\/li>\n<li>Integraci\u00f3n f\u00e1cil con complementos populares como WooCommerce y el Formulario de contacto 7<\/li>\n<li>Dise\u00f1o amigable con SEO con c\u00f3digo limpio para una mejor clasificaci\u00f3n del sitio web<\/li>\n<li>Antecedentes de video y efectos de desplazamiento de paralaje para un atractivo visual adicional<\/li>\n<li>Font Awesome Icon Set incluido para una f\u00e1cil integraci\u00f3n de iconos.<\/li>\n<\/ul>\n","protected":false},"excerpt":{"rendered":"<p>El tema corporativo Themify, un tema de WordPress notablemente vers\u00e1til y altamente receptivo, ha sido ingeniosamente elaborado con el \u00fanico prop\u00f3sito de atender a empresas y corporaciones. Con un dise\u00f1o ultra moderno y elegante, este tema exuda un nivel inigualable de profesionalismo, elevando instant\u00e1neamente el atractivo est\u00e9tico general de su sitio web. Junto con su interfaz notablemente f\u00e1cil de usar, navegar y personalizar este tema se convierte en una brisa absoluta. Ofreciendo una gran cantidad de opciones de personalizaci\u00f3n, tiene la libertad de dise\u00f1ar un sitio web que se alinee perfectamente con su identidad de marca y objetivos comerciales. Adem\u00e1s, este tema est\u00e1 repleto de una variedad de herramientas y widgets incorporados, que incluye un encabezado y pie de p\u00e1gina totalmente personalizable, \u00edconos de redes sociales e incluso un formulario de contacto conveniente. Sin una sombra de duda, el tema corporativo Themify es realmente un regalo del cielo para cualquier negocio que aspira a establecer una presencia en l\u00ednea indomable.<\/p>\n","protected":false},"featured_media":167759,"comment_status":"open","ping_status":"open","template":"","meta":[],"product_brand":[2578],"product_cat":[1307,1237,1238],"product_tag":[1400],"class_list":{"0":"post-121308","1":"product","2":"type-product","3":"status-publish","4":"has-post-thumbnail","6":"product_brand-themify","7":"product_cat-negocio-wordpress-temas","8":"product_cat-temas","9":"product_cat-wordpress-temas","10":"product_tag-themify","11":"member-discount","12":"discount-restricted","14":"first","15":"instock","16":"sale","17":"downloadable","18":"virtual","19":"sold-individually","20":"purchasable","21":"product-type-simple"},"_links":{"self":[{"href":"https:\/\/gpl-love.com\/es\/wp-json\/wp\/v2\/product\/121308","targetHints":{"allow":["GET"]}}],"collection":[{"href":"https:\/\/gpl-love.com\/es\/wp-json\/wp\/v2\/product"}],"about":[{"href":"https:\/\/gpl-love.com\/es\/wp-json\/wp\/v2\/types\/product"}],"replies":[{"embeddable":true,"href":"https:\/\/gpl-love.com\/es\/wp-json\/wp\/v2\/comments?post=121308"}],"wp:featuredmedia":[{"embeddable":true,"href":"https:\/\/gpl-love.com\/es\/wp-json\/wp\/v2\/media\/167759"}],"wp:attachment":[{"href":"https:\/\/gpl-love.com\/es\/wp-json\/wp\/v2\/media?parent=121308"}],"wp:term":[{"taxonomy":"product_brand","embeddable":true,"href":"https:\/\/gpl-love.com\/es\/wp-json\/wp\/v2\/product_brand?post=121308"},{"taxonomy":"product_cat","embeddable":true,"href":"https:\/\/gpl-love.com\/es\/wp-json\/wp\/v2\/product_cat?post=121308"},{"taxonomy":"product_tag","embeddable":true,"href":"https:\/\/gpl-love.com\/es\/wp-json\/wp\/v2\/product_tag?post=121308"}],"curies":[{"name":"wp","href":"https:\/\/api.w.org\/{rel}","templated":true}]}}