{"id":121306,"date":"2026-03-06T00:00:00","date_gmt":"2026-03-06T05:00:00","guid":{"rendered":"https:\/\/gpl-love.com\/es\/producto\/themify-builder-pro\/"},"modified":"2026-04-10T11:27:53","modified_gmt":"2026-04-10T16:27:53","slug":"themify-builder-pro","status":"publish","type":"product","link":"https:\/\/gpl-love.com\/es\/producto\/themify-builder-pro\/","title":{"rendered":"Themify Builder Pro 3.8.0"},"content":{"rendered":"<h3>Themify Builder Pro Caracteristicas<\/h3>\n<p>Una herramienta que se recomienda altamente para crear dise\u00f1os de sitios web visualmente atractivos, incluso para aquellos sin experiencia en codificaci\u00f3n, es Themify Builder Pro. Este complemento de WordPress ofrece una impresionante variedad de caracter\u00edsticas y una interfaz f\u00e1cil de usar que facilita el dise\u00f1o y personalizaci\u00f3n de su sitio web. Puede incorporar sin esfuerzo varios elementos como texto, im\u00e1genes, videos y animaciones en sus p\u00e1ginas utilizando esta herramienta de arrastrar y soltar. Adem\u00e1s, proporciona una vasta colecci\u00f3n de plantillas y m\u00f3dulos predise\u00f1ados que pueden servir como punto de partida para su proceso de dise\u00f1o. Ya sea que sea un dise\u00f1ador web novato o experimentado, Themify Builder Pro es una herramienta esencial que puede acelerar significativamente la creaci\u00f3n de sitios web de aspecto profesional.<\/p>\n<ul>\n<li>Arrastre y suelte la interfaz para una f\u00e1cil construcci\u00f3n del sitio web<\/li>\n<li>M\u00e1s de 40 plantillas predise\u00f1adas para aumentar la creaci\u00f3n de sitios web<\/li>\n<li>Dise\u00f1os, fondos y colores personalizables para que coincidan con la marca o el dise\u00f1o<\/li>\n<li>Capacidad para guardar, duplicar y reutilizar dise\u00f1os para una construcci\u00f3n r\u00e1pida de sitios web<\/li>\n<li>Frontend Live Preview permite la edici\u00f3n en tiempo real y los ajustes de dise\u00f1o<\/li>\n<li>Integraci\u00f3n con WordPress para la gesti\u00f3n de sitios web sin problemas<\/li>\n<li>Compatible con complementos populares de WordPress para una funcionalidad adicional<\/li>\n<li>El dise\u00f1o que responde a dispositivos m\u00f3viles garantiza que el sitio web se vea muy bien en todos los tama\u00f1os de pantalla<\/li>\n<li>Caracter\u00edsticas amigables para el SEO para mejorar el ranking y la visibilidad<\/li>\n<li>Acceso al equipo de soporte de Themify para obtener ayuda y resoluci\u00f3n de problemas.<\/li>\n<\/ul>\n","protected":false},"excerpt":{"rendered":"<p>Themify Builder Pro, un constructor de p\u00e1ginas de arrastre y suelto notablemente robusto y f\u00e1cil de usar, proporciona a las personas la capacidad de fabricar sitios web visualmente cautivadores e intrincadamente dise\u00f1ados, todos sin requerir ning\u00fan conocimiento de codificaci\u00f3n. En virtud de su extensa colecci\u00f3n de dise\u00f1os y m\u00f3dulos predise\u00f1ados, los usuarios tienen la oportunidad de personalizar y generar p\u00e1ginas web distintivas que se adaptan impecablemente a su negocio o marca espec\u00edfica. Adem\u00e1s, la inclusi\u00f3n de una caracter\u00edstica de vista previa en vivo ofrece a las personas el lujo de observar y evaluar sus modificaciones en tiempo real, simplificando as\u00ed y acelerando el proceso de dise\u00f1o de una manera eficiente y sin esfuerzo. Adem\u00e1s, Themify Builder Pro cuenta con una capacidad de respuesta completa, asegurando que los sitios web creados con esta herramienta revolucionaria sean accesibles y se adapten a un amplio espectro de dispositivos. Tambi\u00e9n vale la pena mencionar que este innovador constructor de p\u00e1ginas es amigable con la optimizaci\u00f3n de motores de b\u00fasqueda, garantizando una mejor visibilidad en l\u00ednea y una mejor clasificaci\u00f3n de b\u00fasqueda org\u00e1nica. Adem\u00e1s, la integraci\u00f3n perfecta con los complementos de WordPress ampliamente utilizados aumenta la versatilidad y la funcionalidad de Themify Builder Pro, lo que lo convierte en un activo indispensable para aquellos que buscan elevar sus esfuerzos de construcci\u00f3n de sitios web. Por lo tanto, si desea trascender las limitaciones impuestas por los medios convencionales de creaci\u00f3n de sitios web, Themify Builder Pro es la soluci\u00f3n ideal para actualizar su experiencia de construcci\u00f3n de sitios web a alturas sin precedentes.<\/p>\n","protected":false},"featured_media":167751,"comment_status":"open","ping_status":"open","template":"","meta":[],"product_brand":[2578],"product_cat":[1214,1206,1211],"product_tag":[1400],"class_list":{"0":"post-121306","1":"product","2":"type-product","3":"status-publish","4":"has-post-thumbnail","6":"product_brand-themify","7":"product_cat-personalizacion","8":"product_cat-plugins","9":"product_cat-wordpress-plugins","10":"product_tag-themify","11":"member-discount","12":"discount-restricted","14":"first","15":"instock","16":"sale","17":"downloadable","18":"virtual","19":"sold-individually","20":"purchasable","21":"product-type-simple"},"_links":{"self":[{"href":"https:\/\/gpl-love.com\/es\/wp-json\/wp\/v2\/product\/121306","targetHints":{"allow":["GET"]}}],"collection":[{"href":"https:\/\/gpl-love.com\/es\/wp-json\/wp\/v2\/product"}],"about":[{"href":"https:\/\/gpl-love.com\/es\/wp-json\/wp\/v2\/types\/product"}],"replies":[{"embeddable":true,"href":"https:\/\/gpl-love.com\/es\/wp-json\/wp\/v2\/comments?post=121306"}],"wp:featuredmedia":[{"embeddable":true,"href":"https:\/\/gpl-love.com\/es\/wp-json\/wp\/v2\/media\/167751"}],"wp:attachment":[{"href":"https:\/\/gpl-love.com\/es\/wp-json\/wp\/v2\/media?parent=121306"}],"wp:term":[{"taxonomy":"product_brand","embeddable":true,"href":"https:\/\/gpl-love.com\/es\/wp-json\/wp\/v2\/product_brand?post=121306"},{"taxonomy":"product_cat","embeddable":true,"href":"https:\/\/gpl-love.com\/es\/wp-json\/wp\/v2\/product_cat?post=121306"},{"taxonomy":"product_tag","embeddable":true,"href":"https:\/\/gpl-love.com\/es\/wp-json\/wp\/v2\/product_tag?post=121306"}],"curies":[{"name":"wp","href":"https:\/\/api.w.org\/{rel}","templated":true}]}}