{"id":121304,"date":"2025-11-27T00:00:00","date_gmt":"2025-11-27T05:00:00","guid":{"rendered":"https:\/\/gpl-love.com\/es\/producto\/themify-announcement-bar\/"},"modified":"2026-03-09T08:12:45","modified_gmt":"2026-03-09T13:12:45","slug":"themify-announcement-bar","status":"publish","type":"product","link":"https:\/\/gpl-love.com\/es\/producto\/themify-announcement-bar\/","title":{"rendered":"Themify Announcement Bar 2.2.4"},"content":{"rendered":"<h3>Themify Announcement Bar Caracteristicas<\/h3>\n<p>La barra de anuncios de Themify es un complemento de WordPress f\u00e1cilmente f\u00e1cil de usar y notablemente eficiente que le otorga la capacidad de incorporar una barra de notificaci\u00f3n totalmente personalizable en su sitio web. Al utilizar este complemento notable, puede generar sin esfuerzo anuncios, promociones y mensajes que se pueden exhibir f\u00e1cilmente en el Zenith o Nadir de las p\u00e1ginas de su sitio web. Adem\u00e1s, posee la capacidad de modificar el color, la fuente y el texto de la barra para armonizar con el dise\u00f1o y la marca general de su sitio web. Adem\u00e1s, se le presenta la oportunidad de delinear meticulosamente el momento de la manifestaci\u00f3n de su barra de notificaci\u00f3n, en la que puede seleccionar fechas y horarios espec\u00edficos para que se revele el mensaje. La barra de anuncios de Themify constituye un instrumento indispensable para propietarios de sitios web que albergan un deseo de reforzar el compromiso, elevar las conversiones y mejorar la experiencia general del usuario.<\/p>\n<ul>\n<li>Bar de anuncio llamativo para captar la atenci\u00f3n de los visitantes<\/li>\n<li>Color de fondo personalizable, color de texto y opciones de fuente para que coincidan con la marca de su sitio web<\/li>\n<li>Muestre sus \u00faltimas promociones, descuentos y nuevos productos<\/li>\n<li>Capacidad para agregar enlaces a su barra de anuncio para llevar el tr\u00e1fico a p\u00e1ginas espec\u00edficas<\/li>\n<li>Dise\u00f1o receptivo que se adapta a diferentes tama\u00f1os y dispositivos de pantalla<\/li>\n<li>Varias opciones de visualizaci\u00f3n que incluyen animaciones fijas, deslizadas o desvanecidas<\/li>\n<li>F\u00e1cil de configurar y usar sin codificaci\u00f3n requerida<\/li>\n<li>Aumenta el compromiso y las conversiones dirigiendo a los visitantes al contenido importante<\/li>\n<li>Funciona sin problemas con los temas de WordPress y Themify<\/li>\n<li>Actualizado regularmente con nuevas caracter\u00edsticas y mejoras por Themify.<\/li>\n<\/ul>\n","protected":false},"excerpt":{"rendered":"<p>La barra de anuncios de Themify, un instrumento robusto dise\u00f1ado para atender a empresas de diferentes escalas, sirve como un mecanismo efectivo para difundir mensajes cruciales, notificaciones, acuerdos exclusivos e indicaciones atractivas para los visitantes del sitio web. Con su interfaz f\u00e1cil de usar, amplias capacidades de personalizaci\u00f3n y dise\u00f1o adaptable, esta barra de anuncios se integra perfectamente en cualquier marco de sitio web. Adem\u00e1s, ofrece una variedad de alternativas de presentaci\u00f3n, incluidos temporizadores de cuenta regresiva, botones y caracter\u00edsticas de ocultamiento autom\u00e1ticas, todas las cuales contribuyen a mejorar la interacci\u00f3n del usuario. En consecuencia, la barra de anuncios de Themify representa un complemento indispensable para las empresas que aspiran a aumentar la participaci\u00f3n del sitio web y fomentar tasas de conversi\u00f3n m\u00e1s altas.<\/p>\n","protected":false},"featured_media":167730,"comment_status":"open","ping_status":"open","template":"","meta":[],"product_brand":[2578],"product_cat":[1214,1206,1211],"product_tag":[1400],"class_list":{"0":"post-121304","1":"product","2":"type-product","3":"status-publish","4":"has-post-thumbnail","6":"product_brand-themify","7":"product_cat-personalizacion","8":"product_cat-plugins","9":"product_cat-wordpress-plugins","10":"product_tag-themify","11":"member-discount","12":"discount-restricted","14":"first","15":"instock","16":"sale","17":"downloadable","18":"virtual","19":"sold-individually","20":"purchasable","21":"product-type-simple"},"_links":{"self":[{"href":"https:\/\/gpl-love.com\/es\/wp-json\/wp\/v2\/product\/121304","targetHints":{"allow":["GET"]}}],"collection":[{"href":"https:\/\/gpl-love.com\/es\/wp-json\/wp\/v2\/product"}],"about":[{"href":"https:\/\/gpl-love.com\/es\/wp-json\/wp\/v2\/types\/product"}],"replies":[{"embeddable":true,"href":"https:\/\/gpl-love.com\/es\/wp-json\/wp\/v2\/comments?post=121304"}],"wp:featuredmedia":[{"embeddable":true,"href":"https:\/\/gpl-love.com\/es\/wp-json\/wp\/v2\/media\/167730"}],"wp:attachment":[{"href":"https:\/\/gpl-love.com\/es\/wp-json\/wp\/v2\/media?parent=121304"}],"wp:term":[{"taxonomy":"product_brand","embeddable":true,"href":"https:\/\/gpl-love.com\/es\/wp-json\/wp\/v2\/product_brand?post=121304"},{"taxonomy":"product_cat","embeddable":true,"href":"https:\/\/gpl-love.com\/es\/wp-json\/wp\/v2\/product_cat?post=121304"},{"taxonomy":"product_tag","embeddable":true,"href":"https:\/\/gpl-love.com\/es\/wp-json\/wp\/v2\/product_tag?post=121304"}],"curies":[{"name":"wp","href":"https:\/\/api.w.org\/{rel}","templated":true}]}}