{"id":121302,"date":"2024-03-12T00:00:00","date_gmt":"2024-03-12T05:00:00","guid":{"rendered":"https:\/\/gpl-love.com\/es\/?post_type=product&#038;p=121302"},"modified":"2026-04-10T11:27:42","modified_gmt":"2026-04-10T16:27:42","slug":"themify-agency-wordpress-theme","status":"publish","type":"product","link":"https:\/\/gpl-love.com\/es\/producto\/themify-agency-wordpress-theme\/","title":{"rendered":"Themify Agency Theme 7.5.6"},"content":{"rendered":"<h3>Themify Agency Theme Caracteristicas<\/h3>\n<p>El tema de la agencia Themify, que es un tema de WordPress inmensamente potente y adaptable, ha sido meticulosamente elaborado con la mayor consideraci\u00f3n para las agencias creativas y los trabajadores independientes. Con un dise\u00f1o inmaculado y sofisticado, este tema es impecablemente adecuado para mostrar su cartera excepcional, acentuar sus notables habilidades y servicios y cautivadores de clientes potenciales. Adem\u00e1s, este tema ofrece una variedad de opciones de personalizaci\u00f3n con el \u00fanico objetivo de ayudarlo a crear un sitio web distintivo y personalizado que resuene con su marca y estilo individual. Adem\u00e1s, abarca una selecci\u00f3n diversa de plantillas y m\u00f3dulos predise\u00f1ados, facilitando as\u00ed la creaci\u00f3n sin esfuerzo de p\u00e1ginas y dise\u00f1os hechos a medida. Ya sea que se identifique como dise\u00f1ador web, artista gr\u00e1fico o vendedor digital, el tema de la agencia Themify indudablemente se erige como una opci\u00f3n superlativa para construir un sitio web ultra mansado y orientado profesionalmente que lo elevar\u00e1 indiscutiblemente por encima de sus competidores.<\/p>\n<ul>\n<li>Dise\u00f1o elegante y profesional perfecto para agencias creativas<\/li>\n<li>Dise\u00f1o totalmente personalizable con un constructor de arrastre y ca\u00edda<\/li>\n<li>Importaci\u00f3n de demostraci\u00f3n de un solo clic para una f\u00e1cil configuraci\u00f3n<\/li>\n<li>Compatible con WooCommerce para una f\u00e1cil integraci\u00f3n de comercio electr\u00f3nico<\/li>\n<li>Dise\u00f1o de respuesta m\u00f3vil para una visualizaci\u00f3n \u00f3ptima en todos los dispositivos<\/li>\n<li>Incluye varias opciones de dise\u00f1o predise\u00f1adas para varias p\u00e1ginas.<\/li>\n<li>Traducci\u00f3n lista con soporte para m\u00e1s de 10 idiomas<\/li>\n<li>SEO optimizado para mejorar las clasificaciones de los motores de b\u00fasqueda<\/li>\n<li>Actualizaciones regulares y equipo de soporte dedicado para asistencia continua<\/li>\n<\/ul>\n","protected":false},"excerpt":{"rendered":"<p>El tema de la agencia Themify es un tema de WordPress excepcionalmente vers\u00e1til e impecablemente profesional que ha sido cuidadosamente elaborado con la intenci\u00f3n espec\u00edfica de atender a las agencias y una amplia gama de sitios web comerciales. Este tema ofrece abundantemente una amplia selecci\u00f3n de caracter\u00edsticas y opciones personalizables, lo que le permite, como usuario, a dise\u00f1ar un sitio web extraordinario y visualmente cautivador que encarna sin problemas la esencia de su negocio. Adem\u00e1s, presenta adem\u00e1s una variedad de plantillas predise\u00f1adas dise\u00f1adas meticulosamente para fines tales como p\u00e1ginas de destino, carteras, servicios y mucho m\u00e1s, brindando una oportunidad invaluable para exhibir y mostrar de manera efectiva sus productos y servicios estimados. Al emplear el tema de la agencia Themify, podr\u00e1 establecer una plataforma en l\u00ednea visualmente atractiva y est\u00e9ticamente agradable que combine perfectamente la funcionalidad y la facilidad de uso, culminando en una experiencia en l\u00ednea verdaderamente memorable e inmersiva para sus estimados visitantes.<\/p>\n","protected":false},"featured_media":167729,"comment_status":"open","ping_status":"open","template":"","meta":[],"product_brand":[2578],"product_cat":[1307,1237,1238],"product_tag":[1400],"class_list":{"0":"post-121302","1":"product","2":"type-product","3":"status-publish","4":"has-post-thumbnail","6":"product_brand-themify","7":"product_cat-negocio-wordpress-temas","8":"product_cat-temas","9":"product_cat-wordpress-temas","10":"product_tag-themify","11":"member-discount","12":"discount-restricted","14":"first","15":"instock","16":"sale","17":"downloadable","18":"virtual","19":"sold-individually","20":"purchasable","21":"product-type-simple"},"_links":{"self":[{"href":"https:\/\/gpl-love.com\/es\/wp-json\/wp\/v2\/product\/121302","targetHints":{"allow":["GET"]}}],"collection":[{"href":"https:\/\/gpl-love.com\/es\/wp-json\/wp\/v2\/product"}],"about":[{"href":"https:\/\/gpl-love.com\/es\/wp-json\/wp\/v2\/types\/product"}],"replies":[{"embeddable":true,"href":"https:\/\/gpl-love.com\/es\/wp-json\/wp\/v2\/comments?post=121302"}],"wp:featuredmedia":[{"embeddable":true,"href":"https:\/\/gpl-love.com\/es\/wp-json\/wp\/v2\/media\/167729"}],"wp:attachment":[{"href":"https:\/\/gpl-love.com\/es\/wp-json\/wp\/v2\/media?parent=121302"}],"wp:term":[{"taxonomy":"product_brand","embeddable":true,"href":"https:\/\/gpl-love.com\/es\/wp-json\/wp\/v2\/product_brand?post=121302"},{"taxonomy":"product_cat","embeddable":true,"href":"https:\/\/gpl-love.com\/es\/wp-json\/wp\/v2\/product_cat?post=121302"},{"taxonomy":"product_tag","embeddable":true,"href":"https:\/\/gpl-love.com\/es\/wp-json\/wp\/v2\/product_tag?post=121302"}],"curies":[{"name":"wp","href":"https:\/\/api.w.org\/{rel}","templated":true}]}}