{"id":121300,"date":"2026-04-10T00:00:00","date_gmt":"2026-04-10T05:00:00","guid":{"rendered":"https:\/\/gpl-love.com\/es\/producto\/the7-responsive-multi-purpose-wordpress-tema-y-full-demos\/"},"modified":"2026-04-10T11:27:36","modified_gmt":"2026-04-10T16:27:36","slug":"the7-responsive-multi-purpose-wordpress-tema-y-full-demos","status":"publish","type":"product","link":"https:\/\/gpl-love.com\/es\/producto\/the7-responsive-multi-purpose-wordpress-tema-y-full-demos\/","title":{"rendered":"The7 Responsive Multi-Purpose WordPress Theme 14.3.0"},"content":{"rendered":"<h3>The7 Responsive Multi-Purpose WordPress Theme Caracteristicas<\/h3>\n<p>El tema conocido como el tema de WordPress multiprop\u00f3sito que responde una versatilidad y personalizaci\u00f3n inherentes que lo hace adecuado para una multitud de sitios web. Con un repertorio de m\u00e1s de 40 dise\u00f1os de sitios web prefabricados, ofrece una amplia gama de opciones para seleccionar para adaptar el dise\u00f1o y el estilo de su sitio web a sus especificaciones precisas. Adem\u00e1s, este tema es totalmente receptivo de naturaleza, garantizado para exudar una apariencia atractiva en cualquier dispositivo desde el que se accede, y est\u00e1 equipado con un potente constructor de p\u00e1ginas que facilita la personalizaci\u00f3n sin esfuerzo. Adem\u00e1s, se complementa con una selecci\u00f3n diversa de complementos premium, incluido el ilustre constructor de p\u00e1ginas de WPbakery y la revoluci\u00f3n del control deslizante, aumentando as\u00ed la funcionalidad de su sitio web. En general, el tema de WordPress multiprop\u00f3sito de 7 receptivos es una opci\u00f3n inigualable para cualquier individuo que busque establecer una presencia en l\u00ednea profesional e incomparable.<\/p>\n<ul>\n<li>Tema de sitio web totalmente personalizable dise\u00f1ado para WordPress<\/li>\n<li>El dise\u00f1o receptivo garantiza que su sitio web se vea muy bien en cualquier dispositivo<\/li>\n<li>M\u00e1s de 40 demostraciones de sitio web prebuiladas para elegir<\/li>\n<li>Crear dise\u00f1os \u00fanicos con m\u00e1s de 1000 opciones de tema<\/li>\n<li>Personalice f\u00e1cilmente las fuentes, colores, dise\u00f1os y m\u00e1s con el compositor visual incorporado<\/li>\n<li>Compatible con complementos populares de WordPress como WooCommerce y el Formulario de contacto 7<\/li>\n<li>Incluye complementos premium como Slider Revolution, Convert Plus y ACF Pro<\/li>\n<li>SEO optimizado para una mejor clasificaci\u00f3n de motores de b\u00fasqueda<\/li>\n<li>Actualizaciones regulares y soporte confiable de los desarrolladores del tema<\/li>\n<li>Multiling\u00fce listo para el p\u00fablico global<\/li>\n<li>Opciones de encabezado avanzadas para crear men\u00fas, logotipos y barras de navegaci\u00f3n personalizados<\/li>\n<li>M\u00faltiples dise\u00f1os de blog y formatos de publicaci\u00f3n para una variedad de tipos de contenido<\/li>\n<\/ul>\n","protected":false},"excerpt":{"rendered":"<p>Bienvenido a la introducci\u00f3n del tema de WordPress multiprop\u00f3sito 7 receptivo, un tema incre\u00edblemente vers\u00e1til y f\u00e1cil de usar que ofrece una variedad de caracter\u00edsticas para satisfacer todas sus necesidades. Este tema excepcional no solo garantiza un rendimiento excepcional, sino que tambi\u00e9n cuenta con un dise\u00f1o est\u00e9ticamente agradable que seguramente cautivar\u00e1 a su audiencia. Con una amplia selecci\u00f3n de m\u00e1s de 40 sitios web preconstruidos, una colecci\u00f3n impresionante de m\u00e1s de m\u00e1s de 1000 opciones de temas y posibilidades de personalizaci\u00f3n ilimitadas, tiene la capacidad de crear un sitio web que sea realmente distintivo y que refleje la identidad de su marca. Adem\u00e1s, la capacidad de respuesta impecable de este tema garantiza que su sitio web se adapte a todos los dispositivos, proporcionando una experiencia de usuario perfecta en todos los \u00e1mbitos. Abrace la incomparable experiencia en la construcci\u00f3n de sitios web ofrecida por el tema de WordPress multiprop\u00f3sito de 7 hoy en d\u00eda y desbloquea todo el potencial de su presencia en l\u00ednea.<\/p>\n","protected":false},"featured_media":167717,"comment_status":"open","ping_status":"open","template":"","meta":[],"product_brand":[2337],"product_cat":[1239,1237,1238],"product_tag":[1391],"class_list":{"0":"post-121300","1":"product","2":"type-product","3":"status-publish","4":"has-post-thumbnail","6":"product_brand-themeforest","7":"product_cat-de-multiples-fines","8":"product_cat-temas","9":"product_cat-wordpress-temas","10":"product_tag-themeforest","11":"member-discount","12":"discount-restricted","14":"first","15":"instock","16":"sale","17":"downloadable","18":"virtual","19":"sold-individually","20":"purchasable","21":"product-type-simple"},"_links":{"self":[{"href":"https:\/\/gpl-love.com\/es\/wp-json\/wp\/v2\/product\/121300","targetHints":{"allow":["GET"]}}],"collection":[{"href":"https:\/\/gpl-love.com\/es\/wp-json\/wp\/v2\/product"}],"about":[{"href":"https:\/\/gpl-love.com\/es\/wp-json\/wp\/v2\/types\/product"}],"replies":[{"embeddable":true,"href":"https:\/\/gpl-love.com\/es\/wp-json\/wp\/v2\/comments?post=121300"}],"wp:featuredmedia":[{"embeddable":true,"href":"https:\/\/gpl-love.com\/es\/wp-json\/wp\/v2\/media\/167717"}],"wp:attachment":[{"href":"https:\/\/gpl-love.com\/es\/wp-json\/wp\/v2\/media?parent=121300"}],"wp:term":[{"taxonomy":"product_brand","embeddable":true,"href":"https:\/\/gpl-love.com\/es\/wp-json\/wp\/v2\/product_brand?post=121300"},{"taxonomy":"product_cat","embeddable":true,"href":"https:\/\/gpl-love.com\/es\/wp-json\/wp\/v2\/product_cat?post=121300"},{"taxonomy":"product_tag","embeddable":true,"href":"https:\/\/gpl-love.com\/es\/wp-json\/wp\/v2\/product_tag?post=121300"}],"curies":[{"name":"wp","href":"https:\/\/api.w.org\/{rel}","templated":true}]}}