{"id":121298,"date":"2026-04-21T00:00:00","date_gmt":"2026-04-21T05:00:00","guid":{"rendered":"https:\/\/gpl-love.com\/es\/producto\/the-plus-addon-para-elementor-page-builder-plugin\/"},"modified":"2026-04-21T11:16:19","modified_gmt":"2026-04-21T16:16:19","slug":"the-plus-addon-para-elementor-page-builder-plugin","status":"publish","type":"product","link":"https:\/\/gpl-love.com\/es\/producto\/the-plus-addon-para-elementor-page-builder-plugin\/","title":{"rendered":"The Plus Addon para Elementor Page Builder Plugin 6.4.10"},"content":{"rendered":"<h3>The Plus Addon para Elementor Page Builder Plugin Caracteristicas<\/h3>\n<p>El complemento Plus Addon para Elementor Page Builder es una herramienta que es absolutamente necesaria para las personas que buscan elevar las capacidades de dise\u00f1o de sus sitios web. Al utilizar este complemento altamente potente, puede incorporar sin esfuerzo widgets, m\u00f3dulos y plantillas en su creador de p\u00e1ginas Elementer, lo que le otorga un nivel de control elevado sobre la est\u00e9tica y la funcionalidad de su sitio web. Independientemente de si aspira a producir efectos visualmente impresionantes, mejorar el rendimiento de su sitio web o simplemente integrar caracter\u00edsticas nuevas en sus p\u00e1ginas, el complemento posee una amplia gama de recursos que lo equipar\u00e1n con todo lo que se requiere para impulsar su sitio web El pin\u00e1culo del \u00e9xito. Por lo tanto, \u00bfpor qu\u00e9 retrasar? Tome la sabia decisi\u00f3n de invertir en el complemento Plus para Elementor hoy y embarque el viaje de la elaboraci\u00f3n de sitios web impresionantes y de alto rendimiento que seguramente se distinguir\u00e1n de las masas.<\/p>\n<ul>\n<li>Funcionalidad mejorada para el complemento de constructor de p\u00e1ginas Elementor<\/li>\n<li>Acceso a widgets y herramientas adicionales<\/li>\n<li>Opciones de dise\u00f1o mejoradas y capacidades de personalizaci\u00f3n<\/li>\n<li>Flujo de trabajo aerodin\u00e1mico para p\u00e1ginas de construcci\u00f3n y edici\u00f3n<\/li>\n<li>Interfaz f\u00e1cil de usar para f\u00e1cil navegaci\u00f3n y control<\/li>\n<li>Compatibilidad con todos los principales navegadores web y temas de WordPress<\/li>\n<li>Actualizaciones regulares y atenci\u00f3n al cliente para un rendimiento \u00f3ptimo<\/li>\n<li>Precios asequibles para uso personal y profesional<\/li>\n<li>Mayor eficiencia y productividad en proyectos de desarrollo web.<\/li>\n<\/ul>\n","protected":false},"excerpt":{"rendered":"<p>El Addon Plus, que es un complemento premium especialmente elaborado para el Elementor Page Builder, tiene como objetivo enriquecer su experiencia de dise\u00f1o web y elevar la calidad de su sitio web. Ofrece una amplia gama de widgets y caracter\u00edsticas complementarias que pueden ayudarlo a llevar su sitio web a nuevas alturas. Independientemente de si est\u00e1 construyendo un blog personal o una plataforma de comercio electr\u00f3nico, el complemento Plus lo equipa con una variedad de herramientas que realmente pueden hacer que su sitio web se destaque entre el resto. Algunos de estos widgets adicionales abarcan tablas de precios interactivas, men\u00fas de navegaci\u00f3n animados, puntos de acceso de im\u00e1genes y muchos m\u00e1s. Con su interfaz f\u00e1cil de usar y su amplia gama de opciones de personalizaci\u00f3n, el Addon Plus realmente sirve como un instrumento impecable para cualquier dise\u00f1ador web que aspira a crear sitios web que exuden profesionalismo y cautiven al p\u00fablico.<\/p>\n","protected":false},"featured_media":167712,"comment_status":"open","ping_status":"open","template":"","meta":[],"product_brand":[2576],"product_cat":[1214,1206,1211],"product_tag":[2173],"class_list":{"0":"post-121298","1":"product","2":"type-product","3":"status-publish","4":"has-post-thumbnail","6":"product_brand-posimyth","7":"product_cat-personalizacion","8":"product_cat-plugins","9":"product_cat-wordpress-plugins","10":"product_tag-posimyth","11":"member-discount","12":"discount-restricted","14":"first","15":"instock","16":"sale","17":"downloadable","18":"virtual","19":"sold-individually","20":"purchasable","21":"product-type-simple"},"_links":{"self":[{"href":"https:\/\/gpl-love.com\/es\/wp-json\/wp\/v2\/product\/121298","targetHints":{"allow":["GET"]}}],"collection":[{"href":"https:\/\/gpl-love.com\/es\/wp-json\/wp\/v2\/product"}],"about":[{"href":"https:\/\/gpl-love.com\/es\/wp-json\/wp\/v2\/types\/product"}],"replies":[{"embeddable":true,"href":"https:\/\/gpl-love.com\/es\/wp-json\/wp\/v2\/comments?post=121298"}],"wp:featuredmedia":[{"embeddable":true,"href":"https:\/\/gpl-love.com\/es\/wp-json\/wp\/v2\/media\/167712"}],"wp:attachment":[{"href":"https:\/\/gpl-love.com\/es\/wp-json\/wp\/v2\/media?parent=121298"}],"wp:term":[{"taxonomy":"product_brand","embeddable":true,"href":"https:\/\/gpl-love.com\/es\/wp-json\/wp\/v2\/product_brand?post=121298"},{"taxonomy":"product_cat","embeddable":true,"href":"https:\/\/gpl-love.com\/es\/wp-json\/wp\/v2\/product_cat?post=121298"},{"taxonomy":"product_tag","embeddable":true,"href":"https:\/\/gpl-love.com\/es\/wp-json\/wp\/v2\/product_tag?post=121298"}],"curies":[{"name":"wp","href":"https:\/\/api.w.org\/{rel}","templated":true}]}}