{"id":121296,"date":"2026-03-13T00:00:00","date_gmt":"2026-03-13T05:00:00","guid":{"rendered":"https:\/\/gpl-love.com\/es\/producto\/the-grid-responsive-wordpress-grid-plugin\/"},"modified":"2026-04-10T11:27:29","modified_gmt":"2026-04-10T16:27:29","slug":"the-grid-responsive-wordpress-grid-plugin","status":"publish","type":"product","link":"https:\/\/gpl-love.com\/es\/producto\/the-grid-responsive-wordpress-grid-plugin\/","title":{"rendered":"The Grid Responsive WordPress Grid Plugin 2.8.1"},"content":{"rendered":"<h3>The Grid Responsive WordPress Grid Plugin Caracteristicas<\/h3>\n<p>El complemento de cuadr\u00edcula de WordPress que responde a la cuadr\u00edcula, conocido por su versatilidad y potencia, sirve como una herramienta excepcional para construir cuadr\u00edculas y dise\u00f1os personalizados dentro de la plataforma WordPress. Al emplear su interfaz de arrastre y ca\u00edda f\u00e1cil de usar, las personas pueden conceptualizar r\u00e1pidamente y modificar las redes para exhibir una extensa gama de contenido, que abarca im\u00e1genes cautivadoras, videos cautivadores y texto atractivo. Adem\u00e1s, el complemento se adapta perfectamente a varios dispositivos, garantizando un atractivo visual sobresaliente en todos los tama\u00f1os de pantalla. La cuadr\u00edcula amplifica a\u00fan m\u00e1s su atractivo al presentar una gran cantidad de alternativas de personalizaci\u00f3n, como diversos estilos de piel, cautivadores de efectos de animaci\u00f3n y plantillas predise\u00f1adas que facilitan una iniciaci\u00f3n sin esfuerzo. Independientemente de si uno se identifica como blogger, dise\u00f1ador o desarrollador, la cuadr\u00edcula emerge como la soluci\u00f3n por excelencia para elaborar cuadr\u00edculas visualmente llamativas y sofisticadas adaptadas al sitio web de WordPress de uno.<\/p>\n<ul>\n<li>La cuadr\u00edcula es un complemento de cuadr\u00edcula de WordPress receptivo que le permite mostrar y administrar una variedad de tipos de contenido en un formato de cuadr\u00edcula personalizable.<\/li>\n<li>Con la cuadr\u00edcula, puede crear cuadr\u00edculas de im\u00e1genes, videos, publicaciones, productos de WooCommerce y m\u00e1s, todo con una interfaz intuitiva de arrastrar y soltar.<\/li>\n<li>El complemento ofrece una variedad de plantillas predise\u00f1adas para elegir, o puede crear su propio dise\u00f1o de cuadr\u00edcula personalizado utilizando las potentes opciones de personalizaci\u00f3n.<\/li>\n<li>La cuadr\u00edcula incluye opciones avanzadas de filtrado y clasificaci\u00f3n, as\u00ed como funcionalidades de Lightbox y Slider para su contenido multimedia.<\/li>\n<li>Tambi\u00e9n incluye opciones de intercambio social incorporadas, para que sus usuarios puedan compartir f\u00e1cilmente su contenido en sus redes sociales.<\/li>\n<li>El complemento es compatible con todos los navegadores modernos y admite idiomas RTL.<\/li>\n<li>La cuadr\u00edcula est\u00e1 altamente optimizada para la velocidad y el rendimiento, asegurando que su sitio web se cargue de manera r\u00e1pida y sin problemas.<\/li>\n<li>Incluye documentaci\u00f3n detallada y atenci\u00f3n al cliente receptiva para ayudarlo a aprovechar al m\u00e1ximo el complemento.<\/li>\n<\/ul>\n","protected":false},"excerpt":{"rendered":"<p>La cuadr\u00edcula, un complemento de WordPress altamente potente, ofrece la impresionante capacidad para construir cuadr\u00edculas receptivas personalizadas para su estimado sitio web. A trav\u00e9s de su interfaz de arrastrar y soltar notablemente f\u00e1cil de usar, incorpore y organice sin esfuerzo una variedad de contenido dentro de numerosas columnas y filas. Adem\u00e1s, este complemento excepcional cuenta con una amplia variedad de opciones de personalizaci\u00f3n, que abarca el tama\u00f1o vers\u00e1til, los efectos de animaci\u00f3n cautivadores y los puntos de interrupci\u00f3n receptivos adaptables, todos dise\u00f1ados para garantizar el mayor atractivo visual de sus redes en todos los dispositivos. Independientemente de si su intenci\u00f3n es exhibir su cartera art\u00edstica, promover su variedad de productos o curar publicaciones de blog cautivadoras, tenga la seguridad de que la red posee todas las caracter\u00edsticas esenciales necesarias para fabricar exhibiciones visuales inspiradoras.<\/p>\n","protected":false},"featured_media":167710,"comment_status":"open","ping_status":"open","template":"","meta":[],"product_brand":[2339],"product_cat":[1214,1206,1211],"product_tag":[1256],"class_list":{"0":"post-121296","1":"product","2":"type-product","3":"status-publish","4":"has-post-thumbnail","6":"product_brand-codecanyon","7":"product_cat-personalizacion","8":"product_cat-plugins","9":"product_cat-wordpress-plugins","10":"product_tag-codecanyon","11":"member-discount","12":"discount-restricted","14":"first","15":"instock","16":"sale","17":"downloadable","18":"virtual","19":"sold-individually","20":"purchasable","21":"product-type-simple"},"_links":{"self":[{"href":"https:\/\/gpl-love.com\/es\/wp-json\/wp\/v2\/product\/121296","targetHints":{"allow":["GET"]}}],"collection":[{"href":"https:\/\/gpl-love.com\/es\/wp-json\/wp\/v2\/product"}],"about":[{"href":"https:\/\/gpl-love.com\/es\/wp-json\/wp\/v2\/types\/product"}],"replies":[{"embeddable":true,"href":"https:\/\/gpl-love.com\/es\/wp-json\/wp\/v2\/comments?post=121296"}],"wp:featuredmedia":[{"embeddable":true,"href":"https:\/\/gpl-love.com\/es\/wp-json\/wp\/v2\/media\/167710"}],"wp:attachment":[{"href":"https:\/\/gpl-love.com\/es\/wp-json\/wp\/v2\/media?parent=121296"}],"wp:term":[{"taxonomy":"product_brand","embeddable":true,"href":"https:\/\/gpl-love.com\/es\/wp-json\/wp\/v2\/product_brand?post=121296"},{"taxonomy":"product_cat","embeddable":true,"href":"https:\/\/gpl-love.com\/es\/wp-json\/wp\/v2\/product_cat?post=121296"},{"taxonomy":"product_tag","embeddable":true,"href":"https:\/\/gpl-love.com\/es\/wp-json\/wp\/v2\/product_tag?post=121296"}],"curies":[{"name":"wp","href":"https:\/\/api.w.org\/{rel}","templated":true}]}}