{"id":121294,"date":"2026-03-13T00:00:00","date_gmt":"2026-03-13T05:00:00","guid":{"rendered":"https:\/\/gpl-love.com\/es\/producto\/the-events-calendar-pro\/"},"modified":"2026-04-10T11:27:26","modified_gmt":"2026-04-10T16:27:26","slug":"the-events-calendar-pro","status":"publish","type":"product","link":"https:\/\/gpl-love.com\/es\/producto\/the-events-calendar-pro\/","title":{"rendered":"The Events Calendar Pro 7.7.14"},"content":{"rendered":"<h3>The Events Calendar Pro Caracteristicas<\/h3>\n<p>Events Calendar Pro es un complemento extenso y potente que le otorga la capacidad de administrar y mostrar sin esfuerzo sus eventos en su sitio web de WordPress. Con su interfaz f\u00e1cil de usar, tiene la conveniencia de generar y manejar eventos sin esfuerzo, abarcar eventos recurrentes, ventas de boletos y RSVP. Adem\u00e1s, tiene la capacidad de personalizar su calendario para armonizar con la est\u00e9tica y el ambiente de su sitio web y exhibir sus eventos en diversos formatos, que abarcan calendarios, listas y mapas. Adem\u00e1s, el complemento abarca funcionalidades avanzadas como campos personalizados, filtrado e integraci\u00f3n con otros complementos y servicios como Google Maps, WooCommerce y Facebook. Events Calendar Pro sirve como la resoluci\u00f3n ideal para las personas que buscan optimizar su gesti\u00f3n de eventos y aumentar el compromiso con su audiencia.<\/p>\n<ul>\n<li>Una herramienta poderosa para crear y administrar eventos en su sitio de WordPress.<\/li>\n<li>Personalice su calendario para que coincida con su marca con varias opciones de dise\u00f1o y dise\u00f1os.<\/li>\n<li>Agregue f\u00e1cilmente eventos y establezca detalles del evento como fechas, horarios, ubicaci\u00f3n e informaci\u00f3n de boletos.<\/li>\n<li>Muestre sus eventos en varias vistas, incluyendo mes, semana, d\u00eda y vista de lista.<\/li>\n<li>Establezca opciones de recurrencia para eventos que se repitan regularmente, como semanal o mensual.<\/li>\n<li>Permita que los usuarios env\u00eden eventos directamente a su sitio web con la funci\u00f3n de env\u00edo frontal.<\/li>\n<li>Vender boletos y recolectar pagos para eventos con m\u00faltiples opciones de boletos y precios.<\/li>\n<li>Integre con otros complementos populares de WordPress como WooCommerce, Google Maps y m\u00e1s.<\/li>\n<li>Obtenga el apoyo de un equipo de expertos que puedan ayudar a solucionar problemas con los problemas que pueda encontrar.<\/li>\n<li>Mantenga sus eventos organizados y accesibles con un sistema integral de gesti\u00f3n de backend.<\/li>\n<\/ul>\n","protected":false},"excerpt":{"rendered":"<p>El calendario de eventos Pro, siendo la mejor herramienta de gesti\u00f3n de eventos para empresas, organizaciones e individuos que est\u00e1n en el negocio de organizar eventos, cuenta con una amplia gama de caracter\u00edsticas poderosas que permiten a sus usuarios crear y administrar sin esfuerzo sus eventos. Desde las eficientes funcionalidades de programaci\u00f3n y venta de boletos hasta el seguimiento meticuloso de RSVP y una integraci\u00f3n perfecta con plataformas de redes sociales, The Events Calendar Pro ofrece una experiencia de planificaci\u00f3n y ejecuci\u00f3n de eventos sin problemas. Adem\u00e1s de su interfaz personalizable f\u00e1cil de usar, que permite adaptar el calendario para satisfacer las necesidades y preferencias espec\u00edficas de uno, esta notable herramienta tambi\u00e9n cuenta con caracter\u00edsticas avanzadas como el seguimiento de la asistencia, las notificaciones de recordatorio automatizadas y la conveniente capacidad para aceptar pagos. Independientemente de si uno est\u00e1 organizando una peque\u00f1a reuni\u00f3n \u00edntima o una conferencia a gran escala, el calendario de eventos se destaca como la herramienta inigualable de elecci\u00f3n para simplificar y refinar sin esfuerzo el proceso de planificaci\u00f3n de eventos.<\/p>\n","protected":false},"featured_media":167705,"comment_status":"open","ping_status":"open","template":"","meta":[],"product_brand":[2575],"product_cat":[1214,1206,1211],"product_tag":[1551],"class_list":{"0":"post-121294","1":"product","2":"type-product","3":"status-publish","4":"has-post-thumbnail","6":"product_brand-the-events-calendar","7":"product_cat-personalizacion","8":"product_cat-plugins","9":"product_cat-wordpress-plugins","10":"product_tag-the-events-calendar","11":"member-discount","12":"discount-restricted","14":"first","15":"instock","16":"sale","17":"downloadable","18":"virtual","19":"sold-individually","20":"purchasable","21":"product-type-simple"},"_links":{"self":[{"href":"https:\/\/gpl-love.com\/es\/wp-json\/wp\/v2\/product\/121294","targetHints":{"allow":["GET"]}}],"collection":[{"href":"https:\/\/gpl-love.com\/es\/wp-json\/wp\/v2\/product"}],"about":[{"href":"https:\/\/gpl-love.com\/es\/wp-json\/wp\/v2\/types\/product"}],"replies":[{"embeddable":true,"href":"https:\/\/gpl-love.com\/es\/wp-json\/wp\/v2\/comments?post=121294"}],"wp:featuredmedia":[{"embeddable":true,"href":"https:\/\/gpl-love.com\/es\/wp-json\/wp\/v2\/media\/167705"}],"wp:attachment":[{"href":"https:\/\/gpl-love.com\/es\/wp-json\/wp\/v2\/media?parent=121294"}],"wp:term":[{"taxonomy":"product_brand","embeddable":true,"href":"https:\/\/gpl-love.com\/es\/wp-json\/wp\/v2\/product_brand?post=121294"},{"taxonomy":"product_cat","embeddable":true,"href":"https:\/\/gpl-love.com\/es\/wp-json\/wp\/v2\/product_cat?post=121294"},{"taxonomy":"product_tag","embeddable":true,"href":"https:\/\/gpl-love.com\/es\/wp-json\/wp\/v2\/product_tag?post=121294"}],"curies":[{"name":"wp","href":"https:\/\/api.w.org\/{rel}","templated":true}]}}