{"id":121292,"date":"2025-07-31T00:00:00","date_gmt":"2025-07-31T05:00:00","guid":{"rendered":"https:\/\/gpl-love.com\/es\/producto\/teams-para-woocommerce-memberships\/"},"modified":"2026-03-30T11:15:58","modified_gmt":"2026-03-30T16:15:58","slug":"teams-para-woocommerce-memberships","status":"publish","type":"product","link":"https:\/\/gpl-love.com\/es\/producto\/teams-para-woocommerce-memberships\/","title":{"rendered":"Teams para WooCommerce Memberships 1.8.0"},"content":{"rendered":"<h3>Teams para WooCommerce Memberships Caracteristicas<\/h3>\n<p>Los equipos para WooCommerce Memberships es una herramienta incre\u00edblemente robusta y sofisticada que ha sido meticulosamente dise\u00f1ada para facilitar y racionalizar la gesti\u00f3n de programas de membres\u00eda para empresas y organizaciones. Este complemento excepcionalmente poderoso capacita a los administradores al otorgarles la capacidad de crear y supervisar eficazmente a los equipos, asignar h\u00e1bilmente miembros a estos equipos y establecer y regular sin problemas niveles de acceso variables para diferentes grupos. La versatilidad intr\u00ednseca de esta caracter\u00edstica particular indudablemente demuestra ser excepcionalmente ventajosa, particularmente para las empresas que exhiben la presencia de m\u00faltiples departamentos o equipos que requieren niveles diferentes de acceso al mismo programa de membres\u00eda. Adem\u00e1s, vale la pena destacar que los equipos para Membreships de WooCommerce cuentan con una selecci\u00f3n expansiva de opciones personalizables que est\u00e1n f\u00e1cilmente disponibles para los usuarios. Estas opciones notables abarcan la capacidad de designar e individualizar sin esfuerzo los nombres de los equipos, personalizar meticulosamente los colores e incluso curar y mostrar logotipos meticulosamente de exhibici\u00f3n. Esencialmente, este complemento realmente sobresale en su capacidad para atender y alinearse de manera efectiva con los requisitos espec\u00edficos de marca y organizaci\u00f3n de cualquier instituci\u00f3n determinada. En consecuencia, es inequ\u00edvocamente evidente que los equipos para las membres\u00edas de WooCommerce sirven como una herramienta indispensable e invaluable que revoluciona y optimiza de manera efectiva la gesti\u00f3n de la membres\u00eda, mejorando y fomentando esfuerzos colaborativos \u00f3ptimos dentro de los \u00e1mbitos de las empresas y las organizaciones. Como tal, est\u00e1 innegablemente claro que este notable complemento es una necesidad absoluta para cualquier establecimiento que cuenta con la presencia de un programa de membres\u00eda.<\/p>\n<ul>\n<li>Permite la creaci\u00f3n de equipos dentro de las membres\u00edas de WooCommerce<\/li>\n<li>Permite a los l\u00edderes de equipo administrar los miembros de su equipo dentro del tablero de membres\u00edas<\/li>\n<li>Los l\u00edderes de equipo pueden invitar a nuevos miembros del equipo por correo electr\u00f3nico<\/li>\n<li>Habilita las opciones de precios basadas en el equipo para membres\u00edas<\/li>\n<li>Proporciona informaci\u00f3n sobre el rendimiento y el progreso del equipo<\/li>\n<li>Mejora la colaboraci\u00f3n y la comunicaci\u00f3n dentro de los equipos<\/li>\n<li>Simplifica la gesti\u00f3n de grandes grupos de suscriptores de membres\u00edas<\/li>\n<li>Opciones de nombre y descripci\u00f3n personalizables del equipo<\/li>\n<li>Compatible con extensiones populares de WooCommerce y complementos<\/li>\n<li>F\u00e1cil de instalar y usar tanto para los propietarios de tiendas como para los miembros del equipo.<\/li>\n<\/ul>\n","protected":false},"excerpt":{"rendered":"<p>Los equipos para WooCommerce Memberships son un complemento notablemente eficiente y altamente funcional que le permite generar y supervisar las membres\u00edas del equipo para su estimada tienda de WooCommerce. A trav\u00e9s de la utilizaci\u00f3n de esta caracter\u00edstica formidable, se le otorga la capacidad sin precedentes para otorgar a la perfecci\u00f3n membres\u00edas de nivel de \u00e9lite a equipos y grupos, todo mientras disfruta de la mayor comodidad de los niveles de precios y los controles de gesti\u00f3n de grupos. Esta oferta incomparable es particularmente adecuada para empresas u organizaciones que albergan un ferviente deseo de proporcionar a sus valiosos miembros con beneficios incomparables y descuentos muy codiciados. Independientemente de si se encuentra en medio de los incentivos centrados en el equipo para equipos deportivos, clubes o organizaciones empresariales, la funcionalidad sin igual de equipos para las membres\u00edas de WooCommerce garantiza una mayor capacidad para aumentar su flujo de ingresos y ofrecer un est\u00e1ndar incomparable de servicio al cliente .<\/p>\n","protected":false},"featured_media":167693,"comment_status":"open","ping_status":"open","template":"","meta":[],"product_brand":[2344],"product_cat":[1384,1207,1206],"product_tag":[1423],"class_list":{"0":"post-121292","1":"product","2":"type-product","3":"status-publish","4":"has-post-thumbnail","6":"product_brand-woocommerce","7":"product_cat-afiliacion-comercio-electronico-plugins","8":"product_cat-comercio-electronico-plugins","9":"product_cat-plugins","10":"product_tag-woocommerce","11":"member-discount","12":"discount-restricted","14":"first","15":"instock","16":"sale","17":"downloadable","18":"virtual","19":"sold-individually","20":"purchasable","21":"product-type-simple"},"_links":{"self":[{"href":"https:\/\/gpl-love.com\/es\/wp-json\/wp\/v2\/product\/121292","targetHints":{"allow":["GET"]}}],"collection":[{"href":"https:\/\/gpl-love.com\/es\/wp-json\/wp\/v2\/product"}],"about":[{"href":"https:\/\/gpl-love.com\/es\/wp-json\/wp\/v2\/types\/product"}],"replies":[{"embeddable":true,"href":"https:\/\/gpl-love.com\/es\/wp-json\/wp\/v2\/comments?post=121292"}],"wp:featuredmedia":[{"embeddable":true,"href":"https:\/\/gpl-love.com\/es\/wp-json\/wp\/v2\/media\/167693"}],"wp:attachment":[{"href":"https:\/\/gpl-love.com\/es\/wp-json\/wp\/v2\/media?parent=121292"}],"wp:term":[{"taxonomy":"product_brand","embeddable":true,"href":"https:\/\/gpl-love.com\/es\/wp-json\/wp\/v2\/product_brand?post=121292"},{"taxonomy":"product_cat","embeddable":true,"href":"https:\/\/gpl-love.com\/es\/wp-json\/wp\/v2\/product_cat?post=121292"},{"taxonomy":"product_tag","embeddable":true,"href":"https:\/\/gpl-love.com\/es\/wp-json\/wp\/v2\/product_tag?post=121292"}],"curies":[{"name":"wp","href":"https:\/\/api.w.org\/{rel}","templated":true}]}}