{"id":121290,"date":"2024-12-15T00:00:00","date_gmt":"2024-12-15T05:00:00","guid":{"rendered":"https:\/\/gpl-love.com\/es\/producto\/swift-performance\/"},"modified":"2026-03-09T08:11:35","modified_gmt":"2026-03-09T13:11:35","slug":"swift-performance","status":"publish","type":"product","link":"https:\/\/gpl-love.com\/es\/producto\/swift-performance\/","title":{"rendered":"Swift Performance 2.3.7.3"},"content":{"rendered":"<h3>Swift Performance Caracteristicas<\/h3>\n<p>Swift Performance es una soluci\u00f3n de software excepcionalmente poderosa que se ha dise\u00f1ado meticulosamente con el objetivo principal de optimizar el rendimiento de su sitio web. Este software extraordinario posee algoritmos de almacenamiento en cach\u00e9 altamente avanzados y una variedad de caracter\u00edsticas de optimizaci\u00f3n s\u00f3lidas, lo que le permite acelerar eficazmente los tiempos de carga de su sitio web, reducir sustancialmente la carga del servidor y, en \u00faltima instancia, mejorar la experiencia general del usuario. Adem\u00e1s, la interfaz de usuario de este software es notablemente f\u00e1cil de usar e intuitiva, ofreciendo una multitud de opciones de personalizaci\u00f3n que satisfacen las necesidades y preferencias de los usuarios novatos y experimentados por igual. Adem\u00e1s de todas estas capacidades impresionantes, Swift Performance tambi\u00e9n cuenta con una variedad integral de caracter\u00edsticas suplementarias, que incluye, entre otros, la optimizaci\u00f3n de la base de datos, la compresi\u00f3n de im\u00e1genes y el almacenamiento en cach\u00e9 de la p\u00e1gina, todo lo cual trabaja sing\u00edsticamente juntos para aumentar a\u00fan m\u00e1s el rendimiento ya sobresaliente de Su estimado sitio web. Es indispensablemente crucial reconocer que, independientemente de si opera un blog diminuto o una tienda en l\u00ednea colosal, Swift Performance indiscutiblemente representa un activo indispensable para cualquier propietario de sitios web exigentes y astutos que aspira ardientemente a reforzar y optimizar la velocidad y el rendimiento general de su canto plataforma en l\u00ednea.<\/p>\n<ul>\n<li>Aumenta la velocidad del sitio web y los tiempos de carga<\/li>\n<li>Mejora el rendimiento del sitio web y el tiempo de respuesta<\/li>\n<li>Reduce la carga del servidor y el uso de recursos<\/li>\n<li>Aumenta el sitio web de SEO y la clasificaci\u00f3n de motores de b\u00fasqueda<\/li>\n<li>Proporciona informes de rendimiento detallados y an\u00e1lisis<\/li>\n<li>Funciona a la perfecci\u00f3n con complementos populares de almacenamiento en cach\u00e9 de WordPress<\/li>\n<li>Compatible con la mayor\u00eda de los temas y complementos de WordPress<\/li>\n<li>Minimiza las solicitudes HTTP y optimiza las im\u00e1genes<\/li>\n<li>Acelera la entrega de recursos est\u00e1ticos.<\/li>\n<li>Permite una f\u00e1cil personalizaci\u00f3n de los archivos CSS y JavaScript<\/li>\n<\/ul>\n","protected":false},"excerpt":{"rendered":"<p>Swift Performance es una herramienta sofisticada y poderosa meticulosamente dise\u00f1ada para mejorar significativamente la velocidad, el rendimiento y la eficiencia general de su sitio web. Este software excepcional est\u00e1 dise\u00f1ado espec\u00edficamente para optimizar una multitud de aspectos cruciales relacionados con su sitio web, que abarca el almacenamiento en cach\u00e9, la minificaci\u00f3n, la optimizaci\u00f3n de im\u00e1genes y una variedad de caracter\u00edsticas adicionales, todo con el objetivo final de garantizar tiempos de carga incomparables que sean asombrosamente r\u00e1pidos para su estimado. visitantes. Al implementar el rendimiento de Swift, tiene la oportunidad excepcional de elevar la posici\u00f3n de su sitio web en los motores de b\u00fasqueda, disminuir sustancialmente las tasas de rebote y, en \u00faltima instancia, proporcionar una experiencia de usuario incomparable que sin duda cautivar\u00e1 y deleitar\u00e1 a su estimada audiencia. Ya sea que est\u00e9 operando una tienda en l\u00ednea pr\u00f3spera, un sitio web corporativo altamente estimado o incluso un blog personal apreciado, no busque m\u00e1s de un rendimiento r\u00e1pido, ya que es sin duda la herramienta primordial incomparable que impulsar\u00e1 su sitio web a alturas incomparables de \u00e9xito y logro.<\/p>\n","protected":false},"featured_media":167681,"comment_status":"open","ping_status":"open","template":"","meta":[],"product_brand":[2572],"product_cat":[1206,1579,1211],"product_tag":[1542],"class_list":{"0":"post-121290","1":"product","2":"type-product","3":"status-publish","4":"has-post-thumbnail","6":"product_brand-swiftperformance","7":"product_cat-plugins","8":"product_cat-rendimiento","9":"product_cat-wordpress-plugins","10":"product_tag-swiftperformance","11":"member-discount","12":"discount-restricted","14":"first","15":"instock","16":"sale","17":"downloadable","18":"virtual","19":"sold-individually","20":"purchasable","21":"product-type-simple"},"_links":{"self":[{"href":"https:\/\/gpl-love.com\/es\/wp-json\/wp\/v2\/product\/121290","targetHints":{"allow":["GET"]}}],"collection":[{"href":"https:\/\/gpl-love.com\/es\/wp-json\/wp\/v2\/product"}],"about":[{"href":"https:\/\/gpl-love.com\/es\/wp-json\/wp\/v2\/types\/product"}],"replies":[{"embeddable":true,"href":"https:\/\/gpl-love.com\/es\/wp-json\/wp\/v2\/comments?post=121290"}],"wp:featuredmedia":[{"embeddable":true,"href":"https:\/\/gpl-love.com\/es\/wp-json\/wp\/v2\/media\/167681"}],"wp:attachment":[{"href":"https:\/\/gpl-love.com\/es\/wp-json\/wp\/v2\/media?parent=121290"}],"wp:term":[{"taxonomy":"product_brand","embeddable":true,"href":"https:\/\/gpl-love.com\/es\/wp-json\/wp\/v2\/product_brand?post=121290"},{"taxonomy":"product_cat","embeddable":true,"href":"https:\/\/gpl-love.com\/es\/wp-json\/wp\/v2\/product_cat?post=121290"},{"taxonomy":"product_tag","embeddable":true,"href":"https:\/\/gpl-love.com\/es\/wp-json\/wp\/v2\/product_tag?post=121290"}],"curies":[{"name":"wp","href":"https:\/\/api.w.org\/{rel}","templated":true}]}}