{"id":121282,"date":"2026-01-04T00:00:00","date_gmt":"2026-01-04T05:00:00","guid":{"rendered":"https:\/\/gpl-love.com\/es\/producto\/sumo-affiliates-pro\/"},"modified":"2026-04-10T11:26:35","modified_gmt":"2026-04-10T16:26:35","slug":"sumo-affiliates-pro","status":"publish","type":"product","link":"https:\/\/gpl-love.com\/es\/producto\/sumo-affiliates-pro\/","title":{"rendered":"Sumo Affiliates Pro 11.3.0"},"content":{"rendered":"<h3>Sumo Affiliates Pro Caracteristicas<\/h3>\n<p>SUMO Affiliates Pro se presenta como una herramienta de marketing de afiliaci\u00f3n de expertos que tiene el potencial de mejorar significativamente los flujos de ingresos de las empresas al explotar efectivamente las capacidades de los afiliados. Este software robusto facilita la gesti\u00f3n f\u00e1cil de los programas de afiliados, el seguimiento meticuloso de las ventas y las comisiones, y equipa afiliados con las herramientas y recursos esenciales necesarios para el triunfo. Su interfaz f\u00e1cil de usar y su dise\u00f1o intuitivo aseguran que las empresas de todas las escalas puedan embarcarse perfectamente en su viaje de marketing de afiliaci\u00f3n. Adem\u00e1s, SUMO Affiliates Pro ofrece una amplia gama de caracter\u00edsticas que permiten a las empresas optimizar sus programas de afiliados, como la provisi\u00f3n de estructuras de comisiones a medida, informes y an\u00e1lisis integrales, e integraci\u00f3n con pasarelas de pago destacadas. En su totalidad, SUMO Affiliates Pro emerge como una soluci\u00f3n que lo abarca todo y altamente eficaz para las empresas que buscan catapultar sus ventas y aumentar sus fuentes de ingresos a trav\u00e9s del \u00e1mbito del marketing de afiliados.<\/p>\n<ul>\n<li>Ayuda a los usuarios a construir y administrar sus propios programas de afiliados<\/li>\n<li>Proporciona una interfaz f\u00e1cil de usar y personalizable<\/li>\n<li>Apoya una variedad de estructuras de comisiones y m\u00e9todos de pago<\/li>\n<li>Incluye caracter\u00edsticas avanzadas de seguimiento y an\u00e1lisis<\/li>\n<li>Se integra con populares plataformas de comercio electr\u00f3nico y pasarelas de pago<\/li>\n<li>Ofrece una gama de herramientas promocionales para atraer y retener afiliados<\/li>\n<li>Racionalizar la comunicaci\u00f3n y la colaboraci\u00f3n con los afiliados<\/li>\n<li>Proporciona informes y conocimientos completos para optimizar el rendimiento<\/li>\n<li>Ofrece recursos dedicados de apoyo y capacitaci\u00f3n<\/li>\n<\/ul>\n","protected":false},"excerpt":{"rendered":"<p>SUMO Affiliates Pro presenta un paquete integral e integrado que maneja efectivamente las complejidades de su programa de afiliados. Esta soluci\u00f3n le permite establecer y administrar campa\u00f1as de afiliados sin esfuerzo, monitorear meticulosamente las comisiones y pagos, comunicarse efectivamente con sus afiliados y realizar una serie de otras tareas esenciales. Al aprovechar el poder de los afiliados de Sumo Pro, puede impulsar su programa de afiliados a alturas incomparables, amplificando as\u00ed sus n\u00fameros de ventas e ingresos. Sin lugar a dudas, esta soluci\u00f3n impecable sirve como la respuesta por excelencia para cualquier negocio que anhele aumentar y optimizar su estrategia de marketing de afiliaci\u00f3n.<\/p>\n","protected":false},"featured_media":167636,"comment_status":"open","ping_status":"open","template":"","meta":[],"product_brand":[2339],"product_cat":[1207,1225,1206],"product_tag":[1256],"class_list":{"0":"post-121282","1":"product","2":"type-product","3":"status-publish","4":"has-post-thumbnail","6":"product_brand-codecanyon","7":"product_cat-comercio-electronico-plugins","8":"product_cat-marketing","9":"product_cat-plugins","10":"product_tag-codecanyon","11":"member-discount","12":"discount-restricted","14":"first","15":"instock","16":"sale","17":"downloadable","18":"virtual","19":"sold-individually","20":"purchasable","21":"product-type-simple"},"_links":{"self":[{"href":"https:\/\/gpl-love.com\/es\/wp-json\/wp\/v2\/product\/121282","targetHints":{"allow":["GET"]}}],"collection":[{"href":"https:\/\/gpl-love.com\/es\/wp-json\/wp\/v2\/product"}],"about":[{"href":"https:\/\/gpl-love.com\/es\/wp-json\/wp\/v2\/types\/product"}],"replies":[{"embeddable":true,"href":"https:\/\/gpl-love.com\/es\/wp-json\/wp\/v2\/comments?post=121282"}],"wp:featuredmedia":[{"embeddable":true,"href":"https:\/\/gpl-love.com\/es\/wp-json\/wp\/v2\/media\/167636"}],"wp:attachment":[{"href":"https:\/\/gpl-love.com\/es\/wp-json\/wp\/v2\/media?parent=121282"}],"wp:term":[{"taxonomy":"product_brand","embeddable":true,"href":"https:\/\/gpl-love.com\/es\/wp-json\/wp\/v2\/product_brand?post=121282"},{"taxonomy":"product_cat","embeddable":true,"href":"https:\/\/gpl-love.com\/es\/wp-json\/wp\/v2\/product_cat?post=121282"},{"taxonomy":"product_tag","embeddable":true,"href":"https:\/\/gpl-love.com\/es\/wp-json\/wp\/v2\/product_tag?post=121282"}],"curies":[{"name":"wp","href":"https:\/\/api.w.org\/{rel}","templated":true}]}}