{"id":121280,"date":"2021-02-09T00:00:00","date_gmt":"2021-02-09T05:00:00","guid":{"rendered":"https:\/\/gpl-love.com\/es\/producto\/suave-multipurpose-woocommerce-theme\/"},"modified":"2026-04-10T11:26:33","modified_gmt":"2026-04-10T16:26:33","slug":"suave-multipurpose-woocommerce-theme","status":"publish","type":"product","link":"https:\/\/gpl-love.com\/es\/producto\/suave-multipurpose-woocommerce-theme\/","title":{"rendered":"Suave MultiPurpose WooCommerce Theme 1.9.9"},"content":{"rendered":"<h3>Suave MultiPurpose WooCommerce Theme Caracteristicas<\/h3>\n<p>El tema de WooCommerce multiprop\u00f3sito Suave, un tema de comercio electr\u00f3nico altamente vers\u00e1til y totalmente personalizable, ha sido meticulosamente elaborado para atender a empresas de todos los tama\u00f1os. Este tema cuenta con una incre\u00edble variedad de caracter\u00edsticas y herramientas que facilitan sin esfuerzo la creaci\u00f3n de una tienda en l\u00ednea elegante y de aspecto profesional. Ofreciendo una extensa paleta de opciones de color ilimitadas, la capacidad de personalizar los antecedentes y la conveniencia de un constructor de p\u00e1ginas de arrastrar y soltar f\u00e1cilmente de usar, el tema suave realmente permite a los usuarios dar vida a su visi\u00f3n creativa. Adem\u00e1s, su dise\u00f1o receptivo garantiza que el tema suave mantenga su encanto est\u00e9tico y funcionalidad perfecta en todos los dispositivos, desde computadoras de escritorio tradicionales hasta tel\u00e9fonos inteligentes de vanguardia. Adem\u00e1s, este tema excepcional est\u00e1 equipado con una generosa selecci\u00f3n de plantillas y p\u00e1ginas de demostraci\u00f3n predise\u00f1adas, acelerando el proceso de configuraci\u00f3n inicial y proporcionando una base s\u00f3lida sobre la cual construir. Para aquellos que buscan el m\u00e1ximo control sobre el dise\u00f1o y la funcionalidad de su tienda, el tema Suave ofrece un panel de tema robusto que ofrece opciones de personalizaci\u00f3n incomparables. Independientemente de si su negocio gira en torno a productos tangibles o descargas digitales, el tema suave de WooCommerce multiprop\u00f3sito es indiscutiblemente una opci\u00f3n impecable, destinada a capacitar a las empresas de comercio electr\u00f3nico para establecer una presencia en l\u00ednea influyente.<\/p>\n<ul>\n<li>Tema de WooCommerce totalmente personalizable con dise\u00f1o elegante y moderno<\/li>\n<li>Optimizado m\u00f3vil con un dise\u00f1o receptivo<\/li>\n<li>Viene con m\u00e1s de 12 dise\u00f1os \u00fanicos de la p\u00e1gina de inicio y un constructor de p\u00e1ginas de arrastre y suelto f\u00e1cil de usar<\/li>\n<li>Opciones de color ilimitadas e integraci\u00f3n de Google Fonts<\/li>\n<li>SEO-amigable y optimizado para la velocidad de carga r\u00e1pida<\/li>\n<li>Soporte de mega men\u00fa incorporado<\/li>\n<li>Compatible con complementos populares como WooCommerce, Contact Form 7 y WPML<\/li>\n<li>Incluye soporte para la vista r\u00e1pida del producto y el filtrado de productos AJAX<\/li>\n<li>Documentaci\u00f3n integral y equipo de atenci\u00f3n al cliente dedicado disponible<\/li>\n<\/ul>\n","protected":false},"excerpt":{"rendered":"<p>El tema de WooCommerce multiprop\u00f3sito Suave es una soluci\u00f3n de comercio electr\u00f3nico incre\u00edblemente flexible y contempor\u00e1nea que combina elementos de dise\u00f1o impresionantes sin esfuerzo con una funcionalidad robusta. Se ha dise\u00f1ado espec\u00edficamente para integrarse perfectamente con la plataforma WooCommerce, asegurando una experiencia de usuario perfecta y cohesiva. Suave est\u00e1 equipado con un extenso repertorio de herramientas y caracter\u00edsticas que son indispensables para la creaci\u00f3n y mantenimiento de una tienda en l\u00ednea pr\u00f3spera. Estos incluyen una variedad de filtros de productos incorporados, capacidades de zoom de imagen y opciones de b\u00fasqueda avanzadas, todas las cuales contribuyen a una experiencia de navegaci\u00f3n mejorada. Adem\u00e1s, Suave cuenta con un dise\u00f1o totalmente personalizable y un constructor de p\u00e1ginas de arrastrar y soltar f\u00e1cilmente f\u00e1cil de usar, lo que hace que sea deliciosamente f\u00e1cil dise\u00f1ar una tienda en l\u00ednea verdaderamente \u00fanica que irradia profesionalismo y cautiva la atenci\u00f3n. Independientemente de si su negocio se centra en la mercanc\u00eda tangible o intangible, el tema suave de WooCommerce multiprop\u00f3sito es, sin duda, la opci\u00f3n por excelencia para cualquier empresa en l\u00ednea que busca maximizar las ventas y expandir su alcance de mercado a alturas impresionantes.<\/p>\n","protected":false},"featured_media":167633,"comment_status":"open","ping_status":"open","template":"","meta":[],"product_brand":[2337],"product_cat":[1239,1237,1238],"product_tag":[1391],"class_list":{"0":"post-121280","1":"product","2":"type-product","3":"status-publish","4":"has-post-thumbnail","6":"product_brand-themeforest","7":"product_cat-de-multiples-fines","8":"product_cat-temas","9":"product_cat-wordpress-temas","10":"product_tag-themeforest","11":"member-discount","12":"discount-restricted","14":"first","15":"instock","16":"sale","17":"downloadable","18":"virtual","19":"sold-individually","20":"purchasable","21":"product-type-simple"},"_links":{"self":[{"href":"https:\/\/gpl-love.com\/es\/wp-json\/wp\/v2\/product\/121280","targetHints":{"allow":["GET"]}}],"collection":[{"href":"https:\/\/gpl-love.com\/es\/wp-json\/wp\/v2\/product"}],"about":[{"href":"https:\/\/gpl-love.com\/es\/wp-json\/wp\/v2\/types\/product"}],"replies":[{"embeddable":true,"href":"https:\/\/gpl-love.com\/es\/wp-json\/wp\/v2\/comments?post=121280"}],"wp:featuredmedia":[{"embeddable":true,"href":"https:\/\/gpl-love.com\/es\/wp-json\/wp\/v2\/media\/167633"}],"wp:attachment":[{"href":"https:\/\/gpl-love.com\/es\/wp-json\/wp\/v2\/media?parent=121280"}],"wp:term":[{"taxonomy":"product_brand","embeddable":true,"href":"https:\/\/gpl-love.com\/es\/wp-json\/wp\/v2\/product_brand?post=121280"},{"taxonomy":"product_cat","embeddable":true,"href":"https:\/\/gpl-love.com\/es\/wp-json\/wp\/v2\/product_cat?post=121280"},{"taxonomy":"product_tag","embeddable":true,"href":"https:\/\/gpl-love.com\/es\/wp-json\/wp\/v2\/product_tag?post=121280"}],"curies":[{"name":"wp","href":"https:\/\/api.w.org\/{rel}","templated":true}]}}