{"id":121278,"date":"2025-06-02T00:00:00","date_gmt":"2025-06-02T05:00:00","guid":{"rendered":"https:\/\/gpl-love.com\/es\/producto\/squaretype-modern-blog-wordpress-theme\/"},"modified":"2026-04-10T11:25:34","modified_gmt":"2026-04-10T16:25:34","slug":"squaretype-modern-blog-wordpress-theme","status":"publish","type":"product","link":"https:\/\/gpl-love.com\/es\/producto\/squaretype-modern-blog-wordpress-theme\/","title":{"rendered":"Squaretype Modern Blog WordPress Theme 3.1.1"},"content":{"rendered":"<h3>Squaretype Modern Blog WordPress Theme Caracteristicas<\/h3>\n<p>El tema del blog moderno de SquareType WordPress se presenta como una alternativa de dise\u00f1o est\u00e9ticamente agradable y bien organizada para los bloggers que buscan exhibir su contenido de manera atractiva. Con una apariencia elegante y elegante, este tema demuestra ser una opci\u00f3n ideal para las personas que anhelan una est\u00e9tica pr\u00edstina y contempor\u00e1nea para su blog. Adem\u00e1s, el tema abarca una variedad de caracter\u00edsticas personalizables, que van desde diversos esquemas de color hasta selecciones de fuentes, facilitando as\u00ed la creaci\u00f3n de un ambiente distintivo y personalizado que refleja con precisi\u00f3n el sabor y preferencias individuales de uno. Adem\u00e1s, es digno de menci\u00f3n que este tema no solo es optimizado del motor de b\u00fasqueda sino tambi\u00e9n receptivo, asegurando que su blog mantenga su exquisitez visual en todos los dispositivos. Para resumir, el blog moderno de WordPress de SquareType WordPress atiende efectivamente las necesidades de los bloggers que aspiran a cultivar una presencia en l\u00ednea profesional y visualmente cautivadora.<\/p>\n<ul>\n<li>Un dise\u00f1o elegante y elegante para un blog moderno<\/li>\n<li>Compatible con WordPress, un sistema de administraci\u00f3n de contenido ampliamente utilizado<\/li>\n<li>Totalmente receptivo y amigable para los dispositivos m\u00f3viles, perfecto para los lectores sobre la marcha<\/li>\n<li>Opciones de dise\u00f1o m\u00faltiples para p\u00e1ginas y publicaciones<\/li>\n<li>Integraci\u00f3n de redes sociales incorporadas para compartir f\u00e1cilmente contenido y conectarse con los lectores<\/li>\n<li>Colores personalizables, fuentes y otras configuraciones para que coincidan con su marca<\/li>\n<li>Funcionalidad de b\u00fasqueda integrada para una f\u00e1cil navegaci\u00f3n<\/li>\n<li>Constructor de p\u00e1gina f\u00e1cil de usar para una f\u00e1cil personalizaci\u00f3n sin codificar conocimiento<\/li>\n<li>SEO optimizado para una mejor clasificaci\u00f3n de motores de b\u00fasqueda<\/li>\n<li>Actualizaciones y soporte regulares para una mejora continua y soluci\u00f3n de problemas<\/li>\n<\/ul>\n","protected":false},"excerpt":{"rendered":"<p>El tema del blog moderno de SquareType WordPress, con su dise\u00f1o elegante y elegante, es una excelente opci\u00f3n para los bloggers que desean una apariencia contempor\u00e1nea para su sitio web. Su dise\u00f1o totalmente receptivo, que est\u00e1 optimizado para su uso en dispositivos m\u00f3viles, garantiza una experiencia de usuario perfecta en todas las plataformas. Adem\u00e1s, este tema ofrece una multitud de opciones personalizables, incluidas varias opciones de dise\u00f1o, widgets personalizados y un panel de opciones de tema robusto. Adem\u00e1s, cuenta con una funcionalidad de intercambio social incorporada, lo que permite a los bloggers difundir sin esfuerzo su contenido en varias plataformas de redes sociales. Independientemente de si se especializa en moda, comida o viaje, el tema de WordPress moderno de SquareType WordPress es una opci\u00f3n excepcional para exhibir su contenido de manera elegante y profesional.<\/p>\n","protected":false},"featured_media":167555,"comment_status":"open","ping_status":"open","template":"","meta":[],"product_brand":[2337],"product_cat":[1245,1237,1238],"product_tag":[1391],"class_list":{"0":"post-121278","1":"product","2":"type-product","3":"status-publish","4":"has-post-thumbnail","6":"product_brand-themeforest","7":"product_cat-blog-revista","8":"product_cat-temas","9":"product_cat-wordpress-temas","10":"product_tag-themeforest","11":"member-discount","12":"discount-restricted","14":"first","15":"instock","16":"sale","17":"downloadable","18":"virtual","19":"sold-individually","20":"purchasable","21":"product-type-simple"},"_links":{"self":[{"href":"https:\/\/gpl-love.com\/es\/wp-json\/wp\/v2\/product\/121278","targetHints":{"allow":["GET"]}}],"collection":[{"href":"https:\/\/gpl-love.com\/es\/wp-json\/wp\/v2\/product"}],"about":[{"href":"https:\/\/gpl-love.com\/es\/wp-json\/wp\/v2\/types\/product"}],"replies":[{"embeddable":true,"href":"https:\/\/gpl-love.com\/es\/wp-json\/wp\/v2\/comments?post=121278"}],"wp:featuredmedia":[{"embeddable":true,"href":"https:\/\/gpl-love.com\/es\/wp-json\/wp\/v2\/media\/167555"}],"wp:attachment":[{"href":"https:\/\/gpl-love.com\/es\/wp-json\/wp\/v2\/media?parent=121278"}],"wp:term":[{"taxonomy":"product_brand","embeddable":true,"href":"https:\/\/gpl-love.com\/es\/wp-json\/wp\/v2\/product_brand?post=121278"},{"taxonomy":"product_cat","embeddable":true,"href":"https:\/\/gpl-love.com\/es\/wp-json\/wp\/v2\/product_cat?post=121278"},{"taxonomy":"product_tag","embeddable":true,"href":"https:\/\/gpl-love.com\/es\/wp-json\/wp\/v2\/product_tag?post=121278"}],"curies":[{"name":"wp","href":"https:\/\/api.w.org\/{rel}","templated":true}]}}