{"id":121276,"date":"2026-02-05T00:00:00","date_gmt":"2026-02-05T05:00:00","guid":{"rendered":"https:\/\/gpl-love.com\/es\/producto\/soledad-multi-concept-blog-magazine-amp-wordpress-theme\/"},"modified":"2026-04-10T11:25:17","modified_gmt":"2026-04-10T16:25:17","slug":"soledad-multi-concept-blog-magazine-amp-wordpress-theme","status":"publish","type":"product","link":"https:\/\/gpl-love.com\/es\/producto\/soledad-multi-concept-blog-magazine-amp-wordpress-theme\/","title":{"rendered":"Soledad Multi-Concept Blog Magazine AMP WordPress Theme 8.7.2"},"content":{"rendered":"<h3>Soledad Multi-Concept Blog Magazine AMP WordPress Theme Caracteristicas<\/h3>\n<p>El tema de la revista Blog de m\u00faltiples concepto de Soledad WordPress se presenta como una alternativa formidable y multifac\u00e9tica para personas que buscan un sitio web que sea robusto y capaz de personalizar. Con su extensa colecci\u00f3n de m\u00e1s de 250 dise\u00f1os de demostraci\u00f3n, este tema ofrece una variedad de opciones que satisfacen las necesidades de bloggers, revistas, sitios de noticias y m\u00e1s. Pone un fuerte \u00e9nfasis en la velocidad y el rendimiento, como lo demuestra su optimizaci\u00f3n de amplificador, lo que garantiza los tiempos de carga r\u00e1pidos. Adem\u00e1s, la inclusi\u00f3n de un constructor de p\u00e1ginas de arrastrar y soltar, as\u00ed como widgets personalizados y varias opciones de publicaci\u00f3n, mejora a\u00fan m\u00e1s la versatilidad del tema. Ya sea que su preferencia se encuentre en un dise\u00f1o minimalista o un dise\u00f1o visualmente llamativo y vibrante, el tema de la revista Blog de m\u00faltiples concepto de Soledad WordPress lo ofrece todo. Adem\u00e1s, con sus actualizaciones regulares y su excepcional atenci\u00f3n al cliente, Soledad se erige como la opci\u00f3n ideal para cualquier persona que busque mejorar su presencia en l\u00ednea.<\/p>\n<ul>\n<li>Tema de concepto m\u00faltiple adecuado para blogs y revistas en l\u00ednea<\/li>\n<li>AMP optimizado para tiempos de carga r\u00e1pidas en dispositivos m\u00f3viles<\/li>\n<li>Dise\u00f1o totalmente receptivo para todos los tama\u00f1os de pantalla<\/li>\n<li>Incluye 7 demostraciones de p\u00e1gina de inicio preconstruidas para elegir<\/li>\n<li>Opciones de dise\u00f1o personalizables con Builder de arrastre y ca\u00edda f\u00e1cil de usar<\/li>\n<li>Opciones de color ilimitadas para que coincidan con las preferencias de marca y estilo<\/li>\n<li>Compatibilidad de WooCommerce para una f\u00e1cil integraci\u00f3n de comercio electr\u00f3nico<\/li>\n<li>SEO optimizado para una mejor visibilidad y clasificaci\u00f3n de motores de b\u00fasqueda<\/li>\n<li>Incluye complementos premium como Revolution Slider y WPBakery Page Builder<\/li>\n<li>Soporte 24\/7 de desarrolladores de temas para cualquier pregunta o inquietud.<\/li>\n<\/ul>\n","protected":false},"excerpt":{"rendered":"<p>Soledad, un tema de WordPress altamente vers\u00e1til y multi-concepto, es excepcionalmente adecuado para bloggers y sitios web de estilo revista. Aprovechando la tecnolog\u00eda AMP avanzada, facilita las velocidades de carga del rayo y garantiza una capacidad de respuesta perfecta en todos los dispositivos para una experiencia de visualizaci\u00f3n \u00f3ptima. La amplia gama de m\u00e1s de 5000 opciones personalizables le permite crear un aspecto verdaderamente \u00fanico y personalizado para su sitio web. Adem\u00e1s, Soledad presenta una variedad de demostraciones predise\u00f1adas, simplificando as\u00ed el proceso de hacer que su sitio web se ejecute r\u00e1pidamente. Su dise\u00f1o elegante y moderno, complementado por sus caracter\u00edsticas robustas, como la integraci\u00f3n de las redes sociales perfectas y la optimizaci\u00f3n de SEO de primer nivel, Rendery Soledad es una opci\u00f3n absolutamente ideal para cualquier blogger m\u00e1s exigente o propietario de sitios web de estilo revista.<\/p>\n","protected":false},"featured_media":167528,"comment_status":"open","ping_status":"open","template":"","meta":[],"product_brand":[2337],"product_cat":[1239,1237,1238],"product_tag":[1391],"class_list":{"0":"post-121276","1":"product","2":"type-product","3":"status-publish","4":"has-post-thumbnail","6":"product_brand-themeforest","7":"product_cat-de-multiples-fines","8":"product_cat-temas","9":"product_cat-wordpress-temas","10":"product_tag-themeforest","11":"member-discount","12":"discount-restricted","14":"first","15":"instock","16":"sale","17":"downloadable","18":"virtual","19":"sold-individually","20":"purchasable","21":"product-type-simple"},"_links":{"self":[{"href":"https:\/\/gpl-love.com\/es\/wp-json\/wp\/v2\/product\/121276","targetHints":{"allow":["GET"]}}],"collection":[{"href":"https:\/\/gpl-love.com\/es\/wp-json\/wp\/v2\/product"}],"about":[{"href":"https:\/\/gpl-love.com\/es\/wp-json\/wp\/v2\/types\/product"}],"replies":[{"embeddable":true,"href":"https:\/\/gpl-love.com\/es\/wp-json\/wp\/v2\/comments?post=121276"}],"wp:featuredmedia":[{"embeddable":true,"href":"https:\/\/gpl-love.com\/es\/wp-json\/wp\/v2\/media\/167528"}],"wp:attachment":[{"href":"https:\/\/gpl-love.com\/es\/wp-json\/wp\/v2\/media?parent=121276"}],"wp:term":[{"taxonomy":"product_brand","embeddable":true,"href":"https:\/\/gpl-love.com\/es\/wp-json\/wp\/v2\/product_brand?post=121276"},{"taxonomy":"product_cat","embeddable":true,"href":"https:\/\/gpl-love.com\/es\/wp-json\/wp\/v2\/product_cat?post=121276"},{"taxonomy":"product_tag","embeddable":true,"href":"https:\/\/gpl-love.com\/es\/wp-json\/wp\/v2\/product_tag?post=121276"}],"curies":[{"name":"wp","href":"https:\/\/api.w.org\/{rel}","templated":true}]}}