{"id":121274,"date":"2025-09-16T00:00:00","date_gmt":"2025-09-16T05:00:00","guid":{"rendered":"https:\/\/gpl-love.com\/es\/?post_type=product&#038;p=121274"},"modified":"2026-04-10T11:25:12","modified_gmt":"2026-04-10T16:25:12","slug":"social-auto-poster","status":"publish","type":"product","link":"https:\/\/gpl-love.com\/es\/producto\/social-auto-poster\/","title":{"rendered":"Social Auto Poster 5.5.3"},"content":{"rendered":"<h3>Social Auto Poster Caracteristicas<\/h3>\n<p>Social Auto Poster, una herramienta altamente eficiente y robusta, permite a los usuarios administrar eficientemente sus diversas cuentas de redes sociales al automatizar el proceso de publicaci\u00f3n laborioso y lento. Al aprovechar las capacidades de Social Auto Poster, los usuarios reciben la notable capacidad de programar convenientemente sus publicaciones en m\u00faltiples plataformas de redes sociales populares, incluidos, entre otros, el Facebook omnipresente, el Twitter sucinto, el profesional LinkedIn y muchas m\u00e1s. Adem\u00e1s, a los usuarios se les otorga la libertad de adaptar sus publicaciones de acuerdo con sus preferencias incorporando im\u00e1genes cautivadoras, etiquetas relevantes y hashtags de tendencia, asegurando as\u00ed la m\u00e1xima visibilidad y compromiso. Adem\u00e1s, a los usuarios se les otorga la flexibilidad para seleccionar meticulosamente el tiempo y la frecuencia precisos en el que se difunden sus publicaciones, lo que les permite establecer una presencia activa y atractiva en las redes sociales sin comprometer el tiempo y la energ\u00eda valiosos. Ya sea una entidad individual o comercial, el p\u00f3ster de autom\u00f3viles sociales surge como una herramienta indispensable para aquellos que anhelan optimizar su productividad y eficacia en el \u00e1mbito del marketing en redes sociales. Su interfaz de usuario intuitiva junto con sus caracter\u00edsticas avanzadas y de vanguardia, sin duda, hace que el p\u00f3ster social sea un activo invaluable para todos los vendedores de redes sociales.<\/p>\n<ul>\n<li>Social Auto Poster es una herramienta poderosa que le ayuda a compartir su contenido f\u00e1cil y autom\u00e1ticamente en varias plataformas de redes sociales.<\/li>\n<li>Ahorre tiempo y esfuerzo programando sus publicaciones con anticipaci\u00f3n y permitiendo que el software haga el trabajo por usted.<\/li>\n<li>Admite todas las plataformas de redes sociales populares como Facebook, Twitter, LinkedIn, YouTube, Instagram y m\u00e1s.<\/li>\n<li>Comparte autom\u00e1ticamente las publicaciones de su blog, im\u00e1genes, videos y otro contenido a sus redes sociales preferidas.<\/li>\n<li>Elija entre una variedad de opciones de programaci\u00f3n, incluida la publicaci\u00f3n de inmediato, en un momento espec\u00edfico o a intervalos regulares.<\/li>\n<li>Personalice sus publicaciones con m\u00faltiples hashtags, t\u00edtulos y descripciones para atraer a su p\u00fablico objetivo.<\/li>\n<li>Panel de an\u00e1lisis integral que rastrea su rendimiento en las redes sociales y le permite optimizar su futura estrategia de redes sociales.<\/li>\n<li>Compatible con WordPress y otras plataformas CMS populares.<\/li>\n<li>Interfaz f\u00e1cil de usar que permite incluso aquellos con capacidad t\u00e9cnica limitada para usar el software al m\u00e1ximo.<\/li>\n<li>Actualizaciones regulares y atenci\u00f3n al cliente completa proporcionados por el equipo de p\u00f3ster de Auto Social.<\/li>\n<\/ul>\n","protected":false},"excerpt":{"rendered":"<p>Social Auto Poster es una herramienta excepcionalmente robusta y efectiva que le otorga la capacidad de automatizar de manera conveniente y sin esfuerzo todas sus publicaciones en las redes sociales. Esta herramienta le permite no solo programar y publicar sus publicaciones en una multitud de plataformas de redes sociales diversas, incluidas, entre otros, Facebook, Twitter, LinkedIn y muchas otras, sino que tambi\u00e9n le permite personalizar sin problemas sus publicaciones de una manera que se adapta exclusivamente para satisfacer las necesidades y requisitos espec\u00edficos de su marca y negocio. Al implementar las capacidades de automatizaci\u00f3n del p\u00f3ster de autom\u00f3viles sociales, podr\u00e1 economizar significativamente en un tiempo valioso que luego se puede redirigir hacia el logro de otras tareas comerciales cruciales y apremiantes. Es importante subrayar el hecho de que el p\u00f3ster de autom\u00f3viles sociales sirve para mejorar notablemente su presencia en las redes sociales, facilitar el compromiso activo con su p\u00fablico objetivo y, en \u00faltima instancia, contribuir al crecimiento y la expansi\u00f3n sustanciales de su estimada empresa.<\/p>\n","protected":false},"featured_media":167521,"comment_status":"open","ping_status":"open","template":"","meta":[],"product_brand":[2339],"product_cat":[1232,1206,1211],"product_tag":[1256],"class_list":{"0":"post-121274","1":"product","2":"type-product","3":"status-publish","4":"has-post-thumbnail","6":"product_brand-codecanyon","7":"product_cat-marketing-wordpress-plugins","8":"product_cat-plugins","9":"product_cat-wordpress-plugins","10":"product_tag-codecanyon","11":"member-discount","12":"discount-restricted","14":"first","15":"instock","16":"sale","17":"downloadable","18":"virtual","19":"sold-individually","20":"purchasable","21":"product-type-simple"},"_links":{"self":[{"href":"https:\/\/gpl-love.com\/es\/wp-json\/wp\/v2\/product\/121274","targetHints":{"allow":["GET"]}}],"collection":[{"href":"https:\/\/gpl-love.com\/es\/wp-json\/wp\/v2\/product"}],"about":[{"href":"https:\/\/gpl-love.com\/es\/wp-json\/wp\/v2\/types\/product"}],"replies":[{"embeddable":true,"href":"https:\/\/gpl-love.com\/es\/wp-json\/wp\/v2\/comments?post=121274"}],"wp:featuredmedia":[{"embeddable":true,"href":"https:\/\/gpl-love.com\/es\/wp-json\/wp\/v2\/media\/167521"}],"wp:attachment":[{"href":"https:\/\/gpl-love.com\/es\/wp-json\/wp\/v2\/media?parent=121274"}],"wp:term":[{"taxonomy":"product_brand","embeddable":true,"href":"https:\/\/gpl-love.com\/es\/wp-json\/wp\/v2\/product_brand?post=121274"},{"taxonomy":"product_cat","embeddable":true,"href":"https:\/\/gpl-love.com\/es\/wp-json\/wp\/v2\/product_cat?post=121274"},{"taxonomy":"product_tag","embeddable":true,"href":"https:\/\/gpl-love.com\/es\/wp-json\/wp\/v2\/product_tag?post=121274"}],"curies":[{"name":"wp","href":"https:\/\/api.w.org\/{rel}","templated":true}]}}