{"id":121272,"date":"2026-04-07T00:00:00","date_gmt":"2026-04-07T05:00:00","guid":{"rendered":"https:\/\/gpl-love.com\/es\/producto\/smart-slider-3-pro\/"},"modified":"2026-04-10T11:25:04","modified_gmt":"2026-04-10T16:25:04","slug":"smart-slider-3-pro","status":"publish","type":"product","link":"https:\/\/gpl-love.com\/es\/producto\/smart-slider-3-pro\/","title":{"rendered":"Smart Slider 3 Pro 3.5.1.36"},"content":{"rendered":"<h3>Smart Slider 3 Pro Caracteristicas<\/h3>\n<p>Smart Slider 3 Pro es un complemento de control deslizante altamente sofisticado y rico en funciones dise\u00f1ado espec\u00edficamente para WordPress, proporcionando a los usuarios la capacidad de crear sin esfuerzo deslizantes visualmente impresionantes y cautivadores. Con su interfaz intuitiva y f\u00e1cil de usar, junto con una extensa gama de posibilidades de personalizaci\u00f3n, los usuarios pueden dise\u00f1ar sin problemas controles deslizantes que se integran perfectamente con el estilo y la marca \u00fanicos de su sitio web. Este complemento excepcional ofrece una amplia selecci\u00f3n de efectos de animaci\u00f3n y transici\u00f3n, al tiempo que otorga a los usuarios la flexibilidad de incorporar im\u00e1genes, videos y texto en sus controles deslizantes. Adem\u00e1s, Smart Slider 3 Pro cuenta con una gran cantidad de plantillas meticulosamente elaboradas, lo que garantiza que los usuarios puedan comenzar r\u00e1pidamente su proceso de creaci\u00f3n de control deslizante. Adem\u00e1s, este complemento notable tambi\u00e9n abarca opciones de dise\u00f1o receptivas, lo que garantiza que los controles deslizantes mantengan una apariencia \u00f3ptima en todos los dispositivos. Sin lugar a dudas, Smart Slider 3 Pro sirve como una opci\u00f3n ejemplar para las personas que buscan forjar controles deslizantes din\u00e1micos e impresionantes para su estimado sitio de WordPress.<\/p>\n<ul>\n<li>Complemento de control deslizante vers\u00e1til y personalizable para sitios web de WordPress<\/li>\n<li>Ofrece varios efectos de transici\u00f3n, animaciones y opciones de dise\u00f1o<\/li>\n<li>Permite la edici\u00f3n basada en la capa, que incluye im\u00e1genes, texto, videos y HTML personalizado<\/li>\n<li>El dise\u00f1o receptivo garantiza que los controles deslizantes se adapten a cualquier dispositivo y tama\u00f1o de pantalla<\/li>\n<li>Viene con plantillas de control deslizante prefabricado para una configuraci\u00f3n r\u00e1pida y f\u00e1cil<\/li>\n<li>Ofrece caracter\u00edsticas avanzadas como diapositivas din\u00e1micas, l\u00f3gica condicional y control de l\u00ednea de tiempo<\/li>\n<li>Acomoda la integraci\u00f3n con complementos populares de terceros como WooCommerce y Yoast SEO<\/li>\n<li>Incluye apoyo confiable y r\u00e1pido de su equipo dedicado<\/li>\n<li>Ofrece actualizaciones regulares y correcciones de errores para mejorar el rendimiento con el tiempo<\/li>\n<\/ul>\n","protected":false},"excerpt":{"rendered":"<p>Smart Slider 3 Pro, un complemento de control deslizante robusto y multifac\u00e9tico especialmente dise\u00f1ado para WordPress, le empodera la capacidad de fabricar impresionantes y din\u00e1micas presentaciones de diapositivas que sin duda cautivar\u00e1n a los visitantes de su sitio web. Este complemento excepcional no solo cuenta con una interfaz de arrastrar y soltar incre\u00edblemente f\u00e1cil de usar, sino que tambi\u00e9n ofrece una amplia gama de opciones de animaci\u00f3n avanzadas, todo al tiempo que garantiza un dise\u00f1o receptivo que garantiza una funcionalidad perfecta en varios dispositivos. Gracias a las ingeniosas caracter\u00edsticas y funcionalidades de Smart Slider 3 Pro, mostrar sin esfuerzo su contenido de manera convincente y cautivadora se ha convertido en una brisa absoluta. Ya sea que posee las habilidades de un dise\u00f1ador web profesional experimentado o simplemente est\u00e9 sumergiendo los dedos de los pies en el mundo de la creaci\u00f3n del sitio web, esta herramienta incomparable es un cambio de juego absoluto, lo que le permite infundir sin esfuerzo su sitio con un toque de estilo y estilo, dejando Tu audiencia completamente cautivada y hipnotizada.<\/p>\n","protected":false},"featured_media":167510,"comment_status":"open","ping_status":"open","template":"","meta":[],"product_brand":[2564],"product_cat":[1214,1206,1211],"product_tag":[1372],"class_list":{"0":"post-121272","1":"product","2":"type-product","3":"status-publish","4":"has-post-thumbnail","6":"product_brand-smartslider","7":"product_cat-personalizacion","8":"product_cat-plugins","9":"product_cat-wordpress-plugins","10":"product_tag-smartslider","11":"member-discount","12":"discount-restricted","14":"first","15":"instock","16":"sale","17":"downloadable","18":"virtual","19":"sold-individually","20":"purchasable","21":"product-type-simple"},"_links":{"self":[{"href":"https:\/\/gpl-love.com\/es\/wp-json\/wp\/v2\/product\/121272","targetHints":{"allow":["GET"]}}],"collection":[{"href":"https:\/\/gpl-love.com\/es\/wp-json\/wp\/v2\/product"}],"about":[{"href":"https:\/\/gpl-love.com\/es\/wp-json\/wp\/v2\/types\/product"}],"replies":[{"embeddable":true,"href":"https:\/\/gpl-love.com\/es\/wp-json\/wp\/v2\/comments?post=121272"}],"wp:featuredmedia":[{"embeddable":true,"href":"https:\/\/gpl-love.com\/es\/wp-json\/wp\/v2\/media\/167510"}],"wp:attachment":[{"href":"https:\/\/gpl-love.com\/es\/wp-json\/wp\/v2\/media?parent=121272"}],"wp:term":[{"taxonomy":"product_brand","embeddable":true,"href":"https:\/\/gpl-love.com\/es\/wp-json\/wp\/v2\/product_brand?post=121272"},{"taxonomy":"product_cat","embeddable":true,"href":"https:\/\/gpl-love.com\/es\/wp-json\/wp\/v2\/product_cat?post=121272"},{"taxonomy":"product_tag","embeddable":true,"href":"https:\/\/gpl-love.com\/es\/wp-json\/wp\/v2\/product_tag?post=121272"}],"curies":[{"name":"wp","href":"https:\/\/api.w.org\/{rel}","templated":true}]}}