{"id":121268,"date":"2026-04-18T00:00:00","date_gmt":"2026-04-18T05:00:00","guid":{"rendered":"https:\/\/gpl-love.com\/es\/producto\/slider-revolution-premium-responsive-slider\/"},"modified":"2026-04-18T17:16:17","modified_gmt":"2026-04-18T22:16:17","slug":"slider-revolution-premium-responsive-slider","status":"publish","type":"product","link":"https:\/\/gpl-love.com\/es\/producto\/slider-revolution-premium-responsive-slider\/","title":{"rendered":"Slider Revolution Premium Responsive Slider 7.0.9"},"content":{"rendered":"<h3>Slider Revolution Premium Responsive Slider Caracteristicas<\/h3>\n<p>Slider Revolution Premium Responsive Slider es un complemento de WordPress incre\u00edblemente potente que proporciona a los usuarios la capacidad de elaborar impresionantes y din\u00e1micas presentaciones de diapositivas en cualquier sitio web. Su interfaz de arrastrar y soltar, caracterizada por su notable facilidad de uso, permite a las personas incrustar im\u00e1genes, videos, texto y animaci\u00f3n sin esfuerzo en sus diapositivas. Adem\u00e1s, este complemento ofrece una extensa gama de opciones de personalizaci\u00f3n, como diversos tipos de animaci\u00f3n, transiciones de diapositivas y estilos de navegaci\u00f3n, lo que permite a los usuarios adaptar sus presentaciones de diapositivas a sus preferencias est\u00e9ticas espec\u00edficas. Adem\u00e1s, el control deslizante cuenta con un dise\u00f1o receptivo, asegurando que se adapte sin problemas y parece visualmente impresionante en cualquier dispositivo. Adem\u00e1s, la funci\u00f3n de optimizaci\u00f3n de SEO que incorpora ayudas para mejorar la clasificaci\u00f3n de visibilidad y motores de b\u00fasqueda del sitio web, optimizando as\u00ed su presencia en l\u00ednea. En consecuencia, es bastante evidente que Slider Revolution es una herramienta incre\u00edblemente vers\u00e1til y f\u00e1cil de usar que posee la capacidad innata de aumentar significativamente el atractivo visual de cualquier sitio web que adorna.<\/p>\n<ul>\n<li>Un complemento de primer plano de premio que es altamente receptivo y f\u00e1cil de usar<\/li>\n<li>Viene con una amplia gama de plantillas de control deslizante elegante y personalizable<\/li>\n<li>Presenta un editor de arrastrar y soltar que facilita la creaci\u00f3n de controles deslizantes din\u00e1micos<\/li>\n<li>Le permite agregar f\u00e1cilmente im\u00e1genes, videos y otro contenido multimedia a sus controles deslizantes<\/li>\n<li>Viene con una variedad de efectos de animaci\u00f3n y transici\u00f3n que har\u00e1n que sus controles deslizantes se destaquen<\/li>\n<li>Ofrece soporte completo para dispositivos t\u00e1ctiles, asegurando que sus controles deslizantes funcionen perfectamente en dispositivos m\u00f3viles y de tabletas<\/li>\n<li>Incluye tecnolog\u00eda potente que garantiza que sus controles deslizantes est\u00e9n optimizados para tiempos de carga r\u00e1pidos y el m\u00e1ximo rendimiento<\/li>\n<li>Le permite incluir el c\u00f3digo personalizado CSS y JavaScript, d\u00e1ndole control total sobre la apariencia y la funcionalidad de sus controles deslizantes<\/li>\n<li>Viene con documentaci\u00f3n y apoyo integrales para ayudarlo a aprovechar al m\u00e1ximo el complemento.<\/li>\n<\/ul>\n","protected":false},"excerpt":{"rendered":"<p>El complemento Slider Revolution Premium Responsive Slider es una herramienta extraordinaria que ofrece caracter\u00edsticas avanzadas y una gran versatilidad, lo que le permite crear deslizadores visualmente impresionantes y din\u00e1micos sin esfuerzo para su sitio web. Su interfaz est\u00e1 dise\u00f1ada con la m\u00e1xima facilidad de uso en mente, lo que le permite incorporar a la perfecci\u00f3n texto, im\u00e1genes, videos y animaciones en sus controles deslizantes, cautivando as\u00ed a su audiencia y presentando su contenido de una manera incre\u00edblemente innovadora e ingeniosa. Adem\u00e1s, este notable control deslizante es totalmente receptivo, asegurando que mantenga su apariencia y funcionalidad excepcionales en cualquier tipo de dispositivo. Adem\u00e1s, proporciona una amplia gama de opciones de personalizaci\u00f3n, que abarca una amplia selecci\u00f3n de m\u00e1s de 200 plantillas dise\u00f1adas profesionalmente, otorg\u00e1ndole la capacidad de adaptar a su control deslizante para alinearse perfectamente con el estilo \u00fanico de su marca y transmitir su mensaje deseado de la manera m\u00e1s impactante posible . Sin duda, este complemento es una herramienta indispensable para elevar la est\u00e9tica visual de su sitio web y mejorar efectivamente el compromiso con su audiencia.<\/p>\n","protected":false},"featured_media":167504,"comment_status":"open","ping_status":"open","template":"","meta":[],"product_brand":[2339],"product_cat":[1214,1206,1211],"product_tag":[1256],"class_list":{"0":"post-121268","1":"product","2":"type-product","3":"status-publish","4":"has-post-thumbnail","6":"product_brand-codecanyon","7":"product_cat-personalizacion","8":"product_cat-plugins","9":"product_cat-wordpress-plugins","10":"product_tag-codecanyon","11":"member-discount","12":"discount-restricted","14":"first","15":"instock","16":"sale","17":"downloadable","18":"virtual","19":"sold-individually","20":"purchasable","21":"product-type-simple"},"_links":{"self":[{"href":"https:\/\/gpl-love.com\/es\/wp-json\/wp\/v2\/product\/121268","targetHints":{"allow":["GET"]}}],"collection":[{"href":"https:\/\/gpl-love.com\/es\/wp-json\/wp\/v2\/product"}],"about":[{"href":"https:\/\/gpl-love.com\/es\/wp-json\/wp\/v2\/types\/product"}],"replies":[{"embeddable":true,"href":"https:\/\/gpl-love.com\/es\/wp-json\/wp\/v2\/comments?post=121268"}],"wp:featuredmedia":[{"embeddable":true,"href":"https:\/\/gpl-love.com\/es\/wp-json\/wp\/v2\/media\/167504"}],"wp:attachment":[{"href":"https:\/\/gpl-love.com\/es\/wp-json\/wp\/v2\/media?parent=121268"}],"wp:term":[{"taxonomy":"product_brand","embeddable":true,"href":"https:\/\/gpl-love.com\/es\/wp-json\/wp\/v2\/product_brand?post=121268"},{"taxonomy":"product_cat","embeddable":true,"href":"https:\/\/gpl-love.com\/es\/wp-json\/wp\/v2\/product_cat?post=121268"},{"taxonomy":"product_tag","embeddable":true,"href":"https:\/\/gpl-love.com\/es\/wp-json\/wp\/v2\/product_tag?post=121268"}],"curies":[{"name":"wp","href":"https:\/\/api.w.org\/{rel}","templated":true}]}}