{"id":121264,"date":"2026-04-07T00:00:00","date_gmt":"2026-04-07T05:00:00","guid":{"rendered":"https:\/\/gpl-love.com\/es\/producto\/shopkeeper-ecommerce-wp-tema-para-woocommerce\/"},"modified":"2026-04-10T11:24:35","modified_gmt":"2026-04-10T16:24:35","slug":"shopkeeper-ecommerce-wp-tema-para-woocommerce","status":"publish","type":"product","link":"https:\/\/gpl-love.com\/es\/producto\/shopkeeper-ecommerce-wp-tema-para-woocommerce\/","title":{"rendered":"Shopkeeper eCommerce Theme 8.4"},"content":{"rendered":"<h3>Shopkeeper eCommerce Theme Caracteristicas<\/h3>\n<p>El tema de comercio electr\u00f3nico de comerciante es un tema de WordPress excepcionalmente robusto y vers\u00e1til que ha sido meticulosamente elaborado con la intenci\u00f3n espec\u00edfica de satisfacer las necesidades y demandas de los minoristas en l\u00ednea. Este tema ejemplar est\u00e1 equipado con una extensa gama de caracter\u00edsticas y una amplia gama de opciones de personalizaci\u00f3n que sirven efectivamente para facilitar la creaci\u00f3n perfecta de un sitio web de comercio electr\u00f3nico profesional y altamente efectivo. Adem\u00e1s, vale la pena se\u00f1alar que este tema posee la invaluable calidad de ser totalmente receptivo y admirablemente compatible con dispositivos m\u00f3viles. En consecuencia, esto garantiza que su estimada clientela pueda disfrutar de una experiencia de compra completamente ininterrumpida y sin problemas, independientemente del dispositivo que elijan utilizar. Adem\u00e1s de esto, el tema de comercio electr\u00f3nico de comerciante cuenta con una interfaz f\u00e1cil de usar que se caracteriza por una experiencia de usuario dise\u00f1ada intuitivamente. Es a trav\u00e9s de esta interfaz ergon\u00f3mica que podr\u00e1 navegar sin esfuerzo a trav\u00e9s del proceso de administrar efectivamente su tienda en l\u00ednea, as\u00ed como incorporar e introducir productos nuevos y emocionantes. Otro aspecto notable de este tema es la existencia de una variedad de plantillas y dise\u00f1os predise\u00f1ados a su disposici\u00f3n. Esta caracter\u00edstica le otorga la oportunidad de ejercer su estilo creativo y personalizar su sitio web de una manera que se alinee sin problemas con su marca \u00fanica y su estilo distintivo. Por \u00faltimo, es esencial reconocer la compatibilidad del tema del comercio de comercio electr\u00f3nico con complementos de comercio electr\u00f3nico reconocidos y ampliamente utilizados, como el estimado WooCommerce. Esta compatibilidad facilita la conveniente integraci\u00f3n de las pasarelas de pago esenciales y las opciones de env\u00edo indispensables, mejorando as\u00ed la funcionalidad general y la practicidad de su tienda en l\u00ednea. Todos los factores considerados, es inequ\u00edvocamente evidente que el tema de comercio electr\u00f3nico de comerciante es inequ\u00edvocamente una elecci\u00f3n estelar que es exquisitamente adecuada para cualquier persona que busque construir ampliamente y sin esfuerzo una tienda en l\u00ednea de calidad primordial y una simplicidad gerial excepcional.<\/p>\n<ul>\n<li>Un tema de comercio electr\u00f3nico dise\u00f1ado profesionalmente dise\u00f1ado espec\u00edficamente para comerciantes y comerciantes en l\u00ednea<\/li>\n<li>Totalmente compatible con plataformas de comercio electr\u00f3nico populares como WooCommerce, Shopify y Magento<\/li>\n<li>Incluye dise\u00f1os de p\u00e1gina de inicio personalizables, p\u00e1ginas de productos y p\u00e1ginas de pago, que proporciona un dise\u00f1o \u00fanico y espec\u00edfico de la marca para su tienda.<\/li>\n<li>Dise\u00f1ado para la capacidad de respuesta m\u00f3vil, asegurando que su tienda en l\u00ednea se vea muy bien en cualquier dispositivo<\/li>\n<li>Optimizaci\u00f3n de motor de b\u00fasqueda incorporada (SEO) para ayudar a su tienda a clasificar m\u00e1s alto en las p\u00e1ginas de resultados de los motores de b\u00fasqueda<\/li>\n<li>F\u00e1cil de usar y personalizar, no se requiere conocimiento de codificaci\u00f3n<\/li>\n<li>Documentaci\u00f3n integral y equipo de apoyo dedicado para ayudarlo en cada paso del camino<\/li>\n<li>Actualizaciones y mejoras peri\u00f3dicas para mantener su tienda en l\u00ednea luciendo frescas y modernas.<\/li>\n<\/ul>\n","protected":false},"excerpt":{"rendered":"<p>El tema de comercio electr\u00f3nico de comerciante es un dise\u00f1o de sitio web excepcionalmente pulido y sofisticado que ha sido dise\u00f1ado por la intenci\u00f3n espec\u00edfica de satisfacer las necesidades y requisitos de las tiendas en l\u00ednea. Su interfaz elegante y f\u00e1cil de usar est\u00e1 meticulosamente dise\u00f1ada para garantizar una navegaci\u00f3n sin esfuerzo y una interacci\u00f3n sin problemas del usuario, lo que le permite personalizar y seleccionar sin esfuerzo una experiencia de compra incomparable que est\u00e9 hecha a medida para su clientela exigente. Adem\u00e1s, el tema ofrece una formidable variedad de plantillas preconstruidas, cada una que exude su propio encanto y encanto \u00fanicos, lo que le brinda el lujo de elecci\u00f3n y la oportunidad de crear una tienda digital que sea verdaderamente representativa de su identidad de marca. Como la guinda del pastel proverbial, este tema notable est\u00e1 meticulosamente dise\u00f1ado para estar completamente optimizado tanto para la optimizaci\u00f3n de motores de b\u00fasqueda (SEO) como para los dispositivos m\u00f3viles, lo que garantiza que su presencia en l\u00ednea permanezca accesible y sin obst\u00e1culos, independientemente de la ubicaci\u00f3n o el dispositivo geogr\u00e1fico empleado por su estad\u00eda por su estimado clientes. Adem\u00e1s de sus virtudes est\u00e9ticas y destreza t\u00e9cnica, el tema de comercio electr\u00f3nico comerciante cuenta con orgullo un arsenal de poderosas caracter\u00edsticas de comercio electr\u00f3nico que est\u00e1n destinadas a revolucionar la forma en que opera su tienda en l\u00ednea. Imbuido con la capacidad de filtrar los productos sin esfuerzo, navegar sin problemas a trav\u00e9s de una funcionalidad de b\u00fasqueda integral y ejecutar transacciones con seguridad incomparable, el tema de comercio de comercio de comercio de comercio que amalgama sin problemas la forma y la funci\u00f3n, lo que lo convierte en la soluci\u00f3n por excelencia para todos sus esfuerzos minoristas en l\u00ednea.<\/p>\n","protected":false},"featured_media":167471,"comment_status":"open","ping_status":"open","template":"","meta":[],"product_brand":[2337],"product_cat":[1307,1237,1238],"product_tag":[1391],"class_list":{"0":"post-121264","1":"product","2":"type-product","3":"status-publish","4":"has-post-thumbnail","6":"product_brand-themeforest","7":"product_cat-negocio-wordpress-temas","8":"product_cat-temas","9":"product_cat-wordpress-temas","10":"product_tag-themeforest","11":"member-discount","12":"discount-restricted","14":"first","15":"instock","16":"sale","17":"downloadable","18":"virtual","19":"sold-individually","20":"purchasable","21":"product-type-simple"},"_links":{"self":[{"href":"https:\/\/gpl-love.com\/es\/wp-json\/wp\/v2\/product\/121264","targetHints":{"allow":["GET"]}}],"collection":[{"href":"https:\/\/gpl-love.com\/es\/wp-json\/wp\/v2\/product"}],"about":[{"href":"https:\/\/gpl-love.com\/es\/wp-json\/wp\/v2\/types\/product"}],"replies":[{"embeddable":true,"href":"https:\/\/gpl-love.com\/es\/wp-json\/wp\/v2\/comments?post=121264"}],"wp:featuredmedia":[{"embeddable":true,"href":"https:\/\/gpl-love.com\/es\/wp-json\/wp\/v2\/media\/167471"}],"wp:attachment":[{"href":"https:\/\/gpl-love.com\/es\/wp-json\/wp\/v2\/media?parent=121264"}],"wp:term":[{"taxonomy":"product_brand","embeddable":true,"href":"https:\/\/gpl-love.com\/es\/wp-json\/wp\/v2\/product_brand?post=121264"},{"taxonomy":"product_cat","embeddable":true,"href":"https:\/\/gpl-love.com\/es\/wp-json\/wp\/v2\/product_cat?post=121264"},{"taxonomy":"product_tag","embeddable":true,"href":"https:\/\/gpl-love.com\/es\/wp-json\/wp\/v2\/product_tag?post=121264"}],"curies":[{"name":"wp","href":"https:\/\/api.w.org\/{rel}","templated":true}]}}