{"id":121262,"date":"2025-06-19T00:00:00","date_gmt":"2025-06-19T05:00:00","guid":{"rendered":"https:\/\/gpl-love.com\/es\/producto\/seosight-seo-digital-marketing-agency-wp-tema-with-shop\/"},"modified":"2026-04-10T11:24:28","modified_gmt":"2026-04-10T16:24:28","slug":"seosight-seo-digital-marketing-agency-wp-tema-with-shop","status":"publish","type":"product","link":"https:\/\/gpl-love.com\/es\/producto\/seosight-seo-digital-marketing-agency-wp-tema-with-shop\/","title":{"rendered":"Seosight SEO, Digital Marketing Agency WP Tema with Shop 5.9"},"content":{"rendered":"<h3>Seosight SEO, Digital Marketing Agency WP Tema with Shop Caracteristicas<\/h3>\n<p>El SEOSIGHT SEO y la agencia de marketing digital WP Temo con Shop surgen como el remedio final para las personas que aspiran a establecer una presencia en l\u00ednea sofisticada e impactante. A la medida exclusivamente para las agencias de marketing digital y de SEO, este tema cuenta con una personalizaci\u00f3n completa y una gran cantidad de caracter\u00edsticas que facilitan la creaci\u00f3n de un sitio web impresionante. Adem\u00e1s, gracias a su funcionalidad integrada de la tienda, se presenta como la alternativa impecable para las personas que anhelan comercializar sus productos o servicios digitales en l\u00ednea. Independientemente de si uno se est\u00e1 embarcando en su viaje empresarial o que busca elevar su negocio a nuevas alturas, SEOSIGHT se erige como la elecci\u00f3n por excelencia para cualquier vendedor digital o profesional de SEO.<\/p>\n<ul>\n<li>SEOSIGHT es un tema moderno y elegante de WordPress que est\u00e1 dise\u00f1ado para las agencias de marketing digital y SEO.<\/li>\n<li>Viene con una gama de plantillas previas a la construcci\u00f3n y p\u00e1ginas de demostraci\u00f3n, lo que facilita el lanzamiento de su sitio web r\u00e1pidamente.<\/li>\n<li>Con SEOsight, puede mostrar f\u00e1cilmente sus servicios, miembros del equipo e historias de \u00e9xito del cliente.<\/li>\n<li>El tema incluye una funci\u00f3n de tienda incorporada, para que pueda vender productos digitales y mercanc\u00edas directamente desde su sitio web.<\/li>\n<li>SEOSIGHT es totalmente personalizable, gracias a su intuitivo creador de p\u00e1ginas de arrastrar y soltar y un panel de opciones de temas extensas.<\/li>\n<li>Tambi\u00e9n est\u00e1 optimizado para la velocidad y el SEO, asegurando que su sitio web se cargue r\u00e1pidamente y se ubique bien en los motores de b\u00fasqueda.<\/li>\n<li>El tema est\u00e1 listo para la traducci\u00f3n, por lo que puede crear f\u00e1cilmente un sitio multiling\u00fce si es necesario.<\/li>\n<li>SEOSIGHT est\u00e1 respaldado por una atenci\u00f3n al cliente confiable, asegurando que tenga ayuda cuando lo necesite.<\/li>\n<\/ul>\n","protected":false},"excerpt":{"rendered":"<p>SEOSIGHT, un tema de WordPress altamente adaptable, ha sido meticulosamente elaborado para satisfacer los requisitos de las agencias de marketing digital. Con un dise\u00f1o elegante y contempor\u00e1neo, SEOsight demuestra ser la selecci\u00f3n por excelencia cuando se trata de dise\u00f1ar un sitio web sofisticado que muestra efectivamente los notables servicios de su agencia y la experiencia incomparable. Sorprendentemente, este tema viene equipado con una variedad exhaustiva de herramientas y caracter\u00edsticas de SEO, junto con la funcionalidad de comercio electr\u00f3nico integrada sin problemas que le permite vender sus servicios sin esfuerzo directamente desde su sitio web. En consecuencia, ya sea que est\u00e9 tratando de establecer un sitio web de agencias completamente nuevo o renovar uno existente, SEOsight emerge sin esfuerzo como la soluci\u00f3n definitiva que atiende a todos sus elementos esenciales de marketing digital.<\/p>\n","protected":false},"featured_media":167462,"comment_status":"open","ping_status":"open","template":"","meta":[],"product_brand":[2337],"product_cat":[1307,1237,1238],"product_tag":[1391],"class_list":{"0":"post-121262","1":"product","2":"type-product","3":"status-publish","4":"has-post-thumbnail","6":"product_brand-themeforest","7":"product_cat-negocio-wordpress-temas","8":"product_cat-temas","9":"product_cat-wordpress-temas","10":"product_tag-themeforest","11":"member-discount","12":"discount-restricted","14":"first","15":"instock","16":"sale","17":"downloadable","18":"virtual","19":"sold-individually","20":"purchasable","21":"product-type-simple"},"_links":{"self":[{"href":"https:\/\/gpl-love.com\/es\/wp-json\/wp\/v2\/product\/121262","targetHints":{"allow":["GET"]}}],"collection":[{"href":"https:\/\/gpl-love.com\/es\/wp-json\/wp\/v2\/product"}],"about":[{"href":"https:\/\/gpl-love.com\/es\/wp-json\/wp\/v2\/types\/product"}],"replies":[{"embeddable":true,"href":"https:\/\/gpl-love.com\/es\/wp-json\/wp\/v2\/comments?post=121262"}],"wp:featuredmedia":[{"embeddable":true,"href":"https:\/\/gpl-love.com\/es\/wp-json\/wp\/v2\/media\/167462"}],"wp:attachment":[{"href":"https:\/\/gpl-love.com\/es\/wp-json\/wp\/v2\/media?parent=121262"}],"wp:term":[{"taxonomy":"product_brand","embeddable":true,"href":"https:\/\/gpl-love.com\/es\/wp-json\/wp\/v2\/product_brand?post=121262"},{"taxonomy":"product_cat","embeddable":true,"href":"https:\/\/gpl-love.com\/es\/wp-json\/wp\/v2\/product_cat?post=121262"},{"taxonomy":"product_tag","embeddable":true,"href":"https:\/\/gpl-love.com\/es\/wp-json\/wp\/v2\/product_tag?post=121262"}],"curies":[{"name":"wp","href":"https:\/\/api.w.org\/{rel}","templated":true}]}}