{"id":121260,"date":"2026-03-06T00:00:00","date_gmt":"2026-03-06T05:00:00","guid":{"rendered":"https:\/\/gpl-love.com\/es\/?post_type=product&#038;p=121260"},"modified":"2026-04-10T11:24:27","modified_gmt":"2026-04-10T16:24:27","slug":"seopress-pro","status":"publish","type":"product","link":"https:\/\/gpl-love.com\/es\/producto\/seopress-pro\/","title":{"rendered":"SEOPress Pro 9.7.2"},"content":{"rendered":"<h3>SEOPress Pro Caracteristicas<\/h3>\n<p>Seopress Pro, un complemento muy robusto dise\u00f1ado espec\u00edficamente para sitios web de WordPress, ofrece una variedad de funcionalidades que contribuyen a la optimizaci\u00f3n y la mejora de las clasificaciones de motores de b\u00fasqueda. Este notable complemento abarca un extenso repertorio de caracter\u00edsticas, que incluye, entre otros, la generaci\u00f3n de mapa del sitio XML, una integraci\u00f3n perfecta con plataformas de redes sociales, an\u00e1lisis de vanguardia, as\u00ed como soporte integral para los fragmentos ricos en Google. Al aprovechar el poder de Seopress Pro, los usuarios pueden ajustar sin esfuerzo el contenido de su sitio web, monitorear diligentemente sus clasificaciones y aumentar significativamente su visibilidad dentro de la amplia extensi\u00f3n de las p\u00e1ginas de resultados de los motores de b\u00fasqueda. Ya sea que uno sea un empresario a cargo de una peque\u00f1a empresa comercial, un \u00e1vido blogger o un vendedor digital experimentado, la indispensabilidad de Seopress Pro como una herramienta destinada a mejorar el rendimiento de SEO del sitio web simplemente no puede ser exagerada.<\/p>\n<ul>\n<li>Plugin avanzado para WordPress que ayuda a optimizar su sitio web para los motores de b\u00fasqueda<\/li>\n<li>Interfaz f\u00e1cil de usar para principiantes y profesionales por igual<\/li>\n<li>Permite personalizar t\u00edtulos, descripciones y metaetiquetas para una mejor clasificaci\u00f3n de motores de b\u00fasqueda<\/li>\n<li>Ofrece un an\u00e1lisis integral del SEO de su sitio, incluida la investigaci\u00f3n de palabras clave y la gesti\u00f3n de backlink<\/li>\n<li>Ayuda a integrar las plataformas de redes sociales con su sitio web para la m\u00e1xima exposici\u00f3n<\/li>\n<li>Ofrece capacidades de marcado de esquema para mejorar los resultados de b\u00fasqueda y mejorar las tasas de clics<\/li>\n<li>Proporciona informes y an\u00e1lisis detallados para monitorear el rendimiento del motor de b\u00fasqueda de su sitio<\/li>\n<li>Ofrece apoyo integral y actualizaciones regulares para mantenerse al d\u00eda con las \u00faltimas tendencias en SEO.<\/li>\n<\/ul>\n","protected":false},"excerpt":{"rendered":"<p>Seopress Pro, un complemento SEO altamente sofisticado dise\u00f1ado espec\u00edficamente para sitios web de WordPress, presenta una amplia gama de funciones destinadas a mejorar la visibilidad del sitio web y reforzar las clasificaciones en los motores de b\u00fasqueda, incluido el renombrado Google. Armados con SEOPress Pro, los propietarios del sitio web pueden ajustar el contenido, metaetiquetas e im\u00e1genes sin esfuerzo, generar sitios XML y HTML, manejar eficientemente redireccionamientos y mucho m\u00e1s. En particular, esta herramienta notable cuenta con una interfaz f\u00e1cil de usar y un dise\u00f1o intuitivo elaborado, lo que lo hace accesible y navegable tanto para ne\u00f3fitos como para usuarios experimentados. En \u00faltima instancia, Seopress Pro sirve como un activo invaluable en la b\u00fasqueda implacable del rendimiento \u00f3ptimo de SEO, aumentando efectivamente el tr\u00e1fico org\u00e1nico y impulsando los sitios web a alturas de \u00e9xito.<\/p>\n","protected":false},"featured_media":167461,"comment_status":"open","ping_status":"open","template":"","meta":[],"product_brand":[2557],"product_cat":[1206,1360,1211],"product_tag":[1370],"class_list":{"0":"post-121260","1":"product","2":"type-product","3":"status-publish","4":"has-post-thumbnail","6":"product_brand-seo-press","7":"product_cat-plugins","8":"product_cat-seo","9":"product_cat-wordpress-plugins","10":"product_tag-seo-press","11":"member-discount","12":"discount-restricted","14":"first","15":"instock","16":"sale","17":"downloadable","18":"virtual","19":"sold-individually","20":"purchasable","21":"product-type-simple"},"_links":{"self":[{"href":"https:\/\/gpl-love.com\/es\/wp-json\/wp\/v2\/product\/121260","targetHints":{"allow":["GET"]}}],"collection":[{"href":"https:\/\/gpl-love.com\/es\/wp-json\/wp\/v2\/product"}],"about":[{"href":"https:\/\/gpl-love.com\/es\/wp-json\/wp\/v2\/types\/product"}],"replies":[{"embeddable":true,"href":"https:\/\/gpl-love.com\/es\/wp-json\/wp\/v2\/comments?post=121260"}],"wp:featuredmedia":[{"embeddable":true,"href":"https:\/\/gpl-love.com\/es\/wp-json\/wp\/v2\/media\/167461"}],"wp:attachment":[{"href":"https:\/\/gpl-love.com\/es\/wp-json\/wp\/v2\/media?parent=121260"}],"wp:term":[{"taxonomy":"product_brand","embeddable":true,"href":"https:\/\/gpl-love.com\/es\/wp-json\/wp\/v2\/product_brand?post=121260"},{"taxonomy":"product_cat","embeddable":true,"href":"https:\/\/gpl-love.com\/es\/wp-json\/wp\/v2\/product_cat?post=121260"},{"taxonomy":"product_tag","embeddable":true,"href":"https:\/\/gpl-love.com\/es\/wp-json\/wp\/v2\/product_tag?post=121260"}],"curies":[{"name":"wp","href":"https:\/\/api.w.org\/{rel}","templated":true}]}}