{"id":121258,"date":"2021-02-09T00:00:00","date_gmt":"2021-02-09T05:00:00","guid":{"rendered":"https:\/\/gpl-love.com\/es\/producto\/seomun-digital-marketing-agency-wordpress-theme\/"},"modified":"2026-04-10T11:24:26","modified_gmt":"2026-04-10T16:24:26","slug":"seomun-digital-marketing-agency-wordpress-theme","status":"publish","type":"product","link":"https:\/\/gpl-love.com\/es\/producto\/seomun-digital-marketing-agency-wordpress-theme\/","title":{"rendered":"Seomun Digital Marketing Agency WordPress Theme 1.0.6"},"content":{"rendered":"<h3>Seomun Digital Marketing Agency WordPress Theme Caracteristicas<\/h3>\n<p>El tema de WordPress de la agencia de marketing digital de Seomun es un tema incre\u00edblemente robusto y altamente receptivo que ha sido dise\u00f1ado meticulosamente para servir como una herramienta efectiva para las agencias de marketing digital en sus esfuerzos para mostrar su extensa gama de servicios y, en \u00faltima instancia, atraer a los posibles clientes. Su impresionante gama de caracter\u00edsticas, que incluye una variedad de widgets personalizados, p\u00e1ginas preconstruidas y una funcionalidad de creaci\u00f3n de p\u00e1ginas de arrastre y soltar de arrastre f\u00e1cil de usar, hace que el proceso de crear un sitio web sofisticado y contempor\u00e1neo sea muy f\u00e1cil, incluso para las personas que carecen de experiencia en codificaci\u00f3n. . Adem\u00e1s, este tema ofrece a los usuarios una amplia gama de opciones de personalizaci\u00f3n, que les brinda la capacidad de adaptar su sitio a sus especificaciones precisas y \u00fanicas, asegurando una integraci\u00f3n perfecta con su identidad general de marca. A la luz de esto, se hace bastante evidente que el tema de WordPress de la agencia de marketing digital de Seomun surge como una opci\u00f3n ideal para las agencias de marketing digital, ya que no solo facilita el establecimiento de una presencia en l\u00ednea dominante, sino que tambi\u00e9n sirve como un medio sobresaliente para atraer nuevos nuevos oportunidades de negocio.<\/p>\n<ul>\n<li>Dise\u00f1o elegante y moderno perfecto para agencias de marketing digital<\/li>\n<li>Totalmente personalizable con el uso del complemento de compositor visual y numerosas opciones de temas<\/li>\n<li>12 variaciones diferentes de la p\u00e1gina de inicio para elegir<\/li>\n<li>WooCommerce compatible para una f\u00e1cil integraci\u00f3n de comercio electr\u00f3nico<\/li>\n<li>Admite m\u00faltiples formatos de publicaci\u00f3n que incluyen video, galer\u00eda y audio<\/li>\n<li>Construido con la optimizaci\u00f3n de motores de b\u00fasqueda en mente para ayudar a aumentar el tr\u00e1fico del sitio web<\/li>\n<li>Dise\u00f1o de respuesta m\u00f3vil para una f\u00e1cil visualizaci\u00f3n en cualquier dispositivo<\/li>\n<li>Incluye el complemento Slider de Revolution para las llamativas presentaciones de la p\u00e1gina de inicio<\/li>\n<li>Opci\u00f3n de importaci\u00f3n de demostraci\u00f3n de un solo clic para la configuraci\u00f3n r\u00e1pida del sitio web<\/li>\n<li>Equipo de soporte dedicado disponible para asistencia y soluci\u00f3n de problemas.<\/li>\n<\/ul>\n","protected":false},"excerpt":{"rendered":"<p>La agencia de marketing digital de Seomun, WordPress, es una plantilla excepcionalmente elegante y moderna meticulosamente dise\u00f1ada con el \u00fanico prop\u00f3sito de atender a las agencias de marketing digital. Por lo notable por su dise\u00f1o limpio y minimalista, este tema abarca una gran cantidad de caracter\u00edsticas personalizables que permiten una experiencia de usuario personalizada. En esencia, este tema exuda un sentido de profesionalismo que no tiene paralelo, proporcionando as\u00ed un notable atractivo est\u00e9tico para cualquier negocio. Un aspecto sorprendente del tema de WordPress de la agencia de marketing digital de Seomun es su dise\u00f1o receptivo, asegurando que su sitio web permanezca optimizado y perfectamente funcional en una amplia gama de dispositivos. Esta adaptabilidad innata sirve como catalizador, lo que hace que su sitio web sea accesible a una amplia base de clientes. Adem\u00e1s, este tema incorpora una amplia gama de p\u00e1ginas y caracter\u00edsticas previas a la construcci\u00f3n, que abarca componentes esenciales como blog, cartera, servicios y secciones de testimonios. La inclusi\u00f3n de estas facetas facilita la exhibici\u00f3n sin esfuerzo de su negocio, cautivando a clientes potenciales y fomentando relaciones duraderas. En resumen, la agencia de marketing digital Seomun WordPress Temo es una opci\u00f3n impecable para cualquier agencia que busque establecer una presencia en l\u00ednea dominante y elevar su marca a alturas incomparables.<\/p>\n","protected":false},"featured_media":167460,"comment_status":"open","ping_status":"open","template":"","meta":[],"product_brand":[2337],"product_cat":[1307,1237,1238],"product_tag":[1391],"class_list":{"0":"post-121258","1":"product","2":"type-product","3":"status-publish","4":"has-post-thumbnail","6":"product_brand-themeforest","7":"product_cat-negocio-wordpress-temas","8":"product_cat-temas","9":"product_cat-wordpress-temas","10":"product_tag-themeforest","11":"member-discount","12":"discount-restricted","14":"first","15":"instock","16":"sale","17":"downloadable","18":"virtual","19":"sold-individually","20":"purchasable","21":"product-type-simple"},"_links":{"self":[{"href":"https:\/\/gpl-love.com\/es\/wp-json\/wp\/v2\/product\/121258","targetHints":{"allow":["GET"]}}],"collection":[{"href":"https:\/\/gpl-love.com\/es\/wp-json\/wp\/v2\/product"}],"about":[{"href":"https:\/\/gpl-love.com\/es\/wp-json\/wp\/v2\/types\/product"}],"replies":[{"embeddable":true,"href":"https:\/\/gpl-love.com\/es\/wp-json\/wp\/v2\/comments?post=121258"}],"wp:featuredmedia":[{"embeddable":true,"href":"https:\/\/gpl-love.com\/es\/wp-json\/wp\/v2\/media\/167460"}],"wp:attachment":[{"href":"https:\/\/gpl-love.com\/es\/wp-json\/wp\/v2\/media?parent=121258"}],"wp:term":[{"taxonomy":"product_brand","embeddable":true,"href":"https:\/\/gpl-love.com\/es\/wp-json\/wp\/v2\/product_brand?post=121258"},{"taxonomy":"product_cat","embeddable":true,"href":"https:\/\/gpl-love.com\/es\/wp-json\/wp\/v2\/product_cat?post=121258"},{"taxonomy":"product_tag","embeddable":true,"href":"https:\/\/gpl-love.com\/es\/wp-json\/wp\/v2\/product_tag?post=121258"}],"curies":[{"name":"wp","href":"https:\/\/api.w.org\/{rel}","templated":true}]}}