{"id":121256,"date":"2026-03-27T00:00:00","date_gmt":"2026-03-27T05:00:00","guid":{"rendered":"https:\/\/gpl-love.com\/es\/producto\/searchwp-wordpress-plugin\/"},"modified":"2026-04-10T11:24:13","modified_gmt":"2026-04-10T16:24:13","slug":"searchwp-wordpress-plugin","status":"publish","type":"product","link":"https:\/\/gpl-love.com\/es\/producto\/searchwp-wordpress-plugin\/","title":{"rendered":"SearchWP 4.5.9"},"content":{"rendered":"<h3>SearchWP Caracteristicas<\/h3>\n<p>SearchWP es un motor de b\u00fasqueda muy robusto y potente dise\u00f1ado espec\u00edficamente para sitios web de WordPress, que ofrece una experiencia de b\u00fasqueda notablemente eficiente y ampliamente personalizable para los usuarios. Esta herramienta excepcional mejora significativamente la funcionalidad de b\u00fasqueda predeterminada de WordPress al proporcionar resultados de b\u00fasqueda extremadamente pertinentes que abarcan contenido de tipos de publicaciones personalizadas, taxonom\u00edas y campos personalizados. Adem\u00e1s, SearchWP cuenta con la caracter\u00edstica impresionante de la indexaci\u00f3n en tiempo real, asegurando que cualquier contenido reci\u00e9n agregado se incorpore instant\u00e1neamente en los resultados de b\u00fasqueda, lo que mantiene actualizado a los usuarios sin problemas. La configuraci\u00f3n de b\u00fasqueda flexible de SearchWP permite a los usuarios excluir selectivamente p\u00e1ginas, publicaciones o categor\u00edas espec\u00edficas de aparecer en los resultados de b\u00fasqueda, lo que permite una experiencia de b\u00fasqueda m\u00e1s personalizada y optimizada. Adem\u00e1s, SearchWP va m\u00e1s all\u00e1 al proporcionar an\u00e1lisis invaluables que le permiten rastrear meticulosamente las consultas de b\u00fasqueda y analizar meticulosamente el comportamiento del usuario en su sitio web. En \u00faltima instancia, SearchWP surge como una soluci\u00f3n ejemplar que mejore admirablemente la experiencia de b\u00fasqueda en los sitios web de WordPress, facilitando inequ\u00edvocamente la adquisici\u00f3n r\u00e1pida y sin esfuerzo de la informaci\u00f3n deseada para los usuarios.<\/p>\n<ul>\n<li>Complemento de motor de b\u00fasqueda r\u00e1pido y eficiente para sitios web de WordPress<\/li>\n<li>Algoritmo de b\u00fasqueda altamente personalizable<\/li>\n<li>Incluye caracter\u00edsticas como palabras clave derivadas, coincidencia parcial y soporte de sin\u00f3nimo<\/li>\n<li>Interfaz de usuario de arrastrar y soltar para una f\u00e1cil personalizaci\u00f3n de los resultados de b\u00fasqueda<\/li>\n<li>Se integra con complementos populares de WordPress como WooCommerce y descargas digitales f\u00e1ciles<\/li>\n<li>Incluye an\u00e1lisis y registro de b\u00fasqueda para obtener informaci\u00f3n sobre el comportamiento del usuario y consultas de b\u00fasqueda populares<\/li>\n<li>Permite el control sobre el orden de los resultados de b\u00fasqueda y la ponderaci\u00f3n<\/li>\n<li>Puede indexar y buscar tipos de publicaci\u00f3n personalizados y taxonom\u00edas<\/li>\n<li>Proporciona resultados de b\u00fasqueda relevantes para los visitantes del sitio web y mejora su experiencia de usuario<\/li>\n<li>Actualizado regularmente con nuevas caracter\u00edsticas y mejoras.<\/li>\n<\/ul>\n","protected":false},"excerpt":{"rendered":"<p>El complemento SearchWP para WordPress es una herramienta extremadamente robusta que mejora significativamente las capacidades de b\u00fasqueda de su sitio web. Al ofrecer resultados de b\u00fasqueda altamente pertinentes y precisos a los visitantes de su sitio, optimiza efectivamente su proceso de b\u00fasqueda, facilitando el descubrimiento del contenido solicitado. Equipado con funcionalidades avanzadas, como destacar palabras clave, estad\u00edsticas de b\u00fasqueda integrales y campos de b\u00fasqueda personalizables, SearchWP surge como un remedio ideal para sitios web de WordPress que aspiran a optimizar su funcionalidad de b\u00fasqueda.<\/p>\n","protected":false},"featured_media":167440,"comment_status":"open","ping_status":"open","template":"","meta":[],"product_brand":[2553],"product_cat":[1214,1206,1211],"product_tag":[1368],"class_list":{"0":"post-121256","1":"product","2":"type-product","3":"status-publish","4":"has-post-thumbnail","6":"product_brand-search-wp","7":"product_cat-personalizacion","8":"product_cat-plugins","9":"product_cat-wordpress-plugins","10":"product_tag-search-wp","11":"member-discount","12":"discount-restricted","14":"first","15":"instock","16":"sale","17":"downloadable","18":"virtual","19":"sold-individually","20":"purchasable","21":"product-type-simple"},"_links":{"self":[{"href":"https:\/\/gpl-love.com\/es\/wp-json\/wp\/v2\/product\/121256","targetHints":{"allow":["GET"]}}],"collection":[{"href":"https:\/\/gpl-love.com\/es\/wp-json\/wp\/v2\/product"}],"about":[{"href":"https:\/\/gpl-love.com\/es\/wp-json\/wp\/v2\/types\/product"}],"replies":[{"embeddable":true,"href":"https:\/\/gpl-love.com\/es\/wp-json\/wp\/v2\/comments?post=121256"}],"wp:featuredmedia":[{"embeddable":true,"href":"https:\/\/gpl-love.com\/es\/wp-json\/wp\/v2\/media\/167440"}],"wp:attachment":[{"href":"https:\/\/gpl-love.com\/es\/wp-json\/wp\/v2\/media?parent=121256"}],"wp:term":[{"taxonomy":"product_brand","embeddable":true,"href":"https:\/\/gpl-love.com\/es\/wp-json\/wp\/v2\/product_brand?post=121256"},{"taxonomy":"product_cat","embeddable":true,"href":"https:\/\/gpl-love.com\/es\/wp-json\/wp\/v2\/product_cat?post=121256"},{"taxonomy":"product_tag","embeddable":true,"href":"https:\/\/gpl-love.com\/es\/wp-json\/wp\/v2\/product_tag?post=121256"}],"curies":[{"name":"wp","href":"https:\/\/api.w.org\/{rel}","templated":true}]}}