{"id":121254,"date":"2023-10-21T00:00:00","date_gmt":"2023-10-21T05:00:00","guid":{"rendered":"https:\/\/gpl-love.com\/es\/producto\/scroll-magic-wordpress-scrolling-animation-builder-plugin\/"},"modified":"2026-03-09T08:05:18","modified_gmt":"2026-03-09T13:05:18","slug":"scroll-magic-wordpress-scrolling-animation-builder-plugin","status":"publish","type":"product","link":"https:\/\/gpl-love.com\/es\/producto\/scroll-magic-wordpress-scrolling-animation-builder-plugin\/","title":{"rendered":"Scroll Magic WordPress Scrolling Animation Builder Plugin 5.0.3"},"content":{"rendered":"<h3>Scroll Magic WordPress Scrolling Animation Builder Plugin Caracteristicas<\/h3>\n<p>El complemento Scroll Magic WordPress Scrolling Animation Builder, con sus capacidades excepcionales, sirve como un instrumento invaluable para mejorar la experiencia de desplazamiento de su sitio web. Este complemento notablemente vers\u00e1til facilita sin esfuerzo la creaci\u00f3n de animaciones impresionantes que est\u00e1n obligados a cautivar a sus estimados visitantes. Al aprovechar el inmenso poder de la Biblioteca de Magia de Scroll, este complemento le permite integrar a la perfecci\u00f3n los efectos de desplazamiento sofisticados en su sitio web, todo sin necesitar un amplio repertorio de experiencia en codificaci\u00f3n. A trav\u00e9s de su interfaz f\u00e1cil de usar, el proceso de elaboraci\u00f3n de animaciones se convierte en muy f\u00e1cil, ya que puede generarlas sin esfuerzo y verlas en tiempo real. Ya sea que desee embellecer textos, im\u00e1genes, videos o cualquier otro elemento en su sitio web, el complemento permite la adici\u00f3n de animaciones de pergamino ilimitadas. En conclusi\u00f3n, la indispensabilidad del complemento de Builder de animaci\u00f3n de Scroll Magic WordPress no puede ser exagerado, ya que es una necesidad absoluta para cualquier propietario del sitio web m\u00e1s exigente que anhele elevar la est\u00e9tica y la experiencia del usuario de su dominio digital.<\/p>\n<ul>\n<li>Cree animaciones interactivas e interactivas para su sitio web de WordPress con facilidad<\/li>\n<li>La interfaz intuitiva de arrastrar y soltar hace que la construcci\u00f3n de animaciones sea muy f\u00e1cil<\/li>\n<li>Elija entre m\u00e1s de 20 efectos de animaci\u00f3n para personalizar sus animaciones de desplazamiento<\/li>\n<li>Agregue animaciones a cualquier elemento en su sitio web, que incluya texto, im\u00e1genes y videos<\/li>\n<li>Personalice la velocidad y la duraci\u00f3n de sus animaciones para un aspecto m\u00e1s pulido<\/li>\n<li>Integraci\u00f3n perfecta con constructores de p\u00e1ginas de WordPress populares como Elementor y Divi<\/li>\n<li>Opciones avanzadas como \u00abfijar\u00bb elementos y animaciones de \u00abactivaci\u00f3n\u00bb en puntos espec\u00edficos agregan a\u00fan m\u00e1s creatividad a sus dise\u00f1os<\/li>\n<li>Animaciones altamente receptivas que funcionan sin problemas en todos los dispositivos<\/li>\n<li>Acceso a actualizaciones frecuentes y soporte premium para que siempre pueda aprovechar al m\u00e1ximo su complemento.<\/li>\n<\/ul>\n","protected":false},"excerpt":{"rendered":"<p>El complemento Scroll Magic WordPress Scrolling Animation Builder ofrece una oportunidad perfecta para fabricar animaciones de desplazamiento impresionantes sin esfuerzo para su sitio web, completamente desprovisto de cualquier experiencia de codificaci\u00f3n. Al proporcionar una amplia gama de efectos personalizables y opciones f\u00e1ciles de usar, esta herramienta invaluable le permite dar vida a su sitio y cautivar a sus visitantes con contenido fascinante y din\u00e1mico. Ya sea que posea una gran experiencia en el desarrollo o sea un novato en el \u00e1mbito de WordPress, este complemento inmensamente potente es una necesidad absoluta para aquellos que buscan infundir su sitio con un toque adicional de garbo e interactividad.<\/p>\n","protected":false},"featured_media":167408,"comment_status":"open","ping_status":"open","template":"","meta":[],"product_brand":[2339],"product_cat":[1214,1206,1211],"product_tag":[1256],"class_list":{"0":"post-121254","1":"product","2":"type-product","3":"status-publish","4":"has-post-thumbnail","6":"product_brand-codecanyon","7":"product_cat-personalizacion","8":"product_cat-plugins","9":"product_cat-wordpress-plugins","10":"product_tag-codecanyon","11":"member-discount","12":"discount-restricted","14":"first","15":"instock","16":"sale","17":"downloadable","18":"virtual","19":"sold-individually","20":"purchasable","21":"product-type-simple"},"_links":{"self":[{"href":"https:\/\/gpl-love.com\/es\/wp-json\/wp\/v2\/product\/121254","targetHints":{"allow":["GET"]}}],"collection":[{"href":"https:\/\/gpl-love.com\/es\/wp-json\/wp\/v2\/product"}],"about":[{"href":"https:\/\/gpl-love.com\/es\/wp-json\/wp\/v2\/types\/product"}],"replies":[{"embeddable":true,"href":"https:\/\/gpl-love.com\/es\/wp-json\/wp\/v2\/comments?post=121254"}],"wp:featuredmedia":[{"embeddable":true,"href":"https:\/\/gpl-love.com\/es\/wp-json\/wp\/v2\/media\/167408"}],"wp:attachment":[{"href":"https:\/\/gpl-love.com\/es\/wp-json\/wp\/v2\/media?parent=121254"}],"wp:term":[{"taxonomy":"product_brand","embeddable":true,"href":"https:\/\/gpl-love.com\/es\/wp-json\/wp\/v2\/product_brand?post=121254"},{"taxonomy":"product_cat","embeddable":true,"href":"https:\/\/gpl-love.com\/es\/wp-json\/wp\/v2\/product_cat?post=121254"},{"taxonomy":"product_tag","embeddable":true,"href":"https:\/\/gpl-love.com\/es\/wp-json\/wp\/v2\/product_tag?post=121254"}],"curies":[{"name":"wp","href":"https:\/\/api.w.org\/{rel}","templated":true}]}}