{"id":121252,"date":"2026-02-18T00:00:00","date_gmt":"2026-02-18T05:00:00","guid":{"rendered":"https:\/\/gpl-love.com\/es\/producto\/savoy-minimalist-ajax-woocommerce-theme\/"},"modified":"2026-04-10T11:23:45","modified_gmt":"2026-04-10T16:23:45","slug":"savoy-minimalist-ajax-woocommerce-theme","status":"publish","type":"product","link":"https:\/\/gpl-love.com\/es\/producto\/savoy-minimalist-ajax-woocommerce-theme\/","title":{"rendered":"Savoy Minimalist AJAX WooCommerce Theme 3.1.5"},"content":{"rendered":"<h3>Savoy Minimalist AJAX WooCommerce Theme Caracteristicas<\/h3>\n<p>El tema minimalista de Ajax WooCommerce de Savoy, un tema encomiable dise\u00f1ado expl\u00edcitamente para sitios web de comercio electr\u00f3nico, posee un dise\u00f1o exquisito y vers\u00e1til. Con un arreglo minimalista y elementos avanzados de AJAX, este tema facilita a la perfecci\u00f3n una experiencia de usuario que cautiva a los clientes y les atrae a regresar. Sus extensas opciones de personalizaci\u00f3n atienden sin esfuerzo a sus requisitos \u00fanicos e inclinaciones personales. Adem\u00e1s, su integraci\u00f3n perfecta con WooCommerce simplifica la incorporaci\u00f3n de sus productos y optimiza el proceso de pago. Si busca un tema de comercio electr\u00f3nico contempor\u00e1neo y f\u00e1cil de usar, el tema minimalista de Ajax WooCommerce de Savoy, sin duda, surge como una selecci\u00f3n excepcional.<\/p>\n<ul>\n<li>Dise\u00f1o moderno y elegante con una est\u00e9tica minimalista<\/li>\n<li>Funcionalidad de Ajax incorporada para una experiencia de compra sin problemas<\/li>\n<li>Compatible con WooCommerce, la plataforma de comercio electr\u00f3nico l\u00edder para WordPress<\/li>\n<li>Dise\u00f1o totalmente receptivo para una visualizaci\u00f3n \u00f3ptima en todos los dispositivos<\/li>\n<li>M\u00faltiples dise\u00f1os de p\u00e1gina de inicio para elegir, incluida una opci\u00f3n de control deslizante de pantalla completa<\/li>\n<li>Opciones personalizables de encabezado y pie de p\u00e1gina<\/li>\n<li>P\u00e1ginas de carga r\u00e1pida para mejorar la experiencia del usuario y las clasificaciones de motores de b\u00fasqueda m\u00e1s altos<\/li>\n<li>SEO optimizado para mejorar la visibilidad y un mayor tr\u00e1fico<\/li>\n<li>Documentaci\u00f3n y soporte extenso para una f\u00e1cil configuraci\u00f3n y personalizaci\u00f3n<\/li>\n<li>Actualizaciones y mejoras regulares para garantizar la compatibilidad y la funcionalidad continuas.<\/li>\n<\/ul>\n","protected":false},"excerpt":{"rendered":"<p>Con su dise\u00f1o elegante y moderno, el tema Minimalista de Ajax WooCommerce de Savoy presenta una opci\u00f3n excepcional para aquellos que buscan establecer una tienda en l\u00ednea. A trav\u00e9s de la implementaci\u00f3n de la funcionalidad de AJAX, el tema permite a los clientes explorar sin esfuerzo y hacer que las compras san la necesidad de actualizar la p\u00e1gina. Adem\u00e1s, el tema ofrece una variedad de dise\u00f1os de p\u00e1gina personalizables, filtros de productos y opciones de vista r\u00e1pida, todas las cuales contribuyen a elevar la experiencia general del usuario. Espec\u00edficamente elaborado con el fin de acomodar a WooCommerce, este tema demuestra ser ideal para las empresas en busca de una plataforma para presentar sus productos de manera sofisticada y pr\u00edstina.<\/p>\n","protected":false},"featured_media":167401,"comment_status":"open","ping_status":"open","template":"","meta":[],"product_brand":[2337],"product_cat":[1263,1264,1237],"product_tag":[1391],"class_list":{"0":"post-121252","1":"product","2":"type-product","3":"status-publish","4":"has-post-thumbnail","6":"product_brand-themeforest","7":"product_cat-comercio-electronico-temas","8":"product_cat-negocio","9":"product_cat-temas","10":"product_tag-themeforest","11":"member-discount","12":"discount-restricted","14":"first","15":"instock","16":"sale","17":"downloadable","18":"virtual","19":"sold-individually","20":"purchasable","21":"product-type-simple"},"_links":{"self":[{"href":"https:\/\/gpl-love.com\/es\/wp-json\/wp\/v2\/product\/121252","targetHints":{"allow":["GET"]}}],"collection":[{"href":"https:\/\/gpl-love.com\/es\/wp-json\/wp\/v2\/product"}],"about":[{"href":"https:\/\/gpl-love.com\/es\/wp-json\/wp\/v2\/types\/product"}],"replies":[{"embeddable":true,"href":"https:\/\/gpl-love.com\/es\/wp-json\/wp\/v2\/comments?post=121252"}],"wp:featuredmedia":[{"embeddable":true,"href":"https:\/\/gpl-love.com\/es\/wp-json\/wp\/v2\/media\/167401"}],"wp:attachment":[{"href":"https:\/\/gpl-love.com\/es\/wp-json\/wp\/v2\/media?parent=121252"}],"wp:term":[{"taxonomy":"product_brand","embeddable":true,"href":"https:\/\/gpl-love.com\/es\/wp-json\/wp\/v2\/product_brand?post=121252"},{"taxonomy":"product_cat","embeddable":true,"href":"https:\/\/gpl-love.com\/es\/wp-json\/wp\/v2\/product_cat?post=121252"},{"taxonomy":"product_tag","embeddable":true,"href":"https:\/\/gpl-love.com\/es\/wp-json\/wp\/v2\/product_tag?post=121252"}],"curies":[{"name":"wp","href":"https:\/\/api.w.org\/{rel}","templated":true}]}}