{"id":121250,"date":"2026-02-23T00:00:00","date_gmt":"2026-02-23T05:00:00","guid":{"rendered":"https:\/\/gpl-love.com\/es\/producto\/salient-responsive-multi-purpose-wordpress-theme\/"},"modified":"2026-04-10T11:23:41","modified_gmt":"2026-04-10T16:23:41","slug":"salient-responsive-multi-purpose-wordpress-theme","status":"publish","type":"product","link":"https:\/\/gpl-love.com\/es\/producto\/salient-responsive-multi-purpose-wordpress-theme\/","title":{"rendered":"Salient Responsive Multi-Purpose WordPress Theme 18.1.1"},"content":{"rendered":"<h3>Salient Responsive Multi-Purpose WordPress Theme Caracteristicas<\/h3>\n<p>El tema de WordPress multiprop\u00f3sito relevante es un tema incre\u00edblemente vers\u00e1til y extremadamente poderoso que es excepcionalmente adecuado para empresas, blogs, carteras y una gran cantidad de otras aplicaciones. Su dise\u00f1o receptivo garantiza que su sitio web se presente de una manera est\u00e9ticamente agradable en todo tipo de dispositivos, que van desde computadoras de escritorio tradicionales hasta los tel\u00e9fonos inteligentes siempre populares y ubicuos. El tema en s\u00ed cuenta con una impresionante variedad de caracter\u00edsticas personalizables, lo que le brinda un nivel de flexibilidad sin precedentes para adaptar su sitio web a sus especificaciones y preferencias exactas. Entre estas caracter\u00edsticas se encuentran una gran cantidad de dise\u00f1os de demostraci\u00f3n, lo que le permite visualizar y experimentar sin esfuerzo con diferentes configuraciones; una paleta inagotable de colores y fuentes, lo que le permite imbuir su sitio web con su propia marca y est\u00e9tica \u00fanicas; y optimizaci\u00f3n de SEO integrada, lo que le permite maximizar la visibilidad de su sitio web y el alcance posterior. Adem\u00e1s, el tema saliente es incre\u00edblemente f\u00e1cil de usar, cortes\u00eda de sus herramientas de edici\u00f3n de arrastrar y soltar altamente intuitivas, lo que le otorga la capacidad de manipular sin esfuerzo y posicionar elementos al contenido de su coraz\u00f3n. Adem\u00e1s, el tema ofrece convenientemente la capacidad de importar o exportar contenido, asegurando as\u00ed que pueda transferir f\u00e1cilmente el contenido de su sitio web a otras plataformas o viceversa. Ya sea que sea un ne\u00f3fito en el \u00e1mbito del desarrollo de sitios web o un desarrollador experimentado y experimentado, el tema de WordPress multiprop\u00f3sito relacionado es una opci\u00f3n excepcional para cualquier persona que desee crear un sitio web profesional y completamente moderno.<\/p>\n<ul>\n<li>Un tema de WordPress altamente vers\u00e1til dise\u00f1ado para uso personal y comercial.<\/li>\n<li>Ofrece una variedad de opciones de personalizaci\u00f3n, que incluyen m\u00faltiples dise\u00f1os de p\u00e1ginas, esquemas de color y opciones de tipograf\u00eda.<\/li>\n<li>Integraci\u00f3n perfecta con complementos populares, como WooCommerce y el Formulario de contacto 7, para una funcionalidad adicional.<\/li>\n<li>El dise\u00f1o totalmente receptivo asegura que su sitio web se vea genial en cualquier dispositivo, desde escritorio hasta dispositivos m\u00f3viles.<\/li>\n<li>Caracter\u00edsticas de optimizaci\u00f3n de SEO incorporadas para ayudar a su sitio web a clasificar m\u00e1s alto en los resultados de los motores de b\u00fasqueda.<\/li>\n<li>Actualizado regularmente con nuevas funciones y correcciones de errores para garantizar un rendimiento \u00f3ptimo y una experiencia del usuario.<\/li>\n<li>Extensos recursos de documentaci\u00f3n y soporte proporcionados para ayudar con la instalaci\u00f3n y la configuraci\u00f3n.<\/li>\n<li>Viene con una variedad de plantillas preconstruidas y contenido de demostraci\u00f3n para ayudar a impulsar el dise\u00f1o de su sitio web.<\/li>\n<\/ul>\n","protected":false},"excerpt":{"rendered":"<p>Perm\u00edtanos presentarle el notable tema de WordPress multiprop\u00f3sito que responde, una soluci\u00f3n incre\u00edblemente adaptable y din\u00e1mica para la creaci\u00f3n de sitios web. Con un dise\u00f1o elegante y contempor\u00e1neo, Salient demuestra ser una opci\u00f3n ideal cuando se trata de mostrar su negocio, blog o cartera. Su dise\u00f1o altamente receptivo garantiza una experiencia visual sobresaliente en todos los dispositivos, y su multitud de caracter\u00edsticas personalizables le brinda la oportunidad de dise\u00f1ar un sitio web que realmente encarna su marca. Elija su extensa variedad de plantillas predise\u00f1adas, o ejercite su creatividad y construya la suya utilizando el constructor de p\u00e1ginas f\u00e1cil de usar. Con saliente a su disposici\u00f3n, el potencial de innovaci\u00f3n y creatividad es realmente ilimitado.<\/p>\n","protected":false},"featured_media":167395,"comment_status":"open","ping_status":"open","template":"","meta":[],"product_brand":[2337],"product_cat":[1239,1237,1238],"product_tag":[1391],"class_list":{"0":"post-121250","1":"product","2":"type-product","3":"status-publish","4":"has-post-thumbnail","6":"product_brand-themeforest","7":"product_cat-de-multiples-fines","8":"product_cat-temas","9":"product_cat-wordpress-temas","10":"product_tag-themeforest","11":"member-discount","12":"discount-restricted","14":"first","15":"instock","16":"sale","17":"downloadable","18":"virtual","19":"sold-individually","20":"purchasable","21":"product-type-simple"},"_links":{"self":[{"href":"https:\/\/gpl-love.com\/es\/wp-json\/wp\/v2\/product\/121250","targetHints":{"allow":["GET"]}}],"collection":[{"href":"https:\/\/gpl-love.com\/es\/wp-json\/wp\/v2\/product"}],"about":[{"href":"https:\/\/gpl-love.com\/es\/wp-json\/wp\/v2\/types\/product"}],"replies":[{"embeddable":true,"href":"https:\/\/gpl-love.com\/es\/wp-json\/wp\/v2\/comments?post=121250"}],"wp:featuredmedia":[{"embeddable":true,"href":"https:\/\/gpl-love.com\/es\/wp-json\/wp\/v2\/media\/167395"}],"wp:attachment":[{"href":"https:\/\/gpl-love.com\/es\/wp-json\/wp\/v2\/media?parent=121250"}],"wp:term":[{"taxonomy":"product_brand","embeddable":true,"href":"https:\/\/gpl-love.com\/es\/wp-json\/wp\/v2\/product_brand?post=121250"},{"taxonomy":"product_cat","embeddable":true,"href":"https:\/\/gpl-love.com\/es\/wp-json\/wp\/v2\/product_cat?post=121250"},{"taxonomy":"product_tag","embeddable":true,"href":"https:\/\/gpl-love.com\/es\/wp-json\/wp\/v2\/product_tag?post=121250"}],"curies":[{"name":"wp","href":"https:\/\/api.w.org\/{rel}","templated":true}]}}