{"id":121246,"date":"2022-07-14T00:00:00","date_gmt":"2022-07-14T05:00:00","guid":{"rendered":"https:\/\/gpl-love.com\/es\/producto\/ronneby-highperformance-wordpress-theme\/"},"modified":"2026-04-10T11:23:33","modified_gmt":"2026-04-10T16:23:33","slug":"ronneby-highperformance-wordpress-theme","status":"publish","type":"product","link":"https:\/\/gpl-love.com\/es\/producto\/ronneby-highperformance-wordpress-theme\/","title":{"rendered":"Ronneby HighPerformance WordPress Theme 3.4.2"},"content":{"rendered":"<h3>Ronneby HighPerformance WordPress Theme Caracteristicas<\/h3>\n<p>El tema de WordPress de alto rendimiento de Ronneby es un tema de sitio web de primer nivel que atiende a empresas de todos los tama\u00f1os. Con un dise\u00f1o elegante y contempor\u00e1neo, permite a los usuarios crear sitios web visualmente cautivadores visualmente. Las excepcionales capacidades de rendimiento de Ronneby aseguran que su sitio web funcione de manera segura y r\u00e1pida, otorgando una experiencia de usuario fluida a sus visitantes. Adem\u00e1s, su dise\u00f1o receptivo garantiza una compatibilidad completa con dispositivos m\u00f3viles, asegurando que su sitio web mantenga su apariencia impresionante, ya sea que se ve en tel\u00e9fonos inteligentes, tabletas o computadoras de escritorio. Con una variedad expansiva de opciones de personalizaci\u00f3n y una variedad de plantillas de demostraci\u00f3n preconstruidas, Ronneby se destaca como un tema vers\u00e1til capaz de atender a cualquier industria, ya sean tiendas de comercio electr\u00f3nico o agencias creativas. En esencia, el tema de WordPress de alto rendimiento de Ronneby sirve como una opci\u00f3n robusta y f\u00e1cil de usar para las personas que buscan establecer una presencia en l\u00ednea profesional y cautivadora.<\/p>\n<ul>\n<li>El dise\u00f1o del tema receptivo garantiza que su sitio web se vea genial en cualquier dispositivo<\/li>\n<li>Soporte incorporado para complementos populares como WooCommerce y Wpbakery<\/li>\n<li>Opciones de personalizaci\u00f3n extensas para el dise\u00f1o y la funcionalidad<\/li>\n<li>Velocidad de carga del sitio de Lightning-Fast gracias al c\u00f3digo optimizado y al almacenamiento en cach\u00e9<\/li>\n<li>Acceso al equipo de soporte dedicado para ayudar con cualquier pregunta o problema<\/li>\n<li>M\u00faltiples plantillas predise\u00f1adas para poner en funcionamiento su sitio r\u00e1pidamente<\/li>\n<li>Actualizaciones regulares y nuevas caracter\u00edsticas agregadas para mantener su sitio actual y competitivo<\/li>\n<li>Dise\u00f1o limpio y moderno que se puede adaptar para adaptarse a cualquier negocio o industria<\/li>\n<li>Opci\u00f3n de importaci\u00f3n de demostraci\u00f3n de un solo clic para optimizar el proceso de configuraci\u00f3n<\/li>\n<li>C\u00f3digo amigable para SEO para ayudar a su sitio a clasificar m\u00e1s alto en los motores de b\u00fasqueda<\/li>\n<li>Integraci\u00f3n con plataformas de redes sociales populares para un f\u00e1cil intercambio social.<\/li>\n<\/ul>\n","protected":false},"excerpt":{"rendered":"<p>El tema de WordPress de alto rendimiento de Ronneby se destaca como un tema notablemente vers\u00e1til y completo que se ha creado meticulosamente espec\u00edficamente para sitios web de WordPress. Ofrece un dise\u00f1o visualmente atractivo y contempor\u00e1neo que es exquisitamente adecuado con el fin de mostrar su empresa, cartera o incluso su blog personal. Con su extensa gama de caracter\u00edsticas potentes, este tema le otorga la capacidad de adaptar sin esfuerzo su sitio web para que coincida con precisi\u00f3n sus requisitos \u00fanicos y preferencias personales. En particular, Ronneby est\u00e1 equipado con una gran cantidad de caracter\u00edsticas notables, incluida la capacidad de importar plantillas de sitio web predise\u00f1adas con un solo clic, un personalizador en vivo para la personalizaci\u00f3n del sitio web en tiempo real, m\u00e1s de cuarenta dise\u00f1os de demostraci\u00f3n distintos, integraci\u00f3n sin costura con el Wpbakery Pageder Bucinder , una multitud de estilos de encabezado y pie de p\u00e1gina seleccionables, y una variedad de otras capacidades excepcionales. Adem\u00e1s, la arquitectura superior de este tema garantiza que su sitio web operar\u00e1 sin problemas y eficientemente, incluso en las circunstancias exigentes del alto tr\u00e1fico del sitio web. En su totalidad, este tema de WordPress, sin duda, representa una opci\u00f3n excepcional para cualquier persona que busque crear un sitio web pulido e impresionante con un esfuerzo m\u00ednimo.<\/p>\n","protected":false},"featured_media":167382,"comment_status":"open","ping_status":"open","template":"","meta":[],"product_brand":[2337],"product_cat":[1245,1237,1238],"product_tag":[1391],"class_list":{"0":"post-121246","1":"product","2":"type-product","3":"status-publish","4":"has-post-thumbnail","6":"product_brand-themeforest","7":"product_cat-blog-revista","8":"product_cat-temas","9":"product_cat-wordpress-temas","10":"product_tag-themeforest","11":"member-discount","12":"discount-restricted","14":"first","15":"instock","16":"sale","17":"downloadable","18":"virtual","19":"sold-individually","20":"purchasable","21":"product-type-simple"},"_links":{"self":[{"href":"https:\/\/gpl-love.com\/es\/wp-json\/wp\/v2\/product\/121246","targetHints":{"allow":["GET"]}}],"collection":[{"href":"https:\/\/gpl-love.com\/es\/wp-json\/wp\/v2\/product"}],"about":[{"href":"https:\/\/gpl-love.com\/es\/wp-json\/wp\/v2\/types\/product"}],"replies":[{"embeddable":true,"href":"https:\/\/gpl-love.com\/es\/wp-json\/wp\/v2\/comments?post=121246"}],"wp:featuredmedia":[{"embeddable":true,"href":"https:\/\/gpl-love.com\/es\/wp-json\/wp\/v2\/media\/167382"}],"wp:attachment":[{"href":"https:\/\/gpl-love.com\/es\/wp-json\/wp\/v2\/media?parent=121246"}],"wp:term":[{"taxonomy":"product_brand","embeddable":true,"href":"https:\/\/gpl-love.com\/es\/wp-json\/wp\/v2\/product_brand?post=121246"},{"taxonomy":"product_cat","embeddable":true,"href":"https:\/\/gpl-love.com\/es\/wp-json\/wp\/v2\/product_cat?post=121246"},{"taxonomy":"product_tag","embeddable":true,"href":"https:\/\/gpl-love.com\/es\/wp-json\/wp\/v2\/product_tag?post=121246"}],"curies":[{"name":"wp","href":"https:\/\/api.w.org\/{rel}","templated":true}]}}